{"id":4461,"date":"2019-05-09T16:36:11","date_gmt":"2019-05-09T16:36:11","guid":{"rendered":"https:\/\/www.openstyle.pt\/politica-de-privacidade\/"},"modified":"2020-03-13T18:17:18","modified_gmt":"2020-03-13T17:17:18","slug":"politique-de-confidentialite","status":"publish","type":"page","link":"https:\/\/www.openstyle.pt\/fr\/politique-de-confidentialite\/","title":{"rendered":"POLITIQUE DE CONFIDENTIALIT\u00c9"},"content":{"rendered":"<section class=\"wpb-content-wrapper\">[vc_row thb_full_width=\u00a0\u00bbtrue\u00a0\u00bb thb_row_padding=\u00a0\u00bbtrue\u00a0\u00bb thb_column_padding=\u00a0\u00bbtrue\u00a0\u00bb thb_scroll_bottom=\u00a0\u00bbtrue\u00a0\u00bb thb_scroll_bottom_style=\u00a0\u00bbstyle3&Prime; thb_scroll_bottom_color=\u00a0\u00bblight\u00a0\u00bb css=\u00a0\u00bb.vc_custom_1557419766904{padding-top: 32vh !important;padding-bottom: 22vh !important;background-color: #181a0b !important;background-position: center !important;background-repeat: no-repeat !important;background-size: cover !important;}\u00a0\u00bb][vc_column thb_color=\u00a0\u00bbthb-light-column\u00a0\u00bb][vc_row_inner][vc_column_inner]\t<div id=\"thb-slidetype-69e9e899ec9b7\" class=\"thb-slidetype \" data-style=\"style3\">\n\t\t\n<h1><span class=\"thb-slidetype-entry\"><span class=\"lines\">| Politique de Confidentialit\u00e9<\/span><\/span><\/h1>\n\t\t\t<\/div>\n  \n  [\/vc_column_inner][\/vc_row_inner][\/vc_column][\/vc_row][vc_row][vc_column][vc_empty_space height=\u00a0\u00bb80px\u00a0\u00bb][\/vc_column][\/vc_row][vc_row][vc_column][vc_column_text]<b><span data-contrast=\"auto\">POLITIQUE DE\u00a0<\/span><\/b><b><span data-contrast=\"auto\">PROTECTION\u00a0<\/span><\/b><b><span data-contrast=\"auto\">DES DONNEES PERSONNELLES<\/span><\/b><span data-ccp-props=\"{&quot;201341983&quot;:0,&quot;335559739&quot;:160,&quot;335559740&quot;:259}\" data-wac-het=\"1\">\u00a0<\/span><\/p>\n<p><span data-contrast=\"auto\">V<\/span><span data-contrast=\"auto\">ous ne devez pas utiliser ce site Web<\/span><span data-contrast=\"auto\">, s<\/span><span data-contrast=\"auto\">i vous n&rsquo;\u00eates pas d&rsquo;accord avec\u00a0<\/span><span data-contrast=\"auto\">son contenu<\/span><span data-contrast=\"auto\">,<\/span><span data-ccp-props=\"{&quot;201341983&quot;:0,&quot;335551550&quot;:6,&quot;335551620&quot;:6,&quot;335559739&quot;:160,&quot;335559740&quot;:259}\" data-wac-het=\"1\">\u00a0<\/span><\/p>\n<p><span data-contrast=\"auto\">Cette politique de\u00a0<\/span><span data-contrast=\"auto\">cookies\u00a0<\/span><span data-contrast=\"auto\">et\u00a0<\/span><span data-contrast=\"auto\">politique<\/span><span data-contrast=\"auto\">\u00a0de confidentialit\u00e9\u00a0<\/span><span data-contrast=\"auto\">d\u00e9fini<\/span><span data-contrast=\"auto\">ssent<\/span><span data-contrast=\"auto\">\u00a0<\/span><span data-contrast=\"auto\">les formes de collecte et\u00a0<\/span><span data-contrast=\"auto\">d&rsquo;utilisation\u00a0<\/span><span data-contrast=\"auto\">des donn\u00e9es personnelles,\u00a0<\/span><span data-contrast=\"auto\">ainsi<\/span><span data-contrast=\"auto\">\u00a0que\u00a0<\/span><span data-contrast=\"auto\">les\u00a0<\/span><span data-contrast=\"auto\">mesures de\u00a0<\/span><span data-contrast=\"auto\">sauvegarde\u00a0<\/span><span data-contrast=\"auto\">et de s\u00e9curit\u00e9 adopt\u00e9es lors de leur\u00a0<\/span><span data-contrast=\"auto\">traitem<\/span><span data-contrast=\"auto\">en<\/span><span data-contrast=\"auto\">t<\/span><span data-contrast=\"auto\">.<\/span><span data-ccp-props=\"{&quot;201341983&quot;:0,&quot;335551550&quot;:6,&quot;335551620&quot;:6,&quot;335559739&quot;:160,&quot;335559740&quot;:259}\" data-wac-het=\"1\">\u00a0<\/span><\/p>\n<p><span data-contrast=\"auto\">OPENSTYLE reconna\u00eet\u00a0<\/span><span data-contrast=\"auto\">l\u2019importance<\/span><span data-contrast=\"auto\">\u00a0de la confidentialit\u00e9. Nous ne vendrons jamais vos informations \u00e0 des tiers,\u00a0<\/span><span data-contrast=\"auto\">qu&rsquo;ils\u00a0<\/span><span data-contrast=\"auto\">s\u2019agisse<\/span><span data-contrast=\"auto\">\u00a0de particuliers ou d<\/span><span data-contrast=\"auto\">\u2019<\/span><span data-contrast=\"auto\">entreprises.<\/span><span data-ccp-props=\"{&quot;201341983&quot;:0,&quot;335551550&quot;:6,&quot;335551620&quot;:6,&quot;335559739&quot;:160,&quot;335559740&quot;:259}\" data-wac-het=\"1\">\u00a0<\/span><\/p>\n<p><span data-contrast=\"auto\">Le site Web www.openstyle.pt\u00a0<\/span><span data-contrast=\"auto\">appartient\u00a0<\/span><span data-contrast=\"auto\">\u00e0 OPENSTYLE,\u00a0<\/span><span data-contrast=\"auto\">ayant son si\u00e8ge<\/span><span data-contrast=\"auto\">\u00a0social<\/span><span data-contrast=\"auto\">\u00a0<\/span><span data-contrast=\"auto\">au n\u00ba35<\/span><span data-contrast=\"auto\">\u00a0Rua Padre\u00a0<\/span><span data-contrast=\"auto\">Manuel<\/span><span data-contrast=\"auto\">\u00a0Ribeiro, 6320-271 Rebolosa, Portugal.<\/span><span data-ccp-props=\"{&quot;201341983&quot;:0,&quot;335551550&quot;:6,&quot;335551620&quot;:6,&quot;335559739&quot;:160,&quot;335559740&quot;:259}\" data-wac-het=\"1\">\u00a0<\/span><\/p>\n<p><b><span data-contrast=\"auto\">UTILISATION\u00a0<\/span><\/b><b><span data-contrast=\"auto\">DE COOKIES<\/span><\/b><span data-ccp-props=\"{&quot;201341983&quot;:0,&quot;335551550&quot;:6,&quot;335551620&quot;:6,&quot;335559739&quot;:160,&quot;335559740&quot;:259}\" data-wac-het=\"1\">\u00a0<\/span><\/p>\n<p><span data-contrast=\"auto\">OPENSTYLE\u00a0<\/span><span data-contrast=\"auto\">utilise des technologies de tra\u00e7ages notamment des cookies pour adapter\u00a0<\/span><span data-contrast=\"auto\">ses publications\u00a0<\/span><span data-contrast=\"auto\">\u00e0\u00a0<\/span><span data-contrast=\"auto\">vos<\/span><span data-contrast=\"auto\">\u00a0besoins et centres d&rsquo;int\u00e9r\u00eat sur no<\/span><span data-contrast=\"auto\">tre<\/span><span data-contrast=\"auto\">\u00a0site<\/span><span data-contrast=\"auto\">. En naviguant sur notre site, vous\u00a0<\/span><span data-contrast=\"auto\">acceptez<\/span><span data-contrast=\"auto\">\u00a0l&rsquo;utilisation de\u00a0<\/span><span data-contrast=\"auto\">cookies<\/span><span data-contrast=\"auto\">.<\/span><span data-ccp-props=\"{&quot;201341983&quot;:0,&quot;335559739&quot;:160,&quot;335559740&quot;:259}\" data-wac-het=\"1\">\u00a0<\/span><\/p>\n<p><b><span data-contrast=\"auto\">POLITIQUE DE COOKIES<\/span><\/b><span data-ccp-props=\"{&quot;201341983&quot;:0,&quot;335551550&quot;:6,&quot;335551620&quot;:6,&quot;335559739&quot;:160,&quot;335559740&quot;:259}\" data-wac-het=\"1\">\u00a0<\/span><\/p>\n<p><span data-contrast=\"auto\">Pour garantir que notre site Web offre une\u00a0<\/span><span data-contrast=\"auto\">meilleure<\/span><span data-contrast=\"auto\">\u00a0exp\u00e9rience de navigation\u00a0<\/span><span data-contrast=\"auto\">\u00e0 ses<\/span><span data-contrast=\"auto\">\u00a0visiteurs et pour fournir un service plus personnalis\u00e9, notre serveur utilise des cookies (petits fichiers d&rsquo;informations) pour collecter et stocker des informations. Si vous le souhaitez, vous pouvez d\u00e9sactiver ce param\u00e8tre dans votre navigateur,\u00a0<\/span><span data-contrast=\"auto\">au risque<\/span><span data-contrast=\"auto\">\u00a0de limiter l&rsquo;acc\u00e8s \u00e0 certaines\u00a0<\/span><span data-contrast=\"auto\">parties<\/span><span data-contrast=\"auto\">\u00a0du site ou de recevoir des informations personnalis\u00e9es.<\/span><span data-ccp-props=\"{&quot;201341983&quot;:0,&quot;335551550&quot;:6,&quot;335551620&quot;:6,&quot;335559739&quot;:160,&quot;335559740&quot;:259}\" data-wac-het=\"1\">\u00a0<\/span><\/p>\n<p><span data-contrast=\"auto\">L&rsquo;utilisation de cookies est une pratique courante dans la plupart des sites afin de<\/span><span data-contrast=\"auto\">\u00a0faire\u00a0<\/span><span data-contrast=\"auto\">gagner du temps \u00e0 l&rsquo;utilisateur et de faciliter la navigation. OPENSTYLE peut utiliser des cookies afin de collecter des informations lors de votre visite sur le site, telles que les zones que vous visitez et les activit\u00e9s auxquelles vous participez. Ces fichiers sont utilis\u00e9s pour emp\u00eacher le visiteur d&rsquo;avoir \u00e0 saisir \u00e0 plusieurs reprises ses informations personnelles, pour faciliter la navigation et la personnalisation du service. Les cookies peuvent \u00eatre utilis\u00e9s pour vous aider dans vos utilisations futures. Une fois que l&rsquo;ordinateur est en mesure d&rsquo;identifier les informations personnelles qui ont d\u00e9j\u00e0 \u00e9t\u00e9 rendues disponibles, il ne vous sera pas demand\u00e9\u00a0<\/span><span data-contrast=\"auto\">\u00e0 nouveau ces<\/span><span data-contrast=\"auto\">\u00a0informations. L&rsquo;utilisateur peut accepter ou supprimer les cookies. La plupart des navigateurs ou des applications de navigation Internet acceptent automatiquement les cookies. Si l&rsquo;utilisateur n&rsquo;a pas l&rsquo;intention d&rsquo;utiliser des cookies, il doit modifier les param\u00e8tres de son navigateur concernant l&rsquo;acceptation ou non des cookies.<\/span><span data-ccp-props=\"{&quot;201341983&quot;:0,&quot;335551550&quot;:6,&quot;335551620&quot;:6,&quot;335559739&quot;:160,&quot;335559740&quot;:259}\" data-wac-het=\"1\">\u00a0<\/span><\/p>\n<p><b><span data-contrast=\"auto\">POLITIQUE DE CONFIDENTIALIT\u00c9<\/span><\/b><span data-ccp-props=\"{&quot;201341983&quot;:0,&quot;335551550&quot;:6,&quot;335551620&quot;:6,&quot;335559739&quot;:160,&quot;335559740&quot;:259}\" data-wac-het=\"1\">\u00a0<\/span><\/p>\n<p><b><span data-contrast=\"auto\">COLLECTE D&rsquo;INFORMATIONS<\/span><\/b><span data-ccp-props=\"{&quot;201341983&quot;:0,&quot;335551550&quot;:6,&quot;335551620&quot;:6,&quot;335559739&quot;:160,&quot;335559740&quot;:259}\" data-wac-het=\"1\">\u00a0<\/span><\/p>\n<p><span data-contrast=\"auto\">Chaque fois que la collecte d&rsquo;informations personnelles est n\u00e9cessaire, l&rsquo;utilisation de ces informations sera effectu\u00e9e conform\u00e9ment aux dispositions de la l\u00e9gislation applicable, le r\u00e8gle<\/span><span data-contrast=\"auto\">me<\/span><span data-contrast=\"auto\">nt (UE)\u00a0<\/span><span data-contrast=\"auto\">2016<\/span><span data-contrast=\"auto\">\/679 du Parlement europ\u00e9en et du Conseil, du 27 avril 2016, est garanti au titulaire le droit d&rsquo;<\/span><span data-contrast=\"auto\">acc\u00e8s, de rectifi<\/span><span data-contrast=\"auto\">ca<\/span><span data-contrast=\"auto\">tion, de suppression, d\u2019opposition, de limitation et de portabilit\u00e9 le cas \u00e9ch\u00e9ant<\/span><span data-contrast=\"auto\">\u00a0de\u00a0<\/span><span data-contrast=\"auto\">ses<\/span><span data-contrast=\"auto\">\u00a0donn\u00e9es personnelles, sur\u00a0<\/span><span data-contrast=\"auto\">simple\u00a0<\/span><span data-contrast=\"auto\">demande \u00e9crite \u00e0 l&rsquo;entit\u00e9 responsable, envoy\u00e9e par\u00a0<\/span><span data-contrast=\"auto\">let<\/span><span data-contrast=\"auto\">t<\/span><span data-contrast=\"auto\">re<\/span><span data-contrast=\"auto\">\u00a0recommand\u00e9\u00a0<\/span><span data-contrast=\"auto\">au n\u00ba 35\u00a0<\/span><span data-contrast=\"auto\">Rua Padre\u00a0<\/span><span data-contrast=\"auto\">Manuel<\/span><span data-contrast=\"auto\">\u00a0Ribeiro<\/span><span data-contrast=\"auto\">,<\/span><span data-contrast=\"auto\">\u00a0<\/span><span data-contrast=\"auto\">6320-271<\/span><span data-contrast=\"auto\">\u00a0Rebolosa, Portugal ou par e-mail \u00e0 geral@openstyle.pt. La personne concern\u00e9e peut \u00e9galement d\u00e9poser une plainte aupr\u00e8s de la CNPD ou d&rsquo;une autre autorit\u00e9 de contr\u00f4le nationale.<\/span><span data-ccp-props=\"{&quot;201341983&quot;:0,&quot;335551550&quot;:6,&quot;335551620&quot;:6,&quot;335559739&quot;:160,&quot;335559740&quot;:259}\" data-wac-het=\"1\">\u00a0<\/span><\/p>\n<p><span data-contrast=\"auto\">Toutes les informations collect\u00e9es sont fournies volontairement via le site Web, des formulaires en ligne, des questionnaires, des promotions de services et \/ ou des loisirs. OPENSTYLE recueille des donn\u00e9es personnelles, telles que les noms, adresses, e-mails, num\u00e9ros de t\u00e9l\u00e9phone, adresse IP, donn\u00e9es\u00a0<\/span><span data-contrast=\"auto\">d\u00e9mographiques\u00a0<\/span><span data-contrast=\"auto\">et de style de vie aux fins \u00e9nonc\u00e9es ci-dessous. L&rsquo;entit\u00e9 responsable de la collecte et du traitement des donn\u00e9es\u00a0<\/span><span data-contrast=\"auto\">personnelles\u00a0<\/span><span data-contrast=\"auto\">est OPENSTYLE.<\/span><span data-ccp-props=\"{&quot;201341983&quot;:0,&quot;335551550&quot;:6,&quot;335551620&quot;:6,&quot;335559739&quot;:160,&quot;335559740&quot;:259}\" data-wac-het=\"1\">\u00a0<\/span><\/p>\n<p><b><span data-contrast=\"auto\">UTILISATION DES INFORMATIONS COLLECT\u00c9ES<\/span><\/b><span data-ccp-props=\"{&quot;201341983&quot;:0,&quot;335551550&quot;:6,&quot;335551620&quot;:6,&quot;335559739&quot;:160,&quot;335559740&quot;:259}\" data-wac-het=\"1\">\u00a0<\/span><\/p>\n<p><span data-contrast=\"auto\">OPENSTYLE\u00a0<\/span><span data-contrast=\"auto\">s&rsquo;engage\u00a0<\/span><span data-contrast=\"auto\">\u00e0 respecter les r\u00e8gles sur le traitement des donn\u00e9es personnelles en vigueur au Portugal.<\/span><span data-ccp-props=\"{&quot;201341983&quot;:0,&quot;335551550&quot;:6,&quot;335551620&quot;:6,&quot;335559739&quot;:160,&quot;335559740&quot;:259}\" data-wac-het=\"1\">\u00a0<\/span><\/p>\n<p><span data-contrast=\"auto\">Les informations obtenues peuvent \u00eatre utilis\u00e9es par OPENSTYLE, pour envoyer des informations sur des actions marketing ou commerciales d\u00e9velopp\u00e9es \u00e0 cet effet.<\/span><span data-ccp-props=\"{&quot;201341983&quot;:0,&quot;335551550&quot;:6,&quot;335551620&quot;:6,&quot;335559739&quot;:160,&quot;335559740&quot;:259}\" data-wac-het=\"1\">\u00a0<\/span><\/p>\n<p><span data-contrast=\"auto\">Les\u00a0<\/span><span data-contrast=\"auto\">donn\u00e9es\u00a0<\/span><span data-contrast=\"auto\">collect\u00e9es\u00a0<\/span><span data-contrast=\"auto\">sont destin\u00e9es exclusivement \u00e0 l&rsquo;usage d&rsquo;OPENSTYLE, afin de suivre les demandes faites via ce site, en\u00a0<\/span><span data-contrast=\"auto\">garantissant\u00a0<\/span><span data-contrast=\"auto\">la confidentialit\u00e9 et<\/span><span data-contrast=\"auto\">\u00a0la\u00a0<\/span><span data-contrast=\"auto\">protection des donn\u00e9es des utilisateurs.<\/span><span data-ccp-props=\"{&quot;201341983&quot;:0,&quot;335551550&quot;:6,&quot;335551620&quot;:6,&quot;335559739&quot;:160,&quot;335559740&quot;:259}\" data-wac-het=\"1\">\u00a0<\/span><\/p>\n<p><span data-contrast=\"auto\">OPENSTYLE peut\u00a0<\/span><span data-contrast=\"auto\">partager<\/span><span data-contrast=\"auto\">\u00a0de<\/span><span data-contrast=\"auto\">s<\/span><span data-contrast=\"auto\">\u00a0donn\u00e9es\u00a0<\/span><span data-contrast=\"auto\">personnelles de l&rsquo;utilisateur\u00a0<\/span><span data-contrast=\"auto\">avec<\/span><span data-contrast=\"auto\">\u00a0d&rsquo;autres soci\u00e9t\u00e9s,\u00a0<\/span><span data-contrast=\"auto\">quand\u00a0<\/span><span data-contrast=\"auto\">elle<\/span><span data-contrast=\"auto\">\u00a0doit le faire pour vous fournir un produit ou un service, \u00e9tant garanti qu&rsquo;il ne s&rsquo;agit\u00a0<\/span><span data-contrast=\"auto\">l\u00e1<\/span><span data-contrast=\"auto\">\u00a0<\/span><span data-contrast=\"auto\">que<\/span><span data-contrast=\"auto\">\u00a0des<\/span><span data-contrast=\"auto\">\u00a0informations minimales n\u00e9cessaires pour satisfaire la demande.<\/span><span data-ccp-props=\"{&quot;201341983&quot;:0,&quot;335551550&quot;:6,&quot;335551620&quot;:6,&quot;335559739&quot;:160,&quot;335559740&quot;:259}\" data-wac-het=\"1\">\u00a0<\/span><\/p>\n<p><b><span data-contrast=\"auto\">DROIT D&rsquo;ACC\u00c8S, DE\u00a0<\/span><\/b><b><span data-contrast=\"auto\">RECTIFICATION<\/span><\/b><b><span data-contrast=\"auto\">,\u00a0<\/span><\/b><b><span data-contrast=\"auto\">DE\u00a0<\/span><\/b><b><span data-contrast=\"auto\">SUPPRESION\u00a0<\/span><\/b><b><span data-contrast=\"auto\">ET<\/span><\/b><b><span data-contrast=\"auto\">\u00a0D&rsquo;OPPOSITION.<\/span><\/b><span data-ccp-props=\"{&quot;201341983&quot;:0,&quot;335559739&quot;:160,&quot;335559740&quot;:259}\" data-wac-het=\"1\">\u00a0<\/span><\/p>\n<p><span data-contrast=\"auto\">Conform\u00e9ment\u00a0<\/span><span data-contrast=\"auto\">\u00e0 la r\u00e8glementation sur la protection des donn\u00e9es personnelles, (UE) 2016\/679 du Parlement\u00a0<\/span><span data-contrast=\"auto\">europ\u00e9en\u00a0<\/span><span data-contrast=\"auto\">et du Conseil du 27 avril 2016, vous pouvez exercer vos droits (acc\u00e8s, rectification, suppression, opposition, limitation et portabilit\u00e9 le cas\u00a0<\/span><span data-contrast=\"auto\">\u00e9ch\u00e9ant) ou<\/span><span data-contrast=\"auto\">\u00a0demander\u00a0<\/span><span data-contrast=\"auto\">sa<\/span><span data-contrast=\"auto\">\u00a0destruction,<\/span><span data-contrast=\"auto\">\u00a0<\/span><span data-contrast=\"auto\">par\u00a0<\/span><span data-contrast=\"auto\">simple\u00a0<\/span><span data-contrast=\"auto\">demande\u00a0<\/span><span data-contrast=\"auto\">\u00e9crite<\/span><span data-contrast=\"auto\">\u00a0adress\u00e9e \u00e0 l&rsquo;adresse\u00a0<\/span><span data-contrast=\"auto\">mail :<\/span><span data-contrast=\"auto\">\u00a0<\/span><a href=\"mailto:geral@openstyle.com\"><span data-contrast=\"none\">geral@openstyle.com<\/span><\/a><span data-ccp-props=\"{&quot;201341983&quot;:0,&quot;335551550&quot;:6,&quot;335551620&quot;:6,&quot;335559739&quot;:160,&quot;335559740&quot;:259}\" data-wac-het=\"1\">\u00a0<\/span><\/p>\n<p><b><span data-contrast=\"auto\">S\u00c9CURIT\u00c9 ET PROTECTION DES DONN\u00c9ES<\/span><\/b><span data-ccp-props=\"{&quot;201341983&quot;:0,&quot;335551550&quot;:6,&quot;335551620&quot;:6,&quot;335559739&quot;:160,&quot;335559740&quot;:259}\" data-wac-het=\"1\">\u00a0<\/span><\/p>\n<p><span data-contrast=\"auto\">OPENSTYLE s&rsquo;engage \u00e0\u00a0<\/span><span data-contrast=\"auto\">adopter l<\/span><span data-contrast=\"auto\">es mesures de s\u00e9curit\u00e9 n\u00e9cessaires pour garantir la protection des donn\u00e9es personnelles des\u00a0<\/span><span data-contrast=\"auto\">utilisateurs<\/span><span data-contrast=\"auto\">\u00a0<\/span><span data-contrast=\"auto\">contre<\/span><span data-contrast=\"auto\">\u00a0d&rsquo;\u00e9ventuels\u00a0<\/span><span data-contrast=\"auto\">abus<\/span><span data-contrast=\"auto\">\u00a0ou acc\u00e8s non autoris\u00e9.<\/span><span data-ccp-props=\"{&quot;201341983&quot;:0,&quot;335551550&quot;:6,&quot;335551620&quot;:6,&quot;335559739&quot;:160,&quot;335559740&quot;:259}\" data-wac-het=\"1\">\u00a0<\/span><\/p>\n<p><span data-contrast=\"auto\">Nonobstant, et\u00a0<\/span><span data-contrast=\"auto\">comme<\/span><span data-contrast=\"auto\">\u00a0Internet n&rsquo;est pas un\u00a0<\/span><span data-contrast=\"auto\">moyen<\/span><span data-contrast=\"auto\">\u00a0de communication 100% s\u00e9curis\u00e9, OPENSTYLE ne peut garantir la s\u00e9curit\u00e9 des informations qu&rsquo;<\/span><span data-contrast=\"auto\">elle<\/span><span data-contrast=\"auto\">\u00a0divulgue en ligne, ni \u00eatre responsable des pertes ou dommages caus\u00e9s \u00e0 l&rsquo;utilisateur du fait de la perte de confidentialit\u00e9 des informations.<\/span><span data-ccp-props=\"{&quot;201341983&quot;:0,&quot;335551550&quot;:6,&quot;335551620&quot;:6,&quot;335559739&quot;:160,&quot;335559740&quot;:259}\" data-wac-het=\"1\">\u00a0<\/span><\/p>\n<p><b><span data-contrast=\"auto\">RESPONSABILIT\u00c9<\/span><\/b><span data-ccp-props=\"{&quot;201341983&quot;:0,&quot;335551550&quot;:6,&quot;335551620&quot;:6,&quot;335559739&quot;:160,&quot;335559740&quot;:259}\" data-wac-het=\"1\">\u00a0<\/span><\/p>\n<p><span data-contrast=\"auto\">Sur cette page Web, les utilisateurs\u00a0<\/span><span data-contrast=\"auto\">peuvent<\/span><span data-contrast=\"auto\">\u00a0trouver des liens qui les redirigent vers d&rsquo;autres pages Web en dehors du domaine des serveurs OPENSTYLE qui peuvent eux-m\u00eames collecter des donn\u00e9es ou demander des informations personnelles. Cette politique de confidentialit\u00e9 ne s&rsquo;applique pas aux sites tiers, vous devez donc lire la politique de confidentialit\u00e9 des sites tiers que vous\u00a0<\/span><span data-contrast=\"auto\">visitez<\/span><span data-contrast=\"auto\">, et nous ne sommes pas responsables du contenu et des\u00a0<\/span><span data-contrast=\"auto\">informations<\/span><span data-contrast=\"auto\">\u00a0pr\u00e9sents sur ces m\u00eames sites.<\/span><span data-ccp-props=\"{&quot;201341983&quot;:0,&quot;335551550&quot;:6,&quot;335551620&quot;:6,&quot;335559739&quot;:160,&quot;335559740&quot;:259}\" data-wac-het=\"1\">\u00a0<\/span><\/p>\n<p><b><span data-contrast=\"auto\">ACCORD DE POLITIQUE DE CONFIDENTIALIT\u00c9<\/span><\/b><span data-ccp-props=\"{&quot;201341983&quot;:0,&quot;335551550&quot;:6,&quot;335551620&quot;:6,&quot;335559739&quot;:160,&quot;335559740&quot;:259}\" data-wac-het=\"1\">\u00a0<\/span><\/p>\n<p><span data-contrast=\"auto\">Il est entendu que l&rsquo;utilisateur accepte les conditions de cette politique de confidentialit\u00e9 lors de la saisie de ses donn\u00e9es. Le\u00a0<\/span><span data-contrast=\"auto\">remplissage\u00a0<\/span><span data-contrast=\"auto\">des formulaires implique le consentement de l&rsquo;utilisateur au traitement et \u00e0 l&rsquo;utilisation automatis\u00e9s des donn\u00e9es conform\u00e9ment aux conditions de confidentialit\u00e9 d\u00e9crites dans ce document.<\/span><span data-ccp-props=\"{&quot;201341983&quot;:0,&quot;335551550&quot;:6,&quot;335551620&quot;:6,&quot;335559739&quot;:160,&quot;335559740&quot;:259}\" data-wac-het=\"1\">\u00a0<\/span><\/p>\n<p><b><span data-contrast=\"auto\">MODIFICATIONS DE LA POLITIQUE DE CONFIDENTIALIT\u00c9<\/span><\/b><span data-ccp-props=\"{&quot;201341983&quot;:0,&quot;335551550&quot;:6,&quot;335551620&quot;:6,&quot;335559739&quot;:160,&quot;335559740&quot;:259}\" data-wac-het=\"1\">\u00a0<\/span><\/p>\n<p><span data-contrast=\"auto\">OPENSTYLE se r\u00e9serve le droit, \u00e0 tout moment, de mettre \u00e0 jour ou de r\u00e9viser cette politique de confidentialit\u00e9 afin de l&rsquo;adapter aux \u00e9ventuelles modifications l\u00e9gislatives et \/ ou autres contraintes. Toutes les modifications apport\u00e9es seront publi\u00e9es dans cet espace, l&rsquo;utilisateur doit\u00a0<\/span><span data-contrast=\"auto\">donc\u00a0<\/span><span data-contrast=\"auto\">visiter cette zone fr\u00e9quemment afin de se tenir inform\u00e9 de la politique de confidentialit\u00e9 en vigueur.<\/span><span data-ccp-props=\"{&quot;201341983&quot;:0,&quot;335551550&quot;:6,&quot;335551620&quot;:6,&quot;335559739&quot;:160,&quot;335559740&quot;:259}\" data-wac-het=\"1\">\u00a0<\/span><\/p>\n<p><span data-contrast=\"auto\">0<\/span><span data-contrast=\"auto\">3<\/span><span data-contrast=\"auto\">-20<\/span><span data-contrast=\"auto\">20<\/span><span data-contrast=\"auto\">\u00a0\u2013 Rebolosa<\/span><span data-ccp-props=\"{&quot;201341983&quot;:0,&quot;335551550&quot;:6,&quot;335551620&quot;:6,&quot;335559739&quot;:160,&quot;335559740&quot;:259}\" data-wac-het=\"1\">\u00a0<\/span>[\/vc_column_text][\/vc_column][\/vc_row][vc_row][vc_column][vc_empty_space height=\u00a0\u00bb80px\u00a0\u00bb][\/vc_column][\/vc_row]\n<\/section>","protected":false},"excerpt":{"rendered":"<p>[vc_row thb_full_width=\u00a0\u00bbtrue\u00a0\u00bb thb_row_padding=\u00a0\u00bbtrue\u00a0\u00bb thb_column_padding=\u00a0\u00bbtrue\u00a0\u00bb thb_scroll_bottom=\u00a0\u00bbtrue\u00a0\u00bb thb_scroll_bottom_style=\u00a0\u00bbstyle3&Prime; thb_scroll_bottom_color=\u00a0\u00bblight\u00a0\u00bb css=\u00a0\u00bb.vc_custom_1557419766904{padding-top: 32vh !important;padding-bottom: 22vh !important;background-color: #181a0b !important;background-position: center !important;background-repeat: no-repeat !important;background-size: cover !important;}\u00a0\u00bb][vc_column thb_color=\u00a0\u00bbthb-light-column\u00a0\u00bb][vc_row_inner][vc_column_inner][\/vc_column_inner][\/vc_row_inner][\/vc_column][\/vc_row][vc_row][vc_column][vc_empty_space height=\u00a0\u00bb80px\u00a0\u00bb][\/vc_column][\/vc_row][vc_row][vc_column][vc_column_text]POLITIQUE DE\u00a0PROTECTION\u00a0DES DONNEES PERSONNELLES\u00a0 Vous ne devez pas utiliser ce site Web, si vous n&rsquo;\u00eates pas d&rsquo;accord avec\u00a0son contenu,\u00a0 Cette politique de\u00a0cookies\u00a0et\u00a0politique\u00a0de confidentialit\u00e9\u00a0d\u00e9finissent\u00a0les formes de collecte et\u00a0d&rsquo;utilisation\u00a0des donn\u00e9es personnelles,\u00a0ainsi\u00a0que\u00a0les\u00a0mesures de\u00a0sauvegarde\u00a0et de s\u00e9curit\u00e9 adopt\u00e9es lors&hellip;<\/p>\n","protected":false},"author":1,"featured_media":0,"parent":0,"menu_order":0,"comment_status":"closed","ping_status":"closed","template":"","meta":{"_mi_skip_tracking":false,"_exactmetrics_sitenote_active":false,"_exactmetrics_sitenote_note":"","_exactmetrics_sitenote_category":0,"footnotes":""},"_links":{"self":[{"href":"https:\/\/www.openstyle.pt\/fr\/wp-json\/wp\/v2\/pages\/4461"}],"collection":[{"href":"https:\/\/www.openstyle.pt\/fr\/wp-json\/wp\/v2\/pages"}],"about":[{"href":"https:\/\/www.openstyle.pt\/fr\/wp-json\/wp\/v2\/types\/page"}],"author":[{"embeddable":true,"href":"https:\/\/www.openstyle.pt\/fr\/wp-json\/wp\/v2\/users\/1"}],"replies":[{"embeddable":true,"href":"https:\/\/www.openstyle.pt\/fr\/wp-json\/wp\/v2\/comments?post=4461"}],"version-history":[{"count":5,"href":"https:\/\/www.openstyle.pt\/fr\/wp-json\/wp\/v2\/pages\/4461\/revisions"}],"predecessor-version":[{"id":4476,"href":"https:\/\/www.openstyle.pt\/fr\/wp-json\/wp\/v2\/pages\/4461\/revisions\/4476"}],"wp:attachment":[{"href":"https:\/\/www.openstyle.pt\/fr\/wp-json\/wp\/v2\/media?parent=4461"}],"curies":[{"name":"wp","href":"https:\/\/api.w.org\/{rel}","templated":true}]}}