{"id":4381,"date":"2019-05-09T16:17:43","date_gmt":"2019-05-09T15:17:43","guid":{"rendered":"https:\/\/www.openstyle.pt\/news\/"},"modified":"2020-03-02T17:43:52","modified_gmt":"2020-03-02T16:43:52","slug":"actualites","status":"publish","type":"page","link":"https:\/\/www.openstyle.pt\/fr\/actualites\/","title":{"rendered":"ACTUALIT\u00c9S"},"content":{"rendered":"<section class=\"wpb-content-wrapper\">[vc_row thb_full_width=\u00a0\u00bbtrue\u00a0\u00bb thb_row_padding=\u00a0\u00bbtrue\u00a0\u00bb thb_column_padding=\u00a0\u00bbtrue\u00a0\u00bb thb_scroll_bottom=\u00a0\u00bbtrue\u00a0\u00bb thb_scroll_bottom_style=\u00a0\u00bbstyle3&Prime; thb_scroll_bottom_color=\u00a0\u00bblight\u00a0\u00bb css=\u00a0\u00bb.vc_custom_1571663301794{padding-top: 32vh !important;padding-bottom: 22vh !important;background: #181a0b url(https:\/\/www.openstyle.pt\/wp-content\/uploads\/2019\/05\/krion1.png?id=229) !important;background-position: center !important;background-repeat: no-repeat !important;background-size: cover !important;}\u00a0\u00bb][vc_column thb_color=\u00a0\u00bbthb-light-column\u00a0\u00bb][vc_row_inner][vc_column_inner]\t<div id=\"thb-slidetype-69e1503bb89b6\" class=\"thb-slidetype \" data-style=\"style3\">\n\t\t\n<h1><span class=\"thb-slidetype-entry\"><span class=\"lines\">| Actualit\u00e9s<\/span><\/span><\/h1>\n\t\t\t<\/div>\n  \n  [\/vc_column_inner][\/vc_row_inner][\/vc_column][\/vc_row][vc_row css=\u00a0\u00bb.vc_custom_1519811089877{padding-top: 15vh !important;}\u00a0\u00bb][vc_column width=\u00a0\u00bb3\/4&Prime; css=\u00a0\u00bb.vc_custom_1519821919830{padding-right: 10% !important;padding-bottom: 15vh !important;}\u00a0\u00bb]\n \t<div id=\"thb-posts-shortcode-69e1503bb8a7a\" class=\"posts-shortcode posts-style3-border  row    \" data-columns=\"1\" data-autoplay=\"\" data-autoplay-speed=\"4000\" data-pagination=\"true\" data-loadmore=\"#loadmore-550\">\n\t\t\t\t\t<div class=\"small-12 columns\">\n<article itemscope itemtype=\"http:\/\/schema.org\/Article\" class=\"post style3 style3-border animation right-to-left post-4291 type-post status-publish format-standard has-post-thumbnail hentry category-non-classifiee tag-black-fr tag-cybersex-fr tag-relationship-fr tag-sexbots-fr\">\n\t<div class=\"row large-padding\">\n\t\t\t\t<div class=\"small-12 large-5 columns\">\n\t\t\t<figure class=\"post-gallery\">\n\t\t\t\t<a href=\"https:\/\/www.openstyle.pt\/fr\/le-chat-arcachon-2019-du-16-05-au-19-05-2019\/\" rel=\"bookmark\" title=\"Le Chat ARCACHON 2019 (du 16\/05 au 19\/05\/2019)\">\n\t\t\t\t\t<img width=\"760\" height=\"700\" src=\"https:\/\/www.openstyle.pt\/wp-content\/uploads\/2019\/06\/arcachon3-760x700.jpg\" class=\"attachment-revolution-square-x2 size-revolution-square-x2 wp-post-image\" alt=\"\" decoding=\"async\" srcset=\"https:\/\/www.openstyle.pt\/wp-content\/uploads\/2019\/06\/arcachon3-760x700.jpg 760w, https:\/\/www.openstyle.pt\/wp-content\/uploads\/2019\/06\/arcachon3-380x350.jpg 380w, https:\/\/www.openstyle.pt\/wp-content\/uploads\/2019\/06\/arcachon3-20x18.jpg 20w\" sizes=\"(max-width: 760px) 100vw, 760px\">\t\t\t\t\t<div class=\"post-gallery-overlay\"><svg xmlns=\"http:\/\/www.w3.org\/2000\/svg\" xmlns:xlink=\"http:\/\/www.w3.org\/1999\/xlink\" x=\"0px\" y=\"0px\"\r\n\t width=\"30px\" height=\"18px\" viewBox=\"0 0 30 18\" enable-background=\"new 0 0 30 18\" xml:space=\"preserve\">\r\n<path class=\"handle\" d=\"M20.305,16.212c-0.407,0.409-0.407,1.071,0,1.479s1.068,0.408,1.476,0l7.914-7.952c0.408-0.409,0.408-1.071,0-1.481\r\n\tl-7.914-7.952c-0.407-0.409-1.068-0.409-1.476,0s-0.407,1.071,0,1.48l7.185,7.221L20.305,16.212z\"\/>\r\n<path class=\"bar\" fill-rule=\"evenodd\" clip-rule=\"evenodd\" d=\"M1,8h28.001c0.551,0,1,0.448,1,1c0,0.553-0.449,1-1,1H1c-0.553,0-1-0.447-1-1\r\n\tC0,8.448,0.447,8,1,8z\"\/>\r\n<\/svg>\r\n<\/div>\n\t\t\t\t<\/a>\n\t\t\t<\/figure>\n\t\t<\/div>\n\t\t\t\t<div class=\"small-12 large-7 columns style3-content\">\n\t\t\t\t\t\t<aside class=\"post-category\">\n\t\t\t\t<a href=\"https:\/\/www.openstyle.pt\/fr\/category\/non-classifiee\/\" rel=\"category tag\">Non classifi\u00e9(e)<\/a>\t\t\t<\/aside>\n\t\t\t\t\t\t<header class=\"post-title entry-header\">\n\t\t\t\t<h3 class=\"entry-title\" itemprop=\"name headline\"><a href=\"https:\/\/www.openstyle.pt\/fr\/le-chat-arcachon-2019-du-16-05-au-19-05-2019\/\" title=\"Le Chat ARCACHON 2019 (du 16\/05 au 19\/05\/2019)\">Le Chat ARCACHON 2019 (du 16\/05 au 19\/05\/2019)<\/a><\/h3>\t\t\t<\/header>\n\t\t\t\t\t\t\t<div class=\"post-content\">\n\t\t\t\t\t<p>[vc_row][vc_column][vc_column_text]De nouveau sur le march\u00e9 fran\u00e7ais, avec le soutien d&rsquo;Alcyon, nous \u00e9tions \u00e0 Arcachon lors&hellip;<\/p>\n\t\t\t\t<\/div>\n\t\t\t\t\t\t\t\t\t<aside class=\"post-meta\">\n\t\t\t\t6 de juin, 2019\t\t\t<\/aside>\n\t\t\t\t\t<\/div>\n\t<\/div>\n\t\t<aside class=\"post-bottom-meta hide\">\n\t\t<strong rel=\"author\" itemprop=\"author\" class=\"author\"><a href=\"https:\/\/www.openstyle.pt\/fr\/author\/lendarius\/\" title=\"Articles par lendarius\" rel=\"author\">lendarius<\/a><\/strong>\n\t\t<time class=\"date published time\" datetime=\"2019-06-06T13:37:21+01:00\" itemprop=\"datePublished\" content=\"2019-06-06T13:37:21+01:00\">2019-06-06T13:37:21+01:00<\/time>\n\t\t<meta itemprop=\"dateModified\" class=\"date updated\" content=\"2020-03-02T17:23:15+00:00\">\n\t\t<span class=\"hide\" itemprop=\"publisher\" itemscope itemtype=\"https:\/\/schema.org\/Organization\">\n\t\t\t<meta itemprop=\"name\" content=\"OpenStyle\">\n\t\t\t<span itemprop=\"logo\" itemscope itemtype=\"https:\/\/schema.org\/ImageObject\">\n\t\t\t\t<meta itemprop=\"url\" content=\"https:\/\/www.openstyle.pt\/wp-content\/uploads\/2019\/05\/logo-1-3.png\">\n\t\t\t<\/span>\n\t\t\t<meta itemprop=\"url\" content=\"https:\/\/www.openstyle.pt\/fr\/\">\n\t\t<\/span>\n\t\t\t\t<span class=\"hide\" itemprop=\"image\" itemscope itemtype=\"http:\/\/schema.org\/ImageObject\">\n\t\t  <meta itemprop=\"url\" content=\"https:\/\/www.openstyle.pt\/wp-content\/uploads\/2019\/06\/arcachon3.jpg\">\n\t\t  <meta itemprop=\"width\" content=\"1177\">\n\t\t  <meta itemprop=\"height\" content=\"883\">\n\t\t<\/span>\n\t\t\t\t<meta itemprop=\"mainEntityOfPage\" content=\"https:\/\/www.openstyle.pt\/fr\/le-chat-arcachon-2019-du-16-05-au-19-05-2019\/\">\n\t<\/aside>\n\t<\/article>\n<\/div>\t\t\t\t\t<div class=\"small-12 columns\">\n<article itemscope itemtype=\"http:\/\/schema.org\/Article\" class=\"post style3 style3-border animation right-to-left post-4300 type-post status-publish format-standard has-post-thumbnail hentry category-non-classifiee tag-black-fr tag-cybersex-fr tag-relationship-fr tag-sexbots-fr\">\n\t<div class=\"row large-padding\">\n\t\t\t\t<div class=\"small-12 large-5 columns\">\n\t\t\t<figure class=\"post-gallery\">\n\t\t\t\t<a href=\"https:\/\/www.openstyle.pt\/fr\/iberzoo-propet-2019-madrid-du-21-03-au-23-03-2019\/\" rel=\"bookmark\" title=\"IBERZOO + PROPET 2019, Madrid (du 21\/03 au 23\/03\/2019)\">\n\t\t\t\t\t<img width=\"707\" height=\"700\" src=\"https:\/\/www.openstyle.pt\/wp-content\/uploads\/2019\/06\/iberzoo2-707x700.jpg\" class=\"attachment-revolution-square-x2 size-revolution-square-x2 wp-post-image\" alt=\"\" decoding=\"async\" srcset=\"https:\/\/www.openstyle.pt\/wp-content\/uploads\/2019\/06\/iberzoo2-707x700.jpg 707w, https:\/\/www.openstyle.pt\/wp-content\/uploads\/2019\/06\/iberzoo2-150x150.jpg 150w, https:\/\/www.openstyle.pt\/wp-content\/uploads\/2019\/06\/iberzoo2-100x100.jpg 100w, https:\/\/www.openstyle.pt\/wp-content\/uploads\/2019\/06\/iberzoo2-20x20.jpg 20w\" sizes=\"(max-width: 707px) 100vw, 707px\">\t\t\t\t\t<div class=\"post-gallery-overlay\"><svg xmlns=\"http:\/\/www.w3.org\/2000\/svg\" xmlns:xlink=\"http:\/\/www.w3.org\/1999\/xlink\" x=\"0px\" y=\"0px\"\r\n\t width=\"30px\" height=\"18px\" viewBox=\"0 0 30 18\" enable-background=\"new 0 0 30 18\" xml:space=\"preserve\">\r\n<path class=\"handle\" d=\"M20.305,16.212c-0.407,0.409-0.407,1.071,0,1.479s1.068,0.408,1.476,0l7.914-7.952c0.408-0.409,0.408-1.071,0-1.481\r\n\tl-7.914-7.952c-0.407-0.409-1.068-0.409-1.476,0s-0.407,1.071,0,1.48l7.185,7.221L20.305,16.212z\"\/>\r\n<path class=\"bar\" fill-rule=\"evenodd\" clip-rule=\"evenodd\" d=\"M1,8h28.001c0.551,0,1,0.448,1,1c0,0.553-0.449,1-1,1H1c-0.553,0-1-0.447-1-1\r\n\tC0,8.448,0.447,8,1,8z\"\/>\r\n<\/svg>\r\n<\/div>\n\t\t\t\t<\/a>\n\t\t\t<\/figure>\n\t\t<\/div>\n\t\t\t\t<div class=\"small-12 large-7 columns style3-content\">\n\t\t\t\t\t\t<aside class=\"post-category\">\n\t\t\t\t<a href=\"https:\/\/www.openstyle.pt\/fr\/category\/non-classifiee\/\" rel=\"category tag\">Non classifi\u00e9(e)<\/a>\t\t\t<\/aside>\n\t\t\t\t\t\t<header class=\"post-title entry-header\">\n\t\t\t\t<h3 class=\"entry-title\" itemprop=\"name headline\"><a href=\"https:\/\/www.openstyle.pt\/fr\/iberzoo-propet-2019-madrid-du-21-03-au-23-03-2019\/\" title=\"IBERZOO + PROPET 2019, Madrid (du 21\/03 au 23\/03\/2019)\">IBERZOO + PROPET 2019, Madrid (du 21\/03 au 23\/03\/2019)<\/a><\/h3>\t\t\t<\/header>\n\t\t\t\t\t\t\t<div class=\"post-content\">\n\t\t\t\t\t<p>[vc_row][vc_column][vc_column_text]Pour pr\u00e9senter les nouveaut\u00e9s dans le monde v\u00e9t\u00e9rinaire en Espagne, en ce qui concerne les&hellip;<\/p>\n\t\t\t\t<\/div>\n\t\t\t\t\t\t\t\t\t<aside class=\"post-meta\">\n\t\t\t\t6 de juin, 2019\t\t\t<\/aside>\n\t\t\t\t\t<\/div>\n\t<\/div>\n\t\t<aside class=\"post-bottom-meta hide\">\n\t\t<strong rel=\"author\" itemprop=\"author\" class=\"author\"><a href=\"https:\/\/www.openstyle.pt\/fr\/author\/lendarius\/\" title=\"Articles par lendarius\" rel=\"author\">lendarius<\/a><\/strong>\n\t\t<time class=\"date published time\" datetime=\"2019-06-06T13:33:24+01:00\" itemprop=\"datePublished\" content=\"2019-06-06T13:33:24+01:00\">2019-06-06T13:33:24+01:00<\/time>\n\t\t<meta itemprop=\"dateModified\" class=\"date updated\" content=\"2020-03-02T17:27:12+00:00\">\n\t\t<span class=\"hide\" itemprop=\"publisher\" itemscope itemtype=\"https:\/\/schema.org\/Organization\">\n\t\t\t<meta itemprop=\"name\" content=\"OpenStyle\">\n\t\t\t<span itemprop=\"logo\" itemscope itemtype=\"https:\/\/schema.org\/ImageObject\">\n\t\t\t\t<meta itemprop=\"url\" content=\"https:\/\/www.openstyle.pt\/wp-content\/uploads\/2019\/05\/logo-1-3.png\">\n\t\t\t<\/span>\n\t\t\t<meta itemprop=\"url\" content=\"https:\/\/www.openstyle.pt\/fr\/\">\n\t\t<\/span>\n\t\t\t\t<span class=\"hide\" itemprop=\"image\" itemscope itemtype=\"http:\/\/schema.org\/ImageObject\">\n\t\t  <meta itemprop=\"url\" content=\"https:\/\/www.openstyle.pt\/wp-content\/uploads\/2019\/06\/iberzoo2.jpg\">\n\t\t  <meta itemprop=\"width\" content=\"707\">\n\t\t  <meta itemprop=\"height\" content=\"943\">\n\t\t<\/span>\n\t\t\t\t<meta itemprop=\"mainEntityOfPage\" content=\"https:\/\/www.openstyle.pt\/fr\/iberzoo-propet-2019-madrid-du-21-03-au-23-03-2019\/\">\n\t<\/aside>\n\t<\/article>\n<\/div>\t\t\t\t\t<div class=\"small-12 columns\">\n<article itemscope itemtype=\"http:\/\/schema.org\/Article\" class=\"post style3 style3-border animation right-to-left post-4309 type-post status-publish format-standard has-post-thumbnail hentry category-non-classifiee tag-black-fr tag-cybersex-fr tag-relationship-fr tag-sexbots-fr\">\n\t<div class=\"row large-padding\">\n\t\t\t\t<div class=\"small-12 large-5 columns\">\n\t\t\t<figure class=\"post-gallery\">\n\t\t\t\t<a href=\"https:\/\/www.openstyle.pt\/fr\/xv-congres-de-lhopital-veterinario-montenegro-du-22-02-au-24-02-2019\/\" rel=\"bookmark\" title=\"XV CONGR\u00c8S DE L&rsquo;H\u00d4PITAL VETERINARIO MONTENEGRO (du 22\/02 au 24\/02\/2019)\">\n\t\t\t\t\t<img width=\"760\" height=\"700\" src=\"https:\/\/www.openstyle.pt\/wp-content\/uploads\/2019\/06\/ge-760x700.jpg\" class=\"attachment-revolution-square-x2 size-revolution-square-x2 wp-post-image\" alt=\"\" decoding=\"async\" srcset=\"https:\/\/www.openstyle.pt\/wp-content\/uploads\/2019\/06\/ge-760x700.jpg 760w, https:\/\/www.openstyle.pt\/wp-content\/uploads\/2019\/06\/ge-380x350.jpg 380w, https:\/\/www.openstyle.pt\/wp-content\/uploads\/2019\/06\/ge-20x18.jpg 20w\" sizes=\"(max-width: 760px) 100vw, 760px\">\t\t\t\t\t<div class=\"post-gallery-overlay\"><svg xmlns=\"http:\/\/www.w3.org\/2000\/svg\" xmlns:xlink=\"http:\/\/www.w3.org\/1999\/xlink\" x=\"0px\" y=\"0px\"\r\n\t width=\"30px\" height=\"18px\" viewBox=\"0 0 30 18\" enable-background=\"new 0 0 30 18\" xml:space=\"preserve\">\r\n<path class=\"handle\" d=\"M20.305,16.212c-0.407,0.409-0.407,1.071,0,1.479s1.068,0.408,1.476,0l7.914-7.952c0.408-0.409,0.408-1.071,0-1.481\r\n\tl-7.914-7.952c-0.407-0.409-1.068-0.409-1.476,0s-0.407,1.071,0,1.48l7.185,7.221L20.305,16.212z\"\/>\r\n<path class=\"bar\" fill-rule=\"evenodd\" clip-rule=\"evenodd\" d=\"M1,8h28.001c0.551,0,1,0.448,1,1c0,0.553-0.449,1-1,1H1c-0.553,0-1-0.447-1-1\r\n\tC0,8.448,0.447,8,1,8z\"\/>\r\n<\/svg>\r\n<\/div>\n\t\t\t\t<\/a>\n\t\t\t<\/figure>\n\t\t<\/div>\n\t\t\t\t<div class=\"small-12 large-7 columns style3-content\">\n\t\t\t\t\t\t<aside class=\"post-category\">\n\t\t\t\t<a href=\"https:\/\/www.openstyle.pt\/fr\/category\/non-classifiee\/\" rel=\"category tag\">Non classifi\u00e9(e)<\/a>\t\t\t<\/aside>\n\t\t\t\t\t\t<header class=\"post-title entry-header\">\n\t\t\t\t<h3 class=\"entry-title\" itemprop=\"name headline\"><a href=\"https:\/\/www.openstyle.pt\/fr\/xv-congres-de-lhopital-veterinario-montenegro-du-22-02-au-24-02-2019\/\" title=\"XV CONGR\u00c8S DE L&rsquo;H\u00d4PITAL VETERINARIO MONTENEGRO (du 22\/02 au 24\/02\/2019)\">XV CONGR\u00c8S DE L&rsquo;H\u00d4PITAL VETERINARIO MONTENEGRO (du 22\/02 au 24\/02\/2019)<\/a><\/h3>\t\t\t<\/header>\n\t\t\t\t\t\t\t<div class=\"post-content\">\n\t\t\t\t\t<p>[vc_row][vc_column][vc_column_text]Rencontre de v\u00e9t\u00e9rinaires de renom au Portugal, le Congr\u00e8s du Mont\u00e9n\u00e9gro a \u00e9t\u00e9 l&rsquo;\u00e9v\u00e9nement choisi&hellip;<\/p>\n\t\t\t\t<\/div>\n\t\t\t\t\t\t\t\t\t<aside class=\"post-meta\">\n\t\t\t\t6 de juin, 2019\t\t\t<\/aside>\n\t\t\t\t\t<\/div>\n\t<\/div>\n\t\t<aside class=\"post-bottom-meta hide\">\n\t\t<strong rel=\"author\" itemprop=\"author\" class=\"author\"><a href=\"https:\/\/www.openstyle.pt\/fr\/author\/lendarius\/\" title=\"Articles par lendarius\" rel=\"author\">lendarius<\/a><\/strong>\n\t\t<time class=\"date published time\" datetime=\"2019-06-06T13:27:18+01:00\" itemprop=\"datePublished\" content=\"2019-06-06T13:27:18+01:00\">2019-06-06T13:27:18+01:00<\/time>\n\t\t<meta itemprop=\"dateModified\" class=\"date updated\" content=\"2020-03-02T17:31:51+00:00\">\n\t\t<span class=\"hide\" itemprop=\"publisher\" itemscope itemtype=\"https:\/\/schema.org\/Organization\">\n\t\t\t<meta itemprop=\"name\" content=\"OpenStyle\">\n\t\t\t<span itemprop=\"logo\" itemscope itemtype=\"https:\/\/schema.org\/ImageObject\">\n\t\t\t\t<meta itemprop=\"url\" content=\"https:\/\/www.openstyle.pt\/wp-content\/uploads\/2019\/05\/logo-1-3.png\">\n\t\t\t<\/span>\n\t\t\t<meta itemprop=\"url\" content=\"https:\/\/www.openstyle.pt\/fr\/\">\n\t\t<\/span>\n\t\t\t\t<span class=\"hide\" itemprop=\"image\" itemscope itemtype=\"http:\/\/schema.org\/ImageObject\">\n\t\t  <meta itemprop=\"url\" content=\"https:\/\/www.openstyle.pt\/wp-content\/uploads\/2019\/06\/ge.jpg\">\n\t\t  <meta itemprop=\"width\" content=\"1251\">\n\t\t  <meta itemprop=\"height\" content=\"919\">\n\t\t<\/span>\n\t\t\t\t<meta itemprop=\"mainEntityOfPage\" content=\"https:\/\/www.openstyle.pt\/fr\/xv-congres-de-lhopital-veterinario-montenegro-du-22-02-au-24-02-2019\/\">\n\t<\/aside>\n\t<\/article>\n<\/div>\t\t\t\t\t<div class=\"small-12 columns\">\n<article itemscope itemtype=\"http:\/\/schema.org\/Article\" class=\"post style3 style3-border animation right-to-left post-4345 type-post status-publish format-standard has-post-thumbnail hentry category-non-classifiee tag-black-fr tag-cybersex-fr tag-relationship-fr tag-sexbots-fr\">\n\t<div class=\"row large-padding\">\n\t\t\t\t<div class=\"small-12 large-5 columns\">\n\t\t\t<figure class=\"post-gallery\">\n\t\t\t\t<a href=\"https:\/\/www.openstyle.pt\/fr\/afvac-le-congres-marseille-2018-du-29-11-au-12-01-2018\/\" rel=\"bookmark\" title=\"AFVAC le Congr\u00e8s MARSEILLE 2018 (du 29\/11 au 12\/01\/2018)\">\n\t\t\t\t\t<img width=\"663\" height=\"700\" src=\"https:\/\/www.openstyle.pt\/wp-content\/uploads\/2018\/01\/marseille1-1-663x700.jpg\" class=\"attachment-revolution-square-x2 size-revolution-square-x2 wp-post-image\" alt=\"\" decoding=\"async\" srcset=\"https:\/\/www.openstyle.pt\/wp-content\/uploads\/2018\/01\/marseille1-1-663x700.jpg 663w, https:\/\/www.openstyle.pt\/wp-content\/uploads\/2018\/01\/marseille1-1-20x20.jpg 20w\" sizes=\"(max-width: 663px) 100vw, 663px\">\t\t\t\t\t<div class=\"post-gallery-overlay\"><svg xmlns=\"http:\/\/www.w3.org\/2000\/svg\" xmlns:xlink=\"http:\/\/www.w3.org\/1999\/xlink\" x=\"0px\" y=\"0px\"\r\n\t width=\"30px\" height=\"18px\" viewBox=\"0 0 30 18\" enable-background=\"new 0 0 30 18\" xml:space=\"preserve\">\r\n<path class=\"handle\" d=\"M20.305,16.212c-0.407,0.409-0.407,1.071,0,1.479s1.068,0.408,1.476,0l7.914-7.952c0.408-0.409,0.408-1.071,0-1.481\r\n\tl-7.914-7.952c-0.407-0.409-1.068-0.409-1.476,0s-0.407,1.071,0,1.48l7.185,7.221L20.305,16.212z\"\/>\r\n<path class=\"bar\" fill-rule=\"evenodd\" clip-rule=\"evenodd\" d=\"M1,8h28.001c0.551,0,1,0.448,1,1c0,0.553-0.449,1-1,1H1c-0.553,0-1-0.447-1-1\r\n\tC0,8.448,0.447,8,1,8z\"\/>\r\n<\/svg>\r\n<\/div>\n\t\t\t\t<\/a>\n\t\t\t<\/figure>\n\t\t<\/div>\n\t\t\t\t<div class=\"small-12 large-7 columns style3-content\">\n\t\t\t\t\t\t<aside class=\"post-category\">\n\t\t\t\t<a href=\"https:\/\/www.openstyle.pt\/fr\/category\/non-classifiee\/\" rel=\"category tag\">Non classifi\u00e9(e)<\/a>\t\t\t<\/aside>\n\t\t\t\t\t\t<header class=\"post-title entry-header\">\n\t\t\t\t<h3 class=\"entry-title\" itemprop=\"name headline\"><a href=\"https:\/\/www.openstyle.pt\/fr\/afvac-le-congres-marseille-2018-du-29-11-au-12-01-2018\/\" title=\"AFVAC le Congr\u00e8s MARSEILLE 2018 (du 29\/11 au 12\/01\/2018)\">AFVAC le Congr\u00e8s MARSEILLE 2018 (du 29\/11 au 12\/01\/2018)<\/a><\/h3>\t\t\t<\/header>\n\t\t\t\t\t\t\t<div class=\"post-content\">\n\t\t\t\t\t<p>[vc_row][vc_column][vc_column_text]Premier style au congr\u00e8s v\u00e9t\u00e9rinaire fran\u00e7ais organis\u00e9 par l&rsquo;AFVAC, invit\u00e9 par le centre de distribution&hellip;<\/p>\n\t\t\t\t<\/div>\n\t\t\t\t\t\t\t\t\t<aside class=\"post-meta\">\n\t\t\t\t15 de janvier, 2018\t\t\t<\/aside>\n\t\t\t\t\t<\/div>\n\t<\/div>\n\t\t<aside class=\"post-bottom-meta hide\">\n\t\t<strong rel=\"author\" itemprop=\"author\" class=\"author\"><a href=\"https:\/\/www.openstyle.pt\/fr\/author\/lendarius\/\" title=\"Articles par lendarius\" rel=\"author\">lendarius<\/a><\/strong>\n\t\t<time class=\"date published time\" datetime=\"2018-01-15T15:30:21+00:00\" itemprop=\"datePublished\" content=\"2018-01-15T15:30:21+00:00\">2018-01-15T15:30:21+00:00<\/time>\n\t\t<meta itemprop=\"dateModified\" class=\"date updated\" content=\"2020-03-02T17:34:24+00:00\">\n\t\t<span class=\"hide\" itemprop=\"publisher\" itemscope itemtype=\"https:\/\/schema.org\/Organization\">\n\t\t\t<meta itemprop=\"name\" content=\"OpenStyle\">\n\t\t\t<span itemprop=\"logo\" itemscope itemtype=\"https:\/\/schema.org\/ImageObject\">\n\t\t\t\t<meta itemprop=\"url\" content=\"https:\/\/www.openstyle.pt\/wp-content\/uploads\/2019\/05\/logo-1-3.png\">\n\t\t\t<\/span>\n\t\t\t<meta itemprop=\"url\" content=\"https:\/\/www.openstyle.pt\/fr\/\">\n\t\t<\/span>\n\t\t\t\t<span class=\"hide\" itemprop=\"image\" itemscope itemtype=\"http:\/\/schema.org\/ImageObject\">\n\t\t  <meta itemprop=\"url\" content=\"https:\/\/www.openstyle.pt\/wp-content\/uploads\/2018\/01\/marseille1-1.jpg\">\n\t\t  <meta itemprop=\"width\" content=\"663\">\n\t\t  <meta itemprop=\"height\" content=\"884\">\n\t\t<\/span>\n\t\t\t\t<meta itemprop=\"mainEntityOfPage\" content=\"https:\/\/www.openstyle.pt\/fr\/afvac-le-congres-marseille-2018-du-29-11-au-12-01-2018\/\">\n\t<\/aside>\n\t<\/article>\n<\/div>\t\t\t<\/div>\n\t\t[\/vc_column][vc_column fixed=\u00a0\u00bbthb-fixed\u00a0\u00bb width=\u00a0\u00bb1\/4&Prime; css=\u00a0\u00bb.vc_custom_1519821926194{padding-bottom: 15vh !important;}\u00a0\u00bb][vc_widget_sidebar sidebar_id=\u00a0\u00bbsingle\u00a0\u00bb][\/vc_column][\/vc_row][vc_row][vc_column][vc_empty_space height=\u00a0\u00bb80px\u00a0\u00bb][\/vc_column][\/vc_row]\n<\/section>","protected":false},"excerpt":{"rendered":"<p>[vc_row thb_full_width=\u00a0\u00bbtrue\u00a0\u00bb thb_row_padding=\u00a0\u00bbtrue\u00a0\u00bb thb_column_padding=\u00a0\u00bbtrue\u00a0\u00bb thb_scroll_bottom=\u00a0\u00bbtrue\u00a0\u00bb thb_scroll_bottom_style=\u00a0\u00bbstyle3&Prime; thb_scroll_bottom_color=\u00a0\u00bblight\u00a0\u00bb css=\u00a0\u00bb.vc_custom_1571663301794{padding-top: 32vh !important;padding-bottom: 22vh !important;background: #181a0b url(https:\/\/www.openstyle.pt\/wp-content\/uploads\/2019\/05\/krion1.png?id=229) !important;background-position:&hellip;<\/p>\n","protected":false},"author":1,"featured_media":0,"parent":0,"menu_order":0,"comment_status":"closed","ping_status":"closed","template":"","meta":{"_mi_skip_tracking":false,"_exactmetrics_sitenote_active":false,"_exactmetrics_sitenote_note":"","_exactmetrics_sitenote_category":0,"footnotes":""},"_links":{"self":[{"href":"https:\/\/www.openstyle.pt\/fr\/wp-json\/wp\/v2\/pages\/4381"}],"collection":[{"href":"https:\/\/www.openstyle.pt\/fr\/wp-json\/wp\/v2\/pages"}],"about":[{"href":"https:\/\/www.openstyle.pt\/fr\/wp-json\/wp\/v2\/types\/page"}],"author":[{"embeddable":true,"href":"https:\/\/www.openstyle.pt\/fr\/wp-json\/wp\/v2\/users\/1"}],"replies":[{"embeddable":true,"href":"https:\/\/www.openstyle.pt\/fr\/wp-json\/wp\/v2\/comments?post=4381"}],"version-history":[{"count":4,"href":"https:\/\/www.openstyle.pt\/fr\/wp-json\/wp\/v2\/pages\/4381\/revisions"}],"predecessor-version":[{"id":4389,"href":"https:\/\/www.openstyle.pt\/fr\/wp-json\/wp\/v2\/pages\/4381\/revisions\/4389"}],"wp:attachment":[{"href":"https:\/\/www.openstyle.pt\/fr\/wp-json\/wp\/v2\/media?parent=4381"}],"curies":[{"name":"wp","href":"https:\/\/api.w.org\/{rel}","templated":true}]}}