{"id":4276,"date":"2019-05-03T13:28:42","date_gmt":"2019-05-03T13:28:42","guid":{"rendered":"https:\/\/www.openstyle.pt\/sun-energy\/"},"modified":"2020-03-02T17:14:51","modified_gmt":"2020-03-02T16:14:51","slug":"energie-solaire","status":"publish","type":"page","link":"https:\/\/www.openstyle.pt\/fr\/energie-solaire\/","title":{"rendered":"\u00c9NERGIE SOLAIRE"},"content":{"rendered":"<section class=\"wpb-content-wrapper\">[vc_row thb_full_width=\u00a0\u00bbtrue\u00a0\u00bb thb_row_padding=\u00a0\u00bbtrue\u00a0\u00bb thb_column_padding=\u00a0\u00bbtrue\u00a0\u00bb thb_scroll_bottom=\u00a0\u00bbtrue\u00a0\u00bb thb_scroll_bottom_style=\u00a0\u00bbstyle3&Prime; thb_scroll_bottom_color=\u00a0\u00bblight\u00a0\u00bb css=\u00a0\u00bb.vc_custom_1559749817180{padding-top: 32vh !important;padding-bottom: 22vh !important;background: #181a0b url(https:\/\/www.openstyle.pt\/wp-content\/uploads\/2019\/06\/solar.jpg?id=1653) !important;background-position: center !important;background-repeat: no-repeat !important;background-size: cover !important;}\u00a0\u00bb][vc_column thb_color=\u00a0\u00bbthb-light-column\u00a0\u00bb][vc_row_inner][vc_column_inner]\t<div id=\"thb-slidetype-69ee4cff7d212\" class=\"thb-slidetype \" data-style=\"style3\">\n\t\t\n<h1><span class=\"thb-slidetype-entry\"><span class=\"lines\">| \u00c9nergie Solaire<\/span><\/span><\/h1>\n\t\t\t<\/div>\n  \n  [vc_column_text animation=\u00a0\u00bbanimation bottom-to-top\u00a0\u00bb]\n<h3><\/h3>\n[\/vc_column_text]\t<a id=\"thb-button-69ee4cff7d2a0\" class=\"btn style2 medium  white no-radius animation bottom-to-top scroll-bottom  \" href=\"#\" target=\"_self\" role=\"button\">\n\t\t\t  <span>EN SAVOIR PLUS<\/span><\/a>\n    [\/vc_column_inner][\/vc_row_inner][\/vc_column][\/vc_row][vc_row][vc_column][vc_empty_space height=\u00a0\u00bb150px\u00a0\u00bb][\/vc_column][\/vc_row][vc_row][vc_column][vc_column_text]\n<h2 style=\"color: #000000; opacity: 0.38;\">\u00c9quilibre et nature.<\/h2>\n[\/vc_column_text][\/vc_column][\/vc_row][vc_row][vc_column width=\u00a0\u00bb1\/2&Prime;][vc_column_text]En qu\u00eate d&rsquo;\u00e9quilibre avec la Nature, nous misons sur les \u00e9nergies renouvelables.<\/p>\n<p>La production d&rsquo;\u00e9nergie solaire est l&rsquo;un des domaines d&rsquo;intervention de notre entreprise.[\/vc_column_text][vc_column_text]En transformant proprement la lumi\u00e8re du soleil en \u00e9lectricit\u00e9, nous contribuons \u00e0 pr\u00e9server l&rsquo;environnement.<br \/>\n\u2026 Parce que la sant\u00e9 des g\u00e9n\u00e9rations futures nous concerne![\/vc_column_text][\/vc_column][vc_column width=\u00a0\u00bb1\/2&Prime;][\/vc_column][\/vc_row][vc_row][vc_column][vc_empty_space height=\u00a0\u00bb80px\u00a0\u00bb][\/vc_column][\/vc_row]\n<\/section>","protected":false},"excerpt":{"rendered":"<p>[vc_row thb_full_width=\u00a0\u00bbtrue\u00a0\u00bb thb_row_padding=\u00a0\u00bbtrue\u00a0\u00bb thb_column_padding=\u00a0\u00bbtrue\u00a0\u00bb thb_scroll_bottom=\u00a0\u00bbtrue\u00a0\u00bb thb_scroll_bottom_style=\u00a0\u00bbstyle3&Prime; thb_scroll_bottom_color=\u00a0\u00bblight\u00a0\u00bb css=\u00a0\u00bb.vc_custom_1559749817180{padding-top: 32vh !important;padding-bottom: 22vh !important;background: #181a0b url(https:\/\/www.openstyle.pt\/wp-content\/uploads\/2019\/06\/solar.jpg?id=1653) !important;background-position: center !important;background-repeat: no-repeat !important;background-size: cover !important;}\u00a0\u00bb][vc_column thb_color=\u00a0\u00bbthb-light-column\u00a0\u00bb][vc_row_inner][vc_column_inner][vc_column_text animation=\u00a0\u00bbanimation bottom-to-top\u00a0\u00bb] [\/vc_column_text][\/vc_column_inner][\/vc_row_inner][\/vc_column][\/vc_row][vc_row][vc_column][vc_empty_space height=\u00a0\u00bb150px\u00a0\u00bb][\/vc_column][\/vc_row][vc_row][vc_column][vc_column_text] \u00c9quilibre et nature. [\/vc_column_text][\/vc_column][\/vc_row][vc_row][vc_column width=\u00a0\u00bb1\/2&Prime;][vc_column_text]En qu\u00eate d&rsquo;\u00e9quilibre avec la Nature, nous misons sur les \u00e9nergies renouvelables. La production d&rsquo;\u00e9nergie solaire est l&rsquo;un des domaines d&rsquo;intervention de notre entreprise.[\/vc_column_text][vc_column_text]En transformant&hellip;<\/p>\n","protected":false},"author":1,"featured_media":0,"parent":0,"menu_order":0,"comment_status":"closed","ping_status":"closed","template":"","meta":{"_mi_skip_tracking":false,"_exactmetrics_sitenote_active":false,"_exactmetrics_sitenote_note":"","_exactmetrics_sitenote_category":0,"footnotes":""},"_links":{"self":[{"href":"https:\/\/www.openstyle.pt\/fr\/wp-json\/wp\/v2\/pages\/4276"}],"collection":[{"href":"https:\/\/www.openstyle.pt\/fr\/wp-json\/wp\/v2\/pages"}],"about":[{"href":"https:\/\/www.openstyle.pt\/fr\/wp-json\/wp\/v2\/types\/page"}],"author":[{"embeddable":true,"href":"https:\/\/www.openstyle.pt\/fr\/wp-json\/wp\/v2\/users\/1"}],"replies":[{"embeddable":true,"href":"https:\/\/www.openstyle.pt\/fr\/wp-json\/wp\/v2\/comments?post=4276"}],"version-history":[{"count":3,"href":"https:\/\/www.openstyle.pt\/fr\/wp-json\/wp\/v2\/pages\/4276\/revisions"}],"predecessor-version":[{"id":4287,"href":"https:\/\/www.openstyle.pt\/fr\/wp-json\/wp\/v2\/pages\/4276\/revisions\/4287"}],"wp:attachment":[{"href":"https:\/\/www.openstyle.pt\/fr\/wp-json\/wp\/v2\/media?parent=4276"}],"curies":[{"name":"wp","href":"https:\/\/api.w.org\/{rel}","templated":true}]}}