{"id":4217,"date":"2019-05-02T17:14:36","date_gmt":"2019-05-02T17:14:36","guid":{"rendered":"https:\/\/www.openstyle.pt\/farming\/"},"modified":"2020-03-02T17:08:22","modified_gmt":"2020-03-02T16:08:22","slug":"agriculture","status":"publish","type":"page","link":"https:\/\/www.openstyle.pt\/fr\/agriculture\/","title":{"rendered":"AGRICULTURE"},"content":{"rendered":"<section class=\"wpb-content-wrapper\">[vc_row thb_full_width=\u00a0\u00bbtrue\u00a0\u00bb thb_row_padding=\u00a0\u00bbtrue\u00a0\u00bb thb_column_padding=\u00a0\u00bbtrue\u00a0\u00bb thb_scroll_bottom=\u00a0\u00bbtrue\u00a0\u00bb thb_scroll_bottom_style=\u00a0\u00bbstyle3&Prime; thb_scroll_bottom_color=\u00a0\u00bblight\u00a0\u00bb css=\u00a0\u00bb.vc_custom_1557156637097{padding-top: 32vh !important;padding-bottom: 22vh !important;background: #181a0b url(https:\/\/www.openstyle.pt\/wp-content\/uploads\/2019\/05\/Group-58@2x.jpg?id=539) !important;background-position: center !important;background-repeat: no-repeat !important;background-size: cover !important;}\u00a0\u00bb][vc_column thb_color=\u00a0\u00bbthb-light-column\u00a0\u00bb][vc_row_inner][vc_column_inner]\t<div id=\"thb-slidetype-69ee3633665e2\" class=\"thb-slidetype \" data-style=\"style3\">\n\t\t\n<h1><span class=\"thb-slidetype-entry\"><span class=\"lines\">| Agriculture<\/span><\/span><\/h1>\n\t\t\t<\/div>\n  \n  [vc_column_text animation=\u00a0\u00bbanimation bottom-to-top\u00a0\u00bb]\n<h3><span style=\"color: #bbbbbb; font-size: 20px;\"><strong>Pratiques agricoles dans le respect des techniques traditionnelles.<\/strong><\/span><\/h3>\n[\/vc_column_text]\t<a id=\"thb-button-69ee363366672\" class=\"btn style2 medium  white no-radius animation bottom-to-top scroll-bottom  \" href=\"#\" target=\"_self\" role=\"button\">\n\t\t\t  <span>EN SAVOIR PLUS<\/span><\/a>\n    [\/vc_column_inner][\/vc_row_inner][\/vc_column][\/vc_row][vc_row][vc_column][vc_empty_space height=\u00a0\u00bb150px\u00a0\u00bb][\/vc_column][\/vc_row][vc_row][vc_column][\/vc_column][\/vc_row][vc_row][vc_column width=\u00a0\u00bb1\/2&Prime;][vc_empty_space height=\u00a0\u00bb100px\u00a0\u00bb][vc_column_text]\n<h2 style=\"color: #000000; opacity: 0.38;\">Une tradition familiale<br \/>\nde production biologique.<\/h2>\n[\/vc_column_text][vc_column_text]Suivant une tradition familiale, la production de b\u00e9tail en production extensive fait \u00e9galement partie des activit\u00e9s de notre entreprise.[\/vc_column_text][vc_column_text]Ayant \u00e9volu\u00e9 vers la production biologique, nous avons choisi d&rsquo;adapter le nombre d&rsquo;animaux aux conditions naturelles pour \u00e9viter d&rsquo;introduire des produits ext\u00e9rieurs \u00e0 notre activit\u00e9.[\/vc_column_text][\/vc_column][vc_column width=\u00a0\u00bb1\/2&Prime;]\t\t<div class=\"row thb-content-carousel thb-carousel regular-padding   \" id=\"content-carousel-227\" data-columns=\"1\" data-autoplay=\"\" data-autoplay-speed=\"4000\" data-pagination=\"true\" data-infinite=\"false\" data-navigation=\"\">\n\t\t\t[vc_single_image image=\u00a0\u00bb4258&Prime; img_size=\u00a0\u00bbfull\u00a0\u00bb alignment=\u00a0\u00bbcenter\u00a0\u00bb][vc_single_image image=\u00a0\u00bb4254&Prime; img_size=\u00a0\u00bbfull\u00a0\u00bb alignment=\u00a0\u00bbcenter\u00a0\u00bb][vc_single_image image=\u00a0\u00bb4260&Prime; img_size=\u00a0\u00bbfull\u00a0\u00bb alignment=\u00a0\u00bbcenter\u00a0\u00bb][vc_single_image image=\u00a0\u00bb4259&Prime; img_size=\u00a0\u00bbfull\u00a0\u00bb alignment=\u00a0\u00bbcenter\u00a0\u00bb][vc_single_image image=\u00a0\u00bb4257&Prime; img_size=\u00a0\u00bbfull\u00a0\u00bb alignment=\u00a0\u00bbcenter\u00a0\u00bb][vc_single_image image=\u00a0\u00bb4256&Prime; img_size=\u00a0\u00bbfull\u00a0\u00bb alignment=\u00a0\u00bbcenter\u00a0\u00bb][vc_single_image image=\u00a0\u00bb4255&Prime; img_size=\u00a0\u00bbfull\u00a0\u00bb alignment=\u00a0\u00bbcenter\u00a0\u00bb]\t\t<\/div>\n\n\t[\/vc_column][\/vc_row][vc_row][vc_column][vc_empty_space height=\u00a0\u00bb80px\u00a0\u00bb][\/vc_column][\/vc_row][vc_row thb_full_width=\u00a0\u00bbtrue\u00a0\u00bb thb_row_padding=\u00a0\u00bbtrue\u00a0\u00bb thb_column_padding=\u00a0\u00bbtrue\u00a0\u00bb el_class=\u00a0\u00bbtext-center\u00a0\u00bb css=\u00a0\u00bb.vc_custom_1557156668347{padding-top: 20vh !important;padding-bottom: 20vh !important;background: #66859b url(https:\/\/www.openstyle.pt\/wp-content\/uploads\/2019\/05\/Group-59@2x.jpg?id=540) !important;background-position: center !important;background-repeat: no-repeat !important;background-size: cover !important;}\u00a0\u00bb][vc_column][vc_column_text]\n<p style=\"text-align: center; font-size: 30px; color: #ffffff;\">\u2026 parce que le bien-\u00eatre des animaux et l&rsquo;\u00e9quilibre de la nature nous pr\u00e9occupent.<\/p>\n[\/vc_column_text][vc_single_image image=\u00a0\u00bb4218&Prime; alignment=\u00a0\u00bbcenter\u00a0\u00bb][\/vc_column][\/vc_row]\n<\/section>","protected":false},"excerpt":{"rendered":"<p>[vc_row thb_full_width=\u00a0\u00bbtrue\u00a0\u00bb thb_row_padding=\u00a0\u00bbtrue\u00a0\u00bb thb_column_padding=\u00a0\u00bbtrue\u00a0\u00bb thb_scroll_bottom=\u00a0\u00bbtrue\u00a0\u00bb thb_scroll_bottom_style=\u00a0\u00bbstyle3&Prime; thb_scroll_bottom_color=\u00a0\u00bblight\u00a0\u00bb css=\u00a0\u00bb.vc_custom_1557156637097{padding-top: 32vh !important;padding-bottom: 22vh !important;background: #181a0b url(https:\/\/www.openstyle.pt\/wp-content\/uploads\/2019\/05\/Group-58@2x.jpg?id=539) !important;background-position: center !important;background-repeat: no-repeat !important;background-size: cover !important;}\u00a0\u00bb][vc_column thb_color=\u00a0\u00bbthb-light-column\u00a0\u00bb][vc_row_inner][vc_column_inner][vc_column_text animation=\u00a0\u00bbanimation bottom-to-top\u00a0\u00bb] Pratiques agricoles dans le respect des techniques traditionnelles. [\/vc_column_text][\/vc_column_inner][\/vc_row_inner][\/vc_column][\/vc_row][vc_row][vc_column][vc_empty_space height=\u00a0\u00bb150px\u00a0\u00bb][\/vc_column][\/vc_row][vc_row][vc_column][\/vc_column][\/vc_row][vc_row][vc_column width=\u00a0\u00bb1\/2&Prime;][vc_empty_space height=\u00a0\u00bb100px\u00a0\u00bb][vc_column_text] Une tradition familiale de production biologique. [\/vc_column_text][vc_column_text]Suivant une tradition familiale, la production de b\u00e9tail en production extensive fait \u00e9galement&hellip;<\/p>\n","protected":false},"author":1,"featured_media":0,"parent":0,"menu_order":0,"comment_status":"closed","ping_status":"closed","template":"","meta":{"_mi_skip_tracking":false,"_exactmetrics_sitenote_active":false,"_exactmetrics_sitenote_note":"","_exactmetrics_sitenote_category":0,"footnotes":""},"_links":{"self":[{"href":"https:\/\/www.openstyle.pt\/fr\/wp-json\/wp\/v2\/pages\/4217"}],"collection":[{"href":"https:\/\/www.openstyle.pt\/fr\/wp-json\/wp\/v2\/pages"}],"about":[{"href":"https:\/\/www.openstyle.pt\/fr\/wp-json\/wp\/v2\/types\/page"}],"author":[{"embeddable":true,"href":"https:\/\/www.openstyle.pt\/fr\/wp-json\/wp\/v2\/users\/1"}],"replies":[{"embeddable":true,"href":"https:\/\/www.openstyle.pt\/fr\/wp-json\/wp\/v2\/comments?post=4217"}],"version-history":[{"count":5,"href":"https:\/\/www.openstyle.pt\/fr\/wp-json\/wp\/v2\/pages\/4217\/revisions"}],"predecessor-version":[{"id":4273,"href":"https:\/\/www.openstyle.pt\/fr\/wp-json\/wp\/v2\/pages\/4217\/revisions\/4273"}],"wp:attachment":[{"href":"https:\/\/www.openstyle.pt\/fr\/wp-json\/wp\/v2\/media?parent=4217"}],"curies":[{"name":"wp","href":"https:\/\/api.w.org\/{rel}","templated":true}]}}