{"id":4175,"date":"2019-05-03T13:58:09","date_gmt":"2019-05-03T13:58:09","guid":{"rendered":"https:\/\/www.openstyle.pt\/boxes-em-inox\/"},"modified":"2020-03-02T16:39:07","modified_gmt":"2020-03-02T15:39:07","slug":"cages-en-inox","status":"publish","type":"page","link":"https:\/\/www.openstyle.pt\/fr\/cages-en-inox\/","title":{"rendered":"CAGES EN INOX"},"content":{"rendered":"<section class=\"wpb-content-wrapper\">[vc_row thb_full_width=\u00a0\u00bbtrue\u00a0\u00bb thb_row_padding=\u00a0\u00bbtrue\u00a0\u00bb thb_column_padding=\u00a0\u00bbtrue\u00a0\u00bb thb_scroll_bottom=\u00a0\u00bbtrue\u00a0\u00bb thb_scroll_bottom_style=\u00a0\u00bbstyle3&Prime; thb_scroll_bottom_color=\u00a0\u00bblight\u00a0\u00bb css=\u00a0\u00bb.vc_custom_1559750121977{padding-top: 25vh !important;padding-bottom: 22vh !important;background: #181a0b url(https:\/\/www.openstyle.pt\/wp-content\/uploads\/2019\/06\/boxes-em-inox.jpg?id=1655) !important;background-position: center !important;background-repeat: no-repeat !important;background-size: cover !important;}\u00a0\u00bb][vc_column thb_color=\u00a0\u00bbthb-light-column\u00a0\u00bb][vc_row_inner][vc_column_inner][vc_column_text][\/vc_column_text]\t<div id=\"thb-slidetype-69ee4cdc21469\" class=\"thb-slidetype \" data-style=\"style3\">\n\t\t\n<h1><span class=\"thb-slidetype-entry\"><span class=\"lines\">| Cages en Inox<\/span><\/span><\/h1>\n\t\t\t<\/div>\n  \n  [vc_column_text animation=\u00a0\u00bbanimation bottom-to-top\u00a0\u00bb]\n<h3><\/h3>\n[\/vc_column_text]\t<a id=\"thb-button-69ee4cdc21508\" class=\"btn style2 medium  white no-radius animation bottom-to-top scroll-bottom  \" href=\"#\" target=\"_self\" role=\"button\">\n\t\t\t  <span>EN SAVOIR PLUS<\/span><\/a>\n    [\/vc_column_inner][\/vc_row_inner][\/vc_column][\/vc_row][vc_row][vc_column][vc_empty_space height=\u00a0\u00bb100px\u00a0\u00bb][vc_column_text]\n<h2 style=\"color: #000000; opacity: 0.38; text-align: left;\">Sur le march\u00e9 de l&rsquo;hospitalisation<br \/>\nv\u00e9t\u00e9rinaire depuis des d\u00e9cennies<\/h2>\n[\/vc_column_text][vc_empty_space height=\u00a0\u00bb50px\u00a0\u00bb][vc_row_inner thb_max_width=\u00a0\u00bb\u00a0\u00bb css=\u00a0\u00bb.vc_custom_1531489751257{padding-bottom: 10px !important;}\u00a0\u00bb][vc_column_inner width=\u00a0\u00bb1\/2&Prime;][vc_empty_space height=\u00a0\u00bb100px\u00a0\u00bb][vc_column_text]\n<h4 style=\"color: #000000; text-align: left;\">\u00a0Les bo\u00eetes en acier inoxydable sont:<\/h4>\n[\/vc_column_text][\/vc_column_inner][vc_column_inner width=\u00a0\u00bb1\/2&Prime; css=\u00a0\u00bb.vc_custom_1564746163820{border-top-width: 2px !important;border-right-width: 2px !important;border-bottom-width: 2px !important;border-left-width: 2px !important;padding-top: 50px !important;padding-right: 20px !important;padding-bottom: 20px !important;padding-left: 20px !important;background-color: #000000 !important;border-left-color: #ececec !important;border-left-style: solid !important;border-right-color: #ececec !important;border-right-style: solid !important;border-top-color: #ececec !important;border-top-style: solid !important;border-bottom-color: #ececec !important;border-bottom-style: solid !important;}\u00a0\u00bb]\t<div id=\"thb-iconbox-69ee4cdc21577\" class=\"thb-iconbox left type2  has-img   animation-true\" href=\"\" target=\"_self\" data-animation_speed=\"0.5\">\n\t\t\t\t<figure>\n\t\t\t\t\t\t\t<div class=\"iconbox-image\">\n\t\t\t\t\t\t\t\t\t\t\t\t\t\t<\/div>\n\t\t\t\t\t\t\t\t\t\t\t<\/figure>\n\t\t\t\t<div class=\"iconbox-content\">\n\t\t\t<h5>Tr\u00e8s r\u00e9sistantes<\/h5>\t\t\t\t\t\t\t\t<\/div>\n\t\t<style>\n\t\t\t\t\t\t\t\t\t\t\t\t\t\t\t\t\t\t\t\t\t#thb-iconbox-69ee4cdc21577.thb-iconbox .iconbox-content h5,\n\t\t\t#thb-iconbox-69ee4cdc21577.thb-iconbox figure h5 {\n\t\t\t\tcolor: #ffffff;\n\t\t\t}\n\t\t\t\t\t\t\t\t\t\/* Hover *\/\n\t\t\t\t\t\t\t\t\t\t\t<\/style>\n\t<\/div>\n\t\t<div id=\"thb-iconbox-69ee4cdc21b04\" class=\"thb-iconbox left type2  has-img   animation-true\" href=\"\" target=\"_self\" data-animation_speed=\"0.5\">\n\t\t\t\t<figure>\n\t\t\t\t\t\t\t<div class=\"iconbox-image\">\n\t\t\t\t\t\t\t\t\t\t\t\t\t\t<\/div>\n\t\t\t\t\t\t\t\t\t\t\t<\/figure>\n\t\t\t\t<div class=\"iconbox-content\">\n\t\t\t<h5> Faciles d\u2019entretient<\/h5>\t\t\t\t\t\t\t\t<\/div>\n\t\t<style>\n\t\t\t\t\t\t\t\t\t\t\t\t\t\t\t\t\t\t\t\t\t#thb-iconbox-69ee4cdc21b04.thb-iconbox .iconbox-content h5,\n\t\t\t#thb-iconbox-69ee4cdc21b04.thb-iconbox figure h5 {\n\t\t\t\tcolor: #ffffff;\n\t\t\t}\n\t\t\t\t\t\t\t\t\t\/* Hover *\/\n\t\t\t\t\t\t\t\t\t\t\t<\/style>\n\t<\/div>\n\t\t<div id=\"thb-iconbox-69ee4cdc3236d\" class=\"thb-iconbox left type2  has-img   animation-true\" href=\"\" target=\"_self\" data-animation_speed=\"0.5\">\n\t\t\t\t<figure>\n\t\t\t\t\t\t\t<div class=\"iconbox-image\">\n\t\t\t\t\t\t\t\t\t\t\t\t\t\t<\/div>\n\t\t\t\t\t\t\t\t\t\t\t<\/figure>\n\t\t\t\t<div class=\"iconbox-content\">\n\t\t\t<h5>\u00c9conomiques<\/h5>\t\t\t\t\t\t\t\t<\/div>\n\t\t<style>\n\t\t\t\t\t\t\t\t\t\t\t\t\t\t\t\t\t\t\t\t\t#thb-iconbox-69ee4cdc3236d.thb-iconbox .iconbox-content h5,\n\t\t\t#thb-iconbox-69ee4cdc3236d.thb-iconbox figure h5 {\n\t\t\t\tcolor: #ffffff;\n\t\t\t}\n\t\t\t\t\t\t\t\t\t\/* Hover *\/\n\t\t\t\t\t\t\t\t\t\t\t<\/style>\n\t<\/div>\n\t[\/vc_column_inner][\/vc_row_inner][vc_row_inner thb_max_width=\u00a0\u00bb\u00a0\u00bb css=\u00a0\u00bb.vc_custom_1531489751257{padding-bottom: 10px !important;}\u00a0\u00bb][vc_column_inner width=\u00a0\u00bb1\/2&Prime;][vc_empty_space height=\u00a0\u00bb100px\u00a0\u00bb][vc_column_text]\n<h4 style=\"color: #000000; text-align: left;\">Caract\u00e9ristiques de nos cages en acrylique:<\/h4>\n[\/vc_column_text][\/vc_column_inner][vc_column_inner width=\u00a0\u00bb1\/2&Prime; css=\u00a0\u00bb.vc_custom_1564746185393{border-top-width: 2px !important;border-right-width: 2px !important;border-bottom-width: 2px !important;border-left-width: 2px !important;padding-top: 50px !important;padding-right: 20px !important;padding-bottom: 20px !important;padding-left: 20px !important;background-color: #000000 !important;border-left-color: #ececec !important;border-left-style: solid !important;border-right-color: #ececec !important;border-right-style: solid !important;border-top-color: #ececec !important;border-top-style: solid !important;border-bottom-color: #ececec !important;border-bottom-style: solid !important;}\u00a0\u00bb]\t<div id=\"thb-iconbox-69ee4cdc326db\" class=\"thb-iconbox left type2  has-img   animation-true\" href=\"\" target=\"_self\" data-animation_speed=\"1.5\">\n\t\t\t\t<figure>\n\t\t\t\t\t\t\t<div class=\"iconbox-image\">\n\t\t\t\t\t\t\t\t\t\t\t\t\t\t<\/div>\n\t\t\t\t\t\t\t\t\t\t\t<\/figure>\n\t\t\t\t<div class=\"iconbox-content\">\n\t\t\t<h5>produit de qualit\u00e9<\/h5>\t\t\t\t\t\t\t\t<\/div>\n\t\t<style>\n\t\t\t\t\t\t\t\t\t\t\t\t\t\t\t\t\t\t\t#thb-iconbox-69ee4cdc326db.thb-iconbox .iconbox-image img {\n\t\t\t\t\twidth: 34px;\n\t\t\t\t\theight: auto;\n\t\t\t\t}\n\t\t\t\t\t\t\t\t\t#thb-iconbox-69ee4cdc326db.thb-iconbox .iconbox-content h5,\n\t\t\t#thb-iconbox-69ee4cdc326db.thb-iconbox figure h5 {\n\t\t\t\tcolor: #ffffff;\n\t\t\t}\n\t\t\t\t\t\t\t\t\t\/* Hover *\/\n\t\t\t\t\t\t\t\t\t\t\t<\/style>\n\t<\/div>\n\t\t<div id=\"thb-iconbox-69ee4cdc32bee\" class=\"thb-iconbox left type2  has-img   animation-true\" href=\"\" target=\"_self\" data-animation_speed=\"1.5\">\n\t\t\t\t<figure>\n\t\t\t\t\t\t\t<div class=\"iconbox-image\">\n\t\t\t\t\t\t\t\t\t\t\t\t\t\t<\/div>\n\t\t\t\t\t\t\t\t\t\t\t<\/figure>\n\t\t\t\t<div class=\"iconbox-content\">\n\t\t\t<h5>garantie de d\u00e9sinfection <\/h5>\t\t\t\t\t\t\t\t<\/div>\n\t\t<style>\n\t\t\t\t\t\t\t\t\t\t\t\t\t\t\t\t\t\t\t#thb-iconbox-69ee4cdc32bee.thb-iconbox .iconbox-image img {\n\t\t\t\t\twidth: 34px;\n\t\t\t\t\theight: auto;\n\t\t\t\t}\n\t\t\t\t\t\t\t\t\t#thb-iconbox-69ee4cdc32bee.thb-iconbox .iconbox-content h5,\n\t\t\t#thb-iconbox-69ee4cdc32bee.thb-iconbox figure h5 {\n\t\t\t\tcolor: #ffffff;\n\t\t\t}\n\t\t\t\t\t\t\t\t\t\/* Hover *\/\n\t\t\t\t\t\t\t\t\t\t\t<\/style>\n\t<\/div>\n\t\t<div id=\"thb-iconbox-69ee4cdc3314f\" class=\"thb-iconbox left type2  has-img   animation-true\" href=\"\" target=\"_self\" data-animation_speed=\"1.5\">\n\t\t\t\t<figure>\n\t\t\t\t\t\t\t<div class=\"iconbox-image\">\n\t\t\t\t\t\t\t\t\t\t\t\t\t\t<\/div>\n\t\t\t\t\t\t\t\t\t\t\t<\/figure>\n\t\t\t\t<div class=\"iconbox-content\">\n\t\t\t<h5>portes robustes en acier inoxydable<\/h5>\t\t\t\t\t\t\t\t<\/div>\n\t\t<style>\n\t\t\t\t\t\t\t\t\t\t\t\t\t\t\t\t\t\t\t#thb-iconbox-69ee4cdc3314f.thb-iconbox .iconbox-image img {\n\t\t\t\t\twidth: 34px;\n\t\t\t\t\theight: auto;\n\t\t\t\t}\n\t\t\t\t\t\t\t\t\t#thb-iconbox-69ee4cdc3314f.thb-iconbox .iconbox-content h5,\n\t\t\t#thb-iconbox-69ee4cdc3314f.thb-iconbox figure h5 {\n\t\t\t\tcolor: #ffffff;\n\t\t\t}\n\t\t\t\t\t\t\t\t\t\/* Hover *\/\n\t\t\t\t\t\t\t\t\t\t\t<\/style>\n\t<\/div>\n\t\t<div id=\"thb-iconbox-69ee4cdc3322b\" class=\"thb-iconbox left type2  has-img   animation-true\" href=\"\" target=\"_self\" data-animation_speed=\"1.5\">\n\t\t\t\t<figure>\n\t\t\t\t\t\t\t<div class=\"iconbox-image\">\n\t\t\t\t\t\t\t\t\t\t\t\t\t\t<\/div>\n\t\t\t\t\t\t\t\t\t\t\t<\/figure>\n\t\t\t\t<div class=\"iconbox-content\">\n\t\t\t<h5>possibilit\u00e9 de regrouper en ensembles des bo\u00eetes superpos\u00e9es de diff\u00e9rentes dimension<\/h5>\t\t\t\t\t\t\t\t<\/div>\n\t\t<style>\n\t\t\t\t\t\t\t\t\t\t\t\t\t\t\t\t\t\t\t#thb-iconbox-69ee4cdc3322b.thb-iconbox .iconbox-image img {\n\t\t\t\t\twidth: 34px;\n\t\t\t\t\theight: auto;\n\t\t\t\t}\n\t\t\t\t\t\t\t\t\t#thb-iconbox-69ee4cdc3322b.thb-iconbox .iconbox-content h5,\n\t\t\t#thb-iconbox-69ee4cdc3322b.thb-iconbox figure h5 {\n\t\t\t\tcolor: #ffffff;\n\t\t\t}\n\t\t\t\t\t\t\t\t\t\/* Hover *\/\n\t\t\t\t\t\t\t\t\t\t\t<\/style>\n\t<\/div>\n\t[\/vc_column_inner][\/vc_row_inner][\/vc_column][\/vc_row][vc_row][vc_column][vc_empty_space height=\u00a0\u00bb150px\u00a0\u00bb][\/vc_column][\/vc_row][vc_row][vc_column][vc_column_text]\n<h2 style=\"color: #000000; opacity: 0.38;\">Cages de taille<br \/>\nstandard disponibles:<\/h2>\n[\/vc_column_text][vc_empty_space height=\u00a0\u00bb50px\u00a0\u00bb][\/vc_column][\/vc_row][vc_row][vc_column width=\u00a0\u00bb1\/2&Prime;][vc_single_image image=\u00a0\u00bb4185&Prime; img_size=\u00a0\u00bbfull\u00a0\u00bb alignment=\u00a0\u00bbcenter\u00a0\u00bb][\/vc_column][vc_column width=\u00a0\u00bb1\/2&Prime;][vc_single_image image=\u00a0\u00bb4187&Prime; img_size=\u00a0\u00bbfull\u00a0\u00bb alignment=\u00a0\u00bbcenter\u00a0\u00bb][\/vc_column][\/vc_row][vc_row css=\u00a0\u00bb.vc_custom_1557140762881{margin-bottom: 10vh !important;}\u00a0\u00bb][vc_column fixed=\u00a0\u00bbthb-fixed\u00a0\u00bb css=\u00a0\u00bb.vc_custom_1531485361835{padding-right: 20px !important;}\u00a0\u00bb][vc_row_inner thb_max_width=\u00a0\u00bb\u00a0\u00bb css=\u00a0\u00bb.vc_custom_1531489745384{padding-bottom: 10px !important;}\u00a0\u00bb][vc_column_inner width=\u00a0\u00bb1\/3&Prime;]\t<div id=\"thb-iconbox-69ee4cdc33545\" class=\"thb-iconbox left type2     animation-true\" href=\"\" target=\"_self\" data-animation_speed=\"1.5\">\n\t\t\t\t<div class=\"iconbox-content\">\n\t\t\t<h5>385 \u00d7 365 \u00d7 700 mm<\/h5>\t\t\t\t\t\t\t\t<\/div>\n\t\t<style>\n\t\t\t\t\t\t\t\t\t#thb-iconbox-69ee4cdc33545.thb-iconbox h5 {\n\t\t\t  font-size: 28px;\n\t\t\t}\n\t\t\t\t\t\t\t\t\t\t\t\t\t\t\t\t\t\t\t\t\t\/* Hover *\/\n\t\t\t\t\t\t\t\t\t\t\t<\/style>\n\t<\/div>\n\t[\/vc_column_inner][vc_column_inner width=\u00a0\u00bb1\/3&Prime;]\t<div id=\"thb-iconbox-69ee4cdc335d2\" class=\"thb-iconbox left type2     animation-true\" href=\"\" target=\"_self\" data-animation_speed=\"1.5\">\n\t\t\t\t<div class=\"iconbox-content\">\n\t\t\t<h5>550 x 750 x 700 mm<\/h5>\t\t\t\t\t\t\t\t<\/div>\n\t\t<style>\n\t\t\t\t\t\t\t\t\t#thb-iconbox-69ee4cdc335d2.thb-iconbox h5 {\n\t\t\t  font-size: 28px;\n\t\t\t}\n\t\t\t\t\t\t\t\t\t\t\t\t\t\t\t\t\t\t\t\t\t\/* Hover *\/\n\t\t\t\t\t\t\t\t\t\t\t<\/style>\n\t<\/div>\n\t[\/vc_column_inner][vc_column_inner width=\u00a0\u00bb1\/3&Prime;]\t<div id=\"thb-iconbox-69ee4cdc33663\" class=\"thb-iconbox left type2     animation-true\" href=\"\" target=\"_self\" data-animation_speed=\"1.5\">\n\t\t\t\t<div class=\"iconbox-content\">\n\t\t\t<h5>560 x 560 x 70 mm<\/h5>\t\t\t\t\t\t\t\t<\/div>\n\t\t<style>\n\t\t\t\t\t\t\t\t\t#thb-iconbox-69ee4cdc33663.thb-iconbox h5 {\n\t\t\t  font-size: 28px;\n\t\t\t}\n\t\t\t\t\t\t\t\t\t\t\t\t\t\t\t\t\t\t\t\t\t\/* Hover *\/\n\t\t\t\t\t\t\t\t\t\t\t<\/style>\n\t<\/div>\n\t[\/vc_column_inner][\/vc_row_inner][vc_row_inner thb_max_width=\u00a0\u00bb\u00a0\u00bb css=\u00a0\u00bb.vc_custom_1531489745384{padding-bottom: 10px !important;}\u00a0\u00bb][vc_column_inner width=\u00a0\u00bb1\/3&Prime;]\t<div id=\"thb-iconbox-69ee4cdc336c8\" class=\"thb-iconbox left type2     animation-true\" href=\"\" target=\"_self\" data-animation_speed=\"1.5\">\n\t\t\t\t<div class=\"iconbox-content\">\n\t\t\t<h5>750 x 550 x 500 mm<\/h5>\t\t\t\t\t\t\t\t<\/div>\n\t\t<style>\n\t\t\t\t\t\t\t\t\t#thb-iconbox-69ee4cdc336c8.thb-iconbox h5 {\n\t\t\t  font-size: 28px;\n\t\t\t}\n\t\t\t\t\t\t\t\t\t\t\t\t\t\t\t\t\t\t\t\t\t\/* Hover *\/\n\t\t\t\t\t\t\t\t\t\t\t<\/style>\n\t<\/div>\n\t[\/vc_column_inner][vc_column_inner width=\u00a0\u00bb1\/3&Prime;]\t<div id=\"thb-iconbox-69ee4cdc3372c\" class=\"thb-iconbox left type2     animation-true\" href=\"\" target=\"_self\" data-animation_speed=\"1.5\">\n\t\t\t\t<div class=\"iconbox-content\">\n\t\t\t<h5>783 x 700 x 700 mm<\/h5>\t\t\t\t\t\t\t\t<\/div>\n\t\t<style>\n\t\t\t\t\t\t\t\t\t#thb-iconbox-69ee4cdc3372c.thb-iconbox h5 {\n\t\t\t  font-size: 28px;\n\t\t\t}\n\t\t\t\t\t\t\t\t\t\t\t\t\t\t\t\t\t\t\t\t\t\/* Hover *\/\n\t\t\t\t\t\t\t\t\t\t\t<\/style>\n\t<\/div>\n\t[\/vc_column_inner][vc_column_inner width=\u00a0\u00bb1\/3&Prime;]\t<div id=\"thb-iconbox-69ee4cdc33787\" class=\"thb-iconbox left type2     animation-true\" href=\"\" target=\"_self\" data-animation_speed=\"1.5\">\n\t\t\t\t<div class=\"iconbox-content\">\n\t\t\t<h5>1050 x700 x 700mm<\/h5>\t\t\t\t\t\t\t\t<\/div>\n\t\t<style>\n\t\t\t\t\t\t\t\t\t#thb-iconbox-69ee4cdc33787.thb-iconbox h5 {\n\t\t\t  font-size: 28px;\n\t\t\t}\n\t\t\t\t\t\t\t\t\t\t\t\t\t\t\t\t\t\t\t\t\t\/* Hover *\/\n\t\t\t\t\t\t\t\t\t\t\t<\/style>\n\t<\/div>\n\t[\/vc_column_inner][\/vc_row_inner][vc_row_inner thb_max_width=\u00a0\u00bb\u00a0\u00bb css=\u00a0\u00bb.vc_custom_1531489745384{padding-bottom: 10px !important;}\u00a0\u00bb][vc_column_inner width=\u00a0\u00bb1\/3&Prime;]\t<div id=\"thb-iconbox-69ee4cdc337df\" class=\"thb-iconbox left type2     animation-true\" href=\"\" target=\"_self\" data-animation_speed=\"1.5\">\n\t\t\t\t<div class=\"iconbox-content\">\n\t\t\t<h5>1100 x700 x 700 mm<\/h5>\t\t\t\t\t\t\t\t<\/div>\n\t\t<style>\n\t\t\t\t\t\t\t\t\t#thb-iconbox-69ee4cdc337df.thb-iconbox h5 {\n\t\t\t  font-size: 28px;\n\t\t\t}\n\t\t\t\t\t\t\t\t\t\t\t\t\t\t\t\t\t\t\t\t\t\/* Hover *\/\n\t\t\t\t\t\t\t\t\t\t\t<\/style>\n\t<\/div>\n\t[\/vc_column_inner][vc_column_inner width=\u00a0\u00bb1\/3&Prime;]\t<div id=\"thb-iconbox-69ee4cdc33837\" class=\"thb-iconbox left type2     animation-true\" href=\"\" target=\"_self\" data-animation_speed=\"1.5\">\n\t\t\t\t<div class=\"iconbox-content\">\n\t\t\t<h5>1200 x 800 x 700 mm<\/h5>\t\t\t\t\t\t\t\t<\/div>\n\t\t<style>\n\t\t\t\t\t\t\t\t\t#thb-iconbox-69ee4cdc33837.thb-iconbox h5 {\n\t\t\t  font-size: 28px;\n\t\t\t}\n\t\t\t\t\t\t\t\t\t\t\t\t\t\t\t\t\t\t\t\t\t\/* Hover *\/\n\t\t\t\t\t\t\t\t\t\t\t<\/style>\n\t<\/div>\n\t[\/vc_column_inner][vc_column_inner width=\u00a0\u00bb1\/3&Prime;]\t<div id=\"thb-iconbox-69ee4cdc33890\" class=\"thb-iconbox left type2     animation-true\" href=\"\" target=\"_self\" data-animation_speed=\"1.5\">\n\t\t\t\t<div class=\"iconbox-content\">\n\t\t\t<h5>1780 x700 x 700 mm<\/h5>\t\t\t\t\t\t\t\t<\/div>\n\t\t<style>\n\t\t\t\t\t\t\t\t\t#thb-iconbox-69ee4cdc33890.thb-iconbox h5 {\n\t\t\t  font-size: 28px;\n\t\t\t}\n\t\t\t\t\t\t\t\t\t\t\t\t\t\t\t\t\t\t\t\t\t\/* Hover *\/\n\t\t\t\t\t\t\t\t\t\t\t<\/style>\n\t<\/div>\n\t[\/vc_column_inner][\/vc_row_inner][vc_empty_space][\/vc_column][\/vc_row][vc_row][vc_column][vc_empty_space height=\u00a0\u00bb100px\u00a0\u00bb][\/vc_column][\/vc_row][vc_row thb_full_width=\u00a0\u00bbtrue\u00a0\u00bb thb_row_padding=\u00a0\u00bbtrue\u00a0\u00bb thb_column_padding=\u00a0\u00bbtrue\u00a0\u00bb disable_element=\u00a0\u00bbyes\u00a0\u00bb css=\u00a0\u00bb.vc_custom_1559735910452{margin-bottom: 0px !important;padding-bottom: 0px !important;}\u00a0\u00bb][vc_column width=\u00a0\u00bb1\/2&Prime; css=\u00a0\u00bb.vc_custom_1556878633135{padding-top: 200px !important;padding-right: 200px !important;padding-bottom: 0px !important;padding-left: 280px !important;}\u00a0\u00bb el_class=\u00a0\u00bbblock_krion\u00a0\u00bb][vc_column_text]\n<h2 style=\"color: #000000; opacity: 0.38;\">Produto exclusivo e \u00fanico no<br \/>\nmercado internacional!<\/h2>\n<p><span style=\"color: #000;\">Realizamos projetos por medida. Servi\u00e7os de transporte, entrega e aplica\u00e7\u00e3o dispon\u00edveis.<\/span>[\/vc_column_text]\t<a id=\"thb-button-69ee4cdc33902\" class=\"btn style2 medium  black no-radius animation bottom-to-top   \" href=\"\/contact\/\" target=\"_self\" role=\"button\">\n\t\t\t  <span>FALE CONNOSCO<\/span><\/a>\n    [\/vc_column][vc_column width=\u00a0\u00bb1\/2&Prime;][vc_single_image image=\u00a0\u00bb3985&Prime; img_size=\u00a0\u00bbfull\u00a0\u00bb css=\u00a0\u00bb.vc_custom_1556876331088{margin-bottom: 0px !important;padding-bottom: 0px !important;}\u00a0\u00bb][\/vc_column][\/vc_row]\n<\/section>","protected":false},"excerpt":{"rendered":"<p>[vc_row thb_full_width=\u00a0\u00bbtrue\u00a0\u00bb thb_row_padding=\u00a0\u00bbtrue\u00a0\u00bb thb_column_padding=\u00a0\u00bbtrue\u00a0\u00bb thb_scroll_bottom=\u00a0\u00bbtrue\u00a0\u00bb thb_scroll_bottom_style=\u00a0\u00bbstyle3&Prime; thb_scroll_bottom_color=\u00a0\u00bblight\u00a0\u00bb css=\u00a0\u00bb.vc_custom_1559750121977{padding-top: 25vh !important;padding-bottom: 22vh !important;background: #181a0b url(https:\/\/www.openstyle.pt\/wp-content\/uploads\/2019\/06\/boxes-em-inox.jpg?id=1655) !important;background-position: center !important;background-repeat: no-repeat !important;background-size: cover !important;}\u00a0\u00bb][vc_column thb_color=\u00a0\u00bbthb-light-column\u00a0\u00bb][vc_row_inner][vc_column_inner][vc_column_text][\/vc_column_text][vc_column_text animation=\u00a0\u00bbanimation bottom-to-top\u00a0\u00bb] [\/vc_column_text][\/vc_column_inner][\/vc_row_inner][\/vc_column][\/vc_row][vc_row][vc_column][vc_empty_space height=\u00a0\u00bb100px\u00a0\u00bb][vc_column_text] Sur le march\u00e9 de l&rsquo;hospitalisation v\u00e9t\u00e9rinaire depuis des d\u00e9cennies [\/vc_column_text][vc_empty_space height=\u00a0\u00bb50px\u00a0\u00bb][vc_row_inner thb_max_width=\u00a0\u00bb\u00a0\u00bb css=\u00a0\u00bb.vc_custom_1531489751257{padding-bottom: 10px !important;}\u00a0\u00bb][vc_column_inner width=\u00a0\u00bb1\/2&Prime;][vc_empty_space height=\u00a0\u00bb100px\u00a0\u00bb][vc_column_text] \u00a0Les bo\u00eetes en acier inoxydable sont: [\/vc_column_text][\/vc_column_inner][vc_column_inner width=\u00a0\u00bb1\/2&Prime; css=\u00a0\u00bb.vc_custom_1564746163820{border-top-width: 2px !important;border-right-width: 2px&hellip;<\/p>\n","protected":false},"author":1,"featured_media":0,"parent":0,"menu_order":0,"comment_status":"closed","ping_status":"closed","template":"","meta":{"_mi_skip_tracking":false,"_exactmetrics_sitenote_active":false,"_exactmetrics_sitenote_note":"","_exactmetrics_sitenote_category":0,"footnotes":""},"_links":{"self":[{"href":"https:\/\/www.openstyle.pt\/fr\/wp-json\/wp\/v2\/pages\/4175"}],"collection":[{"href":"https:\/\/www.openstyle.pt\/fr\/wp-json\/wp\/v2\/pages"}],"about":[{"href":"https:\/\/www.openstyle.pt\/fr\/wp-json\/wp\/v2\/types\/page"}],"author":[{"embeddable":true,"href":"https:\/\/www.openstyle.pt\/fr\/wp-json\/wp\/v2\/users\/1"}],"replies":[{"embeddable":true,"href":"https:\/\/www.openstyle.pt\/fr\/wp-json\/wp\/v2\/comments?post=4175"}],"version-history":[{"count":5,"href":"https:\/\/www.openstyle.pt\/fr\/wp-json\/wp\/v2\/pages\/4175\/revisions"}],"predecessor-version":[{"id":4197,"href":"https:\/\/www.openstyle.pt\/fr\/wp-json\/wp\/v2\/pages\/4175\/revisions\/4197"}],"wp:attachment":[{"href":"https:\/\/www.openstyle.pt\/fr\/wp-json\/wp\/v2\/media?parent=4175"}],"curies":[{"name":"wp","href":"https:\/\/api.w.org\/{rel}","templated":true}]}}