{"id":4062,"date":"2019-05-03T14:06:33","date_gmt":"2019-05-03T14:06:33","guid":{"rendered":"https:\/\/www.openstyle.pt\/mobiliario-tecnico\/"},"modified":"2020-03-02T16:45:29","modified_gmt":"2020-03-02T15:45:29","slug":"meubles-techniques","status":"publish","type":"page","link":"https:\/\/www.openstyle.pt\/fr\/meubles-techniques\/","title":{"rendered":"MEUBLES TECHNIQUES"},"content":{"rendered":"<section class=\"wpb-content-wrapper\">[vc_row thb_full_width=\u00a0\u00bbtrue\u00a0\u00bb thb_row_padding=\u00a0\u00bbtrue\u00a0\u00bb thb_column_padding=\u00a0\u00bbtrue\u00a0\u00bb thb_scroll_bottom=\u00a0\u00bbtrue\u00a0\u00bb thb_scroll_bottom_style=\u00a0\u00bbstyle3&Prime; thb_scroll_bottom_color=\u00a0\u00bblight\u00a0\u00bb css=\u00a0\u00bb.vc_custom_1574421587026{padding-top: 32vh !important;padding-bottom: 22vh !important;background: #181a0b url(https:\/\/www.openstyle.pt\/wp-content\/uploads\/2019\/11\/s.png?id=2225) !important;background-position: center !important;background-repeat: no-repeat !important;background-size: cover !important;}\u00a0\u00bb][vc_column thb_color=\u00a0\u00bbthb-light-column\u00a0\u00bb][vc_row_inner][vc_column_inner][vc_column_text animation=\u00a0\u00bbanimation bottom-to-top\u00a0\u00bb]\n<h3><\/h3>\n[\/vc_column_text]\t<div id=\"thb-slidetype-69ee3636849c1\" class=\"thb-slidetype \" data-style=\"style3\">\n\t\t\n<h1><span class=\"thb-slidetype-entry\"><span class=\"lines\">| Meubles Techniques<\/span><\/span><\/h1>\n\t\t\t<\/div>\n  \n  \t<a id=\"thb-button-69ee363684a74\" class=\"btn style2 medium  white no-radius animation bottom-to-top scroll-bottom  \" href=\"#\" target=\"_self\" role=\"button\">\n\t\t\t  <span>KNOW MORE<\/span><\/a>\n    [\/vc_column_inner][\/vc_row_inner][\/vc_column][\/vc_row][vc_row][vc_column][vc_empty_space height=\u00a0\u00bb150px\u00a0\u00bb][\/vc_column][\/vc_row][vc_row][vc_column width=\u00a0\u00bb1\/2&Prime;][vc_column_text]Inspir\u00e9 de projets sur mesure, et ayant comme partenaires des entreprises qui misent sur la fid\u00e9lisation de sa client\u00e8le.[\/vc_column_text][vc_column_text]De par la qualit\u00e9 des produits, la conception de mobilier pour les \u00e9tablissements v\u00e9t\u00e9rinaires est un aspect de notre activit\u00e9 que nous int\u00e9grons fi\u00e8rement.[\/vc_column_text][\/vc_column][vc_column width=\u00a0\u00bb1\/2&Prime;][\/vc_column][\/vc_row][vc_row thb_full_width=\u00a0\u00bbtrue\u00a0\u00bb thb_row_padding=\u00a0\u00bbtrue\u00a0\u00bb thb_column_padding=\u00a0\u00bbtrue\u00a0\u00bb css=\u00a0\u00bb.vc_custom_1574435860574{background-image: url(https:\/\/www.openstyle.pt\/wp-content\/uploads\/2019\/11\/dqed.png?id=2229) !important;}\u00a0\u00bb][vc_column width=\u00a0\u00bb5\/12&Prime; css=\u00a0\u00bb.vc_custom_1557142098683{padding-top: 200px !important;padding-right: 80px !important;padding-bottom: 200px !important;padding-left: 80px !important;background-color: rgba(0,0,0,0.65) !important;*background-color: rgb(0,0,0) !important;}\u00a0\u00bb][vc_column_text]\n<h2 style=\"color: #ffffff; font-size: 42px;\">Nous proposons:<\/h2>\n<p><span style=\"color: #ffffff; font-size: 20px;\">Suivi des projets sur plan<br \/>\nR\u00e9novation ou modernisation de structures existantes<br \/>\nPropositions de mod\u00e9lisation 3D<br \/>\nConception du projet selon les exigences demand\u00e9es<br \/>\nR\u00e9alisation de mobilier<br \/>\nServices de transport, de livraison et d\u2019installation disponibles<br \/>\n<\/span>[\/vc_column_text][\/vc_column][vc_column width=\u00a0\u00bb7\/12&Prime;][\/vc_column][\/vc_row][vc_row][vc_column][vc_empty_space height=\u00a0\u00bb80px\u00a0\u00bb][\/vc_column][\/vc_row][vc_row thb_full_width=\u00a0\u00bbtrue\u00a0\u00bb thb_row_padding=\u00a0\u00bbtrue\u00a0\u00bb thb_column_padding=\u00a0\u00bbtrue\u00a0\u00bb css=\u00a0\u00bb.vc_custom_1564996073746{padding-top: 10vh !important;padding-bottom: 10vh !important;}\u00a0\u00bb][vc_column][vc_row_inner][vc_column_inner offset=\u00a0\u00bbvc_col-lg-6 vc_col-md-8&Prime;][vc_column_text]\n<h2 style=\"color: #000000; opacity: 0.38;\">Meubles Techniques.<\/h2>\n[\/vc_column_text][\/vc_column_inner][\/vc_row_inner][\/vc_column][\/vc_row][vc_row thb_full_width=\u00a0\u00bbtrue\u00a0\u00bb css=\u00a0\u00bb.vc_custom_1564996078709{margin-top: 100px !important;background-color: #ececec !important;}\u00a0\u00bb][vc_column css=\u00a0\u00bb.vc_custom_1564996000526{margin-top: -30vh !important;}\u00a0\u00bb]\t<div id=\"thb-image-slider-755\" class=\"thb-image-slider thb-carousel row mfp-gallery overflow-visible thb_center  center-arrows\" data-pagination=\"\" data-center=\"true\" data-columns=\"small-12 medium-4\" data-infinite=\"true\" data-autoplay=\"\" data-autoplay-speed=\"4000\" data-navigation=\"true\">\n\t\t\t\t\t\t<figure class=\"columns\">\n\t\t\t\t\t\t\t\t\t\t\t<a href=\"https:\/\/www.openstyle.pt\/wp-content\/uploads\/2019\/11\/s.png\">\n\t\t\t\t\t\t\t\t\t\t<img width=\"1088\" height=\"815\" src=\"https:\/\/www.openstyle.pt\/wp-content\/uploads\/2019\/11\/s.png\" class=\"attachment-full size-full\" alt=\"\" decoding=\"async\" loading=\"lazy\" srcset=\"https:\/\/www.openstyle.pt\/wp-content\/uploads\/2019\/11\/s.png 1088w, https:\/\/www.openstyle.pt\/wp-content\/uploads\/2019\/11\/s-300x225.png 300w, https:\/\/www.openstyle.pt\/wp-content\/uploads\/2019\/11\/s-1024x767.png 1024w, https:\/\/www.openstyle.pt\/wp-content\/uploads\/2019\/11\/s-768x575.png 768w, https:\/\/www.openstyle.pt\/wp-content\/uploads\/2019\/11\/s-380x285.png 380w, https:\/\/www.openstyle.pt\/wp-content\/uploads\/2019\/11\/s-20x15.png 20w, https:\/\/www.openstyle.pt\/wp-content\/uploads\/2019\/11\/s-190x142.png 190w, https:\/\/www.openstyle.pt\/wp-content\/uploads\/2019\/11\/s-760x569.png 760w\" sizes=\"(max-width: 1088px) 100vw, 1088px\">\t\t\t\t\t\t\t\t\t\t\t<\/a>\n\t\t\t\t\t\t\t\t\t<\/figure>\n\t\t\t\t\t\t\t\t<figure class=\"columns\">\n\t\t\t\t\t\t\t\t\t\t\t<a href=\"https:\/\/www.openstyle.pt\/wp-content\/uploads\/2019\/11\/dqed.png\">\n\t\t\t\t\t\t\t\t\t\t<img width=\"1133\" height=\"752\" src=\"https:\/\/www.openstyle.pt\/wp-content\/uploads\/2019\/11\/dqed.png\" class=\"attachment-full size-full\" alt=\"\" decoding=\"async\" loading=\"lazy\" srcset=\"https:\/\/www.openstyle.pt\/wp-content\/uploads\/2019\/11\/dqed.png 1133w, https:\/\/www.openstyle.pt\/wp-content\/uploads\/2019\/11\/dqed-300x199.png 300w, https:\/\/www.openstyle.pt\/wp-content\/uploads\/2019\/11\/dqed-1024x680.png 1024w, https:\/\/www.openstyle.pt\/wp-content\/uploads\/2019\/11\/dqed-768x510.png 768w, https:\/\/www.openstyle.pt\/wp-content\/uploads\/2019\/11\/dqed-380x252.png 380w, https:\/\/www.openstyle.pt\/wp-content\/uploads\/2019\/11\/dqed-190x126.png 190w, https:\/\/www.openstyle.pt\/wp-content\/uploads\/2019\/11\/dqed-760x504.png 760w, https:\/\/www.openstyle.pt\/wp-content\/uploads\/2019\/11\/dqed-20x13.png 20w\" sizes=\"(max-width: 1133px) 100vw, 1133px\">\t\t\t\t\t\t\t\t\t\t\t<\/a>\n\t\t\t\t\t\t\t\t\t<\/figure>\n\t\t\t\t\t\t\t\t<figure class=\"columns\">\n\t\t\t\t\t\t\t\t\t\t\t<a href=\"https:\/\/www.openstyle.pt\/wp-content\/uploads\/2019\/11\/fer.png\">\n\t\t\t\t\t\t\t\t\t\t<img width=\"541\" height=\"817\" src=\"https:\/\/www.openstyle.pt\/wp-content\/uploads\/2019\/11\/fer.png\" class=\"attachment-full size-full\" alt=\"\" decoding=\"async\" loading=\"lazy\" srcset=\"https:\/\/www.openstyle.pt\/wp-content\/uploads\/2019\/11\/fer.png 541w, https:\/\/www.openstyle.pt\/wp-content\/uploads\/2019\/11\/fer-199x300.png 199w, https:\/\/www.openstyle.pt\/wp-content\/uploads\/2019\/11\/fer-380x574.png 380w, https:\/\/www.openstyle.pt\/wp-content\/uploads\/2019\/11\/fer-20x30.png 20w, https:\/\/www.openstyle.pt\/wp-content\/uploads\/2019\/11\/fer-190x287.png 190w\" sizes=\"(max-width: 541px) 100vw, 541px\">\t\t\t\t\t\t\t\t\t\t\t<\/a>\n\t\t\t\t\t\t\t\t\t<\/figure>\n\t\t\t\t\t\t\t\t<figure class=\"columns\">\n\t\t\t\t\t\t\t\t\t\t\t<a href=\"https:\/\/www.openstyle.pt\/wp-content\/uploads\/2019\/11\/fe.png\">\n\t\t\t\t\t\t\t\t\t\t<img width=\"1086\" height=\"814\" src=\"https:\/\/www.openstyle.pt\/wp-content\/uploads\/2019\/11\/fe.png\" class=\"attachment-full size-full\" alt=\"\" decoding=\"async\" loading=\"lazy\" srcset=\"https:\/\/www.openstyle.pt\/wp-content\/uploads\/2019\/11\/fe.png 1086w, https:\/\/www.openstyle.pt\/wp-content\/uploads\/2019\/11\/fe-300x225.png 300w, https:\/\/www.openstyle.pt\/wp-content\/uploads\/2019\/11\/fe-1024x768.png 1024w, https:\/\/www.openstyle.pt\/wp-content\/uploads\/2019\/11\/fe-768x576.png 768w, https:\/\/www.openstyle.pt\/wp-content\/uploads\/2019\/11\/fe-380x285.png 380w, https:\/\/www.openstyle.pt\/wp-content\/uploads\/2019\/11\/fe-20x15.png 20w, https:\/\/www.openstyle.pt\/wp-content\/uploads\/2019\/11\/fe-190x142.png 190w, https:\/\/www.openstyle.pt\/wp-content\/uploads\/2019\/11\/fe-760x570.png 760w\" sizes=\"(max-width: 1086px) 100vw, 1086px\">\t\t\t\t\t\t\t\t\t\t\t<\/a>\n\t\t\t\t\t\t\t\t\t<\/figure>\n\t\t\t\t\t\t\t\t<figure class=\"columns\">\n\t\t\t\t\t\t\t\t\t\t\t<a href=\"https:\/\/www.openstyle.pt\/wp-content\/uploads\/2019\/11\/dw.png\">\n\t\t\t\t\t\t\t\t\t\t<img width=\"1017\" height=\"762\" src=\"https:\/\/www.openstyle.pt\/wp-content\/uploads\/2019\/11\/dw.png\" class=\"attachment-full size-full\" alt=\"\" decoding=\"async\" loading=\"lazy\" srcset=\"https:\/\/www.openstyle.pt\/wp-content\/uploads\/2019\/11\/dw.png 1017w, https:\/\/www.openstyle.pt\/wp-content\/uploads\/2019\/11\/dw-300x225.png 300w, https:\/\/www.openstyle.pt\/wp-content\/uploads\/2019\/11\/dw-768x575.png 768w, https:\/\/www.openstyle.pt\/wp-content\/uploads\/2019\/11\/dw-380x285.png 380w, https:\/\/www.openstyle.pt\/wp-content\/uploads\/2019\/11\/dw-20x15.png 20w, https:\/\/www.openstyle.pt\/wp-content\/uploads\/2019\/11\/dw-190x142.png 190w, https:\/\/www.openstyle.pt\/wp-content\/uploads\/2019\/11\/dw-760x569.png 760w\" sizes=\"(max-width: 1017px) 100vw, 1017px\">\t\t\t\t\t\t\t\t\t\t\t<\/a>\n\t\t\t\t\t\t\t\t\t<\/figure>\n\t\t\t\t\t\t\t\t<figure class=\"columns\">\n\t\t\t\t\t\t\t\t\t\t\t<a href=\"https:\/\/www.openstyle.pt\/wp-content\/uploads\/2019\/11\/yt5.png\">\n\t\t\t\t\t\t\t\t\t\t<img width=\"1130\" height=\"754\" src=\"https:\/\/www.openstyle.pt\/wp-content\/uploads\/2019\/11\/yt5.png\" class=\"attachment-full size-full\" alt=\"\" decoding=\"async\" loading=\"lazy\" srcset=\"https:\/\/www.openstyle.pt\/wp-content\/uploads\/2019\/11\/yt5.png 1130w, https:\/\/www.openstyle.pt\/wp-content\/uploads\/2019\/11\/yt5-300x200.png 300w, https:\/\/www.openstyle.pt\/wp-content\/uploads\/2019\/11\/yt5-1024x683.png 1024w, https:\/\/www.openstyle.pt\/wp-content\/uploads\/2019\/11\/yt5-768x512.png 768w, https:\/\/www.openstyle.pt\/wp-content\/uploads\/2019\/11\/yt5-380x254.png 380w, https:\/\/www.openstyle.pt\/wp-content\/uploads\/2019\/11\/yt5-190x127.png 190w, https:\/\/www.openstyle.pt\/wp-content\/uploads\/2019\/11\/yt5-760x507.png 760w, https:\/\/www.openstyle.pt\/wp-content\/uploads\/2019\/11\/yt5-20x13.png 20w\" sizes=\"(max-width: 1130px) 100vw, 1130px\">\t\t\t\t\t\t\t\t\t\t\t<\/a>\n\t\t\t\t\t\t\t\t\t<\/figure>\n\t\t\t\t\t\t\t\t<figure class=\"columns\">\n\t\t\t\t\t\t\t\t\t\t\t<a href=\"https:\/\/www.openstyle.pt\/wp-content\/uploads\/2019\/11\/hjh.png\">\n\t\t\t\t\t\t\t\t\t\t<img width=\"612\" height=\"817\" src=\"https:\/\/www.openstyle.pt\/wp-content\/uploads\/2019\/11\/hjh.png\" class=\"attachment-full size-full\" alt=\"\" decoding=\"async\" loading=\"lazy\" srcset=\"https:\/\/www.openstyle.pt\/wp-content\/uploads\/2019\/11\/hjh.png 612w, https:\/\/www.openstyle.pt\/wp-content\/uploads\/2019\/11\/hjh-225x300.png 225w, https:\/\/www.openstyle.pt\/wp-content\/uploads\/2019\/11\/hjh-380x507.png 380w, https:\/\/www.openstyle.pt\/wp-content\/uploads\/2019\/11\/hjh-190x254.png 190w, https:\/\/www.openstyle.pt\/wp-content\/uploads\/2019\/11\/hjh-20x27.png 20w\" sizes=\"(max-width: 612px) 100vw, 612px\">\t\t\t\t\t\t\t\t\t\t\t<\/a>\n\t\t\t\t\t\t\t\t\t<\/figure>\n\t\t\t\t\t\t\t\t<figure class=\"columns\">\n\t\t\t\t\t\t\t\t\t\t\t<a href=\"https:\/\/www.openstyle.pt\/wp-content\/uploads\/2019\/11\/fert4t.png\">\n\t\t\t\t\t\t\t\t\t\t<img width=\"611\" height=\"814\" src=\"https:\/\/www.openstyle.pt\/wp-content\/uploads\/2019\/11\/fert4t.png\" class=\"attachment-full size-full\" alt=\"\" decoding=\"async\" loading=\"lazy\" srcset=\"https:\/\/www.openstyle.pt\/wp-content\/uploads\/2019\/11\/fert4t.png 611w, https:\/\/www.openstyle.pt\/wp-content\/uploads\/2019\/11\/fert4t-225x300.png 225w, https:\/\/www.openstyle.pt\/wp-content\/uploads\/2019\/11\/fert4t-380x506.png 380w, https:\/\/www.openstyle.pt\/wp-content\/uploads\/2019\/11\/fert4t-190x253.png 190w, https:\/\/www.openstyle.pt\/wp-content\/uploads\/2019\/11\/fert4t-20x27.png 20w\" sizes=\"(max-width: 611px) 100vw, 611px\">\t\t\t\t\t\t\t\t\t\t\t<\/a>\n\t\t\t\t\t\t\t\t\t<\/figure>\n\t\t\t\t\t\t\t\t<figure class=\"columns\">\n\t\t\t\t\t\t\t\t\t\t\t<a href=\"https:\/\/www.openstyle.pt\/wp-content\/uploads\/2019\/11\/r3r.png\">\n\t\t\t\t\t\t\t\t\t\t<img width=\"609\" height=\"815\" src=\"https:\/\/www.openstyle.pt\/wp-content\/uploads\/2019\/11\/r3r.png\" class=\"attachment-full size-full\" alt=\"\" decoding=\"async\" loading=\"lazy\" srcset=\"https:\/\/www.openstyle.pt\/wp-content\/uploads\/2019\/11\/r3r.png 609w, https:\/\/www.openstyle.pt\/wp-content\/uploads\/2019\/11\/r3r-224x300.png 224w, https:\/\/www.openstyle.pt\/wp-content\/uploads\/2019\/11\/r3r-380x509.png 380w, https:\/\/www.openstyle.pt\/wp-content\/uploads\/2019\/11\/r3r-190x254.png 190w, https:\/\/www.openstyle.pt\/wp-content\/uploads\/2019\/11\/r3r-20x27.png 20w\" sizes=\"(max-width: 609px) 100vw, 609px\">\t\t\t\t\t\t\t\t\t\t\t<\/a>\n\t\t\t\t\t\t\t\t\t<\/figure>\n\t\t\t\t\t\t\t\t<figure class=\"columns\">\n\t\t\t\t\t\t\t\t\t\t\t<a href=\"https:\/\/www.openstyle.pt\/wp-content\/uploads\/2019\/11\/353.png\">\n\t\t\t\t\t\t\t\t\t\t<img width=\"612\" height=\"816\" src=\"https:\/\/www.openstyle.pt\/wp-content\/uploads\/2019\/11\/353.png\" class=\"attachment-full size-full\" alt=\"\" decoding=\"async\" loading=\"lazy\" srcset=\"https:\/\/www.openstyle.pt\/wp-content\/uploads\/2019\/11\/353.png 612w, https:\/\/www.openstyle.pt\/wp-content\/uploads\/2019\/11\/353-225x300.png 225w, https:\/\/www.openstyle.pt\/wp-content\/uploads\/2019\/11\/353-380x507.png 380w, https:\/\/www.openstyle.pt\/wp-content\/uploads\/2019\/11\/353-190x253.png 190w, https:\/\/www.openstyle.pt\/wp-content\/uploads\/2019\/11\/353-20x27.png 20w\" sizes=\"(max-width: 612px) 100vw, 612px\">\t\t\t\t\t\t\t\t\t\t\t<\/a>\n\t\t\t\t\t\t\t\t\t<\/figure>\n\t\t\t\t\t\t\t\t<figure class=\"columns\">\n\t\t\t\t\t\t\t\t\t\t\t<a href=\"https:\/\/www.openstyle.pt\/wp-content\/uploads\/2019\/11\/t4.png\">\n\t\t\t\t\t\t\t\t\t\t<img width=\"608\" height=\"819\" src=\"https:\/\/www.openstyle.pt\/wp-content\/uploads\/2019\/11\/t4.png\" class=\"attachment-full size-full\" alt=\"\" decoding=\"async\" loading=\"lazy\" srcset=\"https:\/\/www.openstyle.pt\/wp-content\/uploads\/2019\/11\/t4.png 608w, https:\/\/www.openstyle.pt\/wp-content\/uploads\/2019\/11\/t4-223x300.png 223w, https:\/\/www.openstyle.pt\/wp-content\/uploads\/2019\/11\/t4-380x512.png 380w, https:\/\/www.openstyle.pt\/wp-content\/uploads\/2019\/11\/t4-190x256.png 190w, https:\/\/www.openstyle.pt\/wp-content\/uploads\/2019\/11\/t4-20x27.png 20w\" sizes=\"(max-width: 608px) 100vw, 608px\">\t\t\t\t\t\t\t\t\t\t\t<\/a>\n\t\t\t\t\t\t\t\t\t<\/figure>\n\t\t\t\t\t\t\t\t<figure class=\"columns\">\n\t\t\t\t\t\t\t\t\t\t\t<a href=\"https:\/\/www.openstyle.pt\/wp-content\/uploads\/2019\/11\/dew.png\">\n\t\t\t\t\t\t\t\t\t\t<img width=\"1083\" height=\"814\" src=\"https:\/\/www.openstyle.pt\/wp-content\/uploads\/2019\/11\/dew.png\" class=\"attachment-full size-full\" alt=\"\" decoding=\"async\" loading=\"lazy\" srcset=\"https:\/\/www.openstyle.pt\/wp-content\/uploads\/2019\/11\/dew.png 1083w, https:\/\/www.openstyle.pt\/wp-content\/uploads\/2019\/11\/dew-300x225.png 300w, https:\/\/www.openstyle.pt\/wp-content\/uploads\/2019\/11\/dew-1024x770.png 1024w, https:\/\/www.openstyle.pt\/wp-content\/uploads\/2019\/11\/dew-768x577.png 768w, https:\/\/www.openstyle.pt\/wp-content\/uploads\/2019\/11\/dew-380x286.png 380w, https:\/\/www.openstyle.pt\/wp-content\/uploads\/2019\/11\/dew-20x15.png 20w, https:\/\/www.openstyle.pt\/wp-content\/uploads\/2019\/11\/dew-190x143.png 190w, https:\/\/www.openstyle.pt\/wp-content\/uploads\/2019\/11\/dew-760x571.png 760w\" sizes=\"(max-width: 1083px) 100vw, 1083px\">\t\t\t\t\t\t\t\t\t\t\t<\/a>\n\t\t\t\t\t\t\t\t\t<\/figure>\n\t\t\t\t\t\t\t\t<figure class=\"columns\">\n\t\t\t\t\t\t\t\t\t\t\t<a href=\"https:\/\/www.openstyle.pt\/wp-content\/uploads\/2019\/11\/dw3.png\">\n\t\t\t\t\t\t\t\t\t\t<img width=\"1088\" height=\"817\" src=\"https:\/\/www.openstyle.pt\/wp-content\/uploads\/2019\/11\/dw3.png\" class=\"attachment-full size-full\" alt=\"\" decoding=\"async\" loading=\"lazy\" srcset=\"https:\/\/www.openstyle.pt\/wp-content\/uploads\/2019\/11\/dw3.png 1088w, https:\/\/www.openstyle.pt\/wp-content\/uploads\/2019\/11\/dw3-300x225.png 300w, https:\/\/www.openstyle.pt\/wp-content\/uploads\/2019\/11\/dw3-1024x769.png 1024w, https:\/\/www.openstyle.pt\/wp-content\/uploads\/2019\/11\/dw3-768x577.png 768w, https:\/\/www.openstyle.pt\/wp-content\/uploads\/2019\/11\/dw3-380x285.png 380w, https:\/\/www.openstyle.pt\/wp-content\/uploads\/2019\/11\/dw3-20x15.png 20w, https:\/\/www.openstyle.pt\/wp-content\/uploads\/2019\/11\/dw3-190x143.png 190w, https:\/\/www.openstyle.pt\/wp-content\/uploads\/2019\/11\/dw3-760x571.png 760w\" sizes=\"(max-width: 1088px) 100vw, 1088px\">\t\t\t\t\t\t\t\t\t\t\t<\/a>\n\t\t\t\t\t\t\t\t\t<\/figure>\n\t\t\t\t\t\t\t\t<figure class=\"columns\">\n\t\t\t\t\t\t\t\t\t\t\t<a href=\"https:\/\/www.openstyle.pt\/wp-content\/uploads\/2019\/11\/5y7.png\">\n\t\t\t\t\t\t\t\t\t\t<img width=\"610\" height=\"819\" src=\"https:\/\/www.openstyle.pt\/wp-content\/uploads\/2019\/11\/5y7.png\" class=\"attachment-full size-full\" alt=\"\" decoding=\"async\" loading=\"lazy\" srcset=\"https:\/\/www.openstyle.pt\/wp-content\/uploads\/2019\/11\/5y7.png 610w, https:\/\/www.openstyle.pt\/wp-content\/uploads\/2019\/11\/5y7-223x300.png 223w, https:\/\/www.openstyle.pt\/wp-content\/uploads\/2019\/11\/5y7-380x510.png 380w, https:\/\/www.openstyle.pt\/wp-content\/uploads\/2019\/11\/5y7-190x255.png 190w, https:\/\/www.openstyle.pt\/wp-content\/uploads\/2019\/11\/5y7-20x27.png 20w\" sizes=\"(max-width: 610px) 100vw, 610px\">\t\t\t\t\t\t\t\t\t\t\t<\/a>\n\t\t\t\t\t\t\t\t\t<\/figure>\n\t\t\t\t\t\t\t\t<figure class=\"columns\">\n\t\t\t\t\t\t\t\t\t\t\t<a href=\"https:\/\/www.openstyle.pt\/wp-content\/uploads\/2019\/11\/t4421.png\">\n\t\t\t\t\t\t\t\t\t\t<img width=\"1131\" height=\"613\" src=\"https:\/\/www.openstyle.pt\/wp-content\/uploads\/2019\/11\/t4421.png\" class=\"attachment-full size-full\" alt=\"\" decoding=\"async\" loading=\"lazy\" srcset=\"https:\/\/www.openstyle.pt\/wp-content\/uploads\/2019\/11\/t4421.png 1131w, https:\/\/www.openstyle.pt\/wp-content\/uploads\/2019\/11\/t4421-300x163.png 300w, https:\/\/www.openstyle.pt\/wp-content\/uploads\/2019\/11\/t4421-1024x555.png 1024w, https:\/\/www.openstyle.pt\/wp-content\/uploads\/2019\/11\/t4421-768x416.png 768w, https:\/\/www.openstyle.pt\/wp-content\/uploads\/2019\/11\/t4421-380x206.png 380w, https:\/\/www.openstyle.pt\/wp-content\/uploads\/2019\/11\/t4421-20x11.png 20w, https:\/\/www.openstyle.pt\/wp-content\/uploads\/2019\/11\/t4421-190x103.png 190w, https:\/\/www.openstyle.pt\/wp-content\/uploads\/2019\/11\/t4421-760x412.png 760w\" sizes=\"(max-width: 1131px) 100vw, 1131px\">\t\t\t\t\t\t\t\t\t\t\t<\/a>\n\t\t\t\t\t\t\t\t\t<\/figure>\n\t\t\t\t\t<\/div>\n\t[vc_empty_space height=\u00a0\u00bb150px\u00a0\u00bb][\/vc_column][\/vc_row]\n<\/section>","protected":false},"excerpt":{"rendered":"<p>[vc_row thb_full_width=\u00a0\u00bbtrue\u00a0\u00bb thb_row_padding=\u00a0\u00bbtrue\u00a0\u00bb thb_column_padding=\u00a0\u00bbtrue\u00a0\u00bb thb_scroll_bottom=\u00a0\u00bbtrue\u00a0\u00bb thb_scroll_bottom_style=\u00a0\u00bbstyle3&Prime; thb_scroll_bottom_color=\u00a0\u00bblight\u00a0\u00bb css=\u00a0\u00bb.vc_custom_1574421587026{padding-top: 32vh !important;padding-bottom: 22vh !important;background: #181a0b url(https:\/\/www.openstyle.pt\/wp-content\/uploads\/2019\/11\/s.png?id=2225) !important;background-position: center !important;background-repeat: no-repeat !important;background-size: cover !important;}\u00a0\u00bb][vc_column thb_color=\u00a0\u00bbthb-light-column\u00a0\u00bb][vc_row_inner][vc_column_inner][vc_column_text animation=\u00a0\u00bbanimation bottom-to-top\u00a0\u00bb] [\/vc_column_text][\/vc_column_inner][\/vc_row_inner][\/vc_column][\/vc_row][vc_row][vc_column][vc_empty_space height=\u00a0\u00bb150px\u00a0\u00bb][\/vc_column][\/vc_row][vc_row][vc_column width=\u00a0\u00bb1\/2&Prime;][vc_column_text]Inspir\u00e9 de projets sur mesure, et ayant comme partenaires des entreprises qui misent sur la fid\u00e9lisation de sa client\u00e8le.[\/vc_column_text][vc_column_text]De par la qualit\u00e9 des produits, la conception de mobilier pour&hellip;<\/p>\n","protected":false},"author":1,"featured_media":0,"parent":0,"menu_order":0,"comment_status":"closed","ping_status":"closed","template":"","meta":{"_mi_skip_tracking":false,"_exactmetrics_sitenote_active":false,"_exactmetrics_sitenote_note":"","_exactmetrics_sitenote_category":0,"footnotes":""},"_links":{"self":[{"href":"https:\/\/www.openstyle.pt\/fr\/wp-json\/wp\/v2\/pages\/4062"}],"collection":[{"href":"https:\/\/www.openstyle.pt\/fr\/wp-json\/wp\/v2\/pages"}],"about":[{"href":"https:\/\/www.openstyle.pt\/fr\/wp-json\/wp\/v2\/types\/page"}],"author":[{"embeddable":true,"href":"https:\/\/www.openstyle.pt\/fr\/wp-json\/wp\/v2\/users\/1"}],"replies":[{"embeddable":true,"href":"https:\/\/www.openstyle.pt\/fr\/wp-json\/wp\/v2\/comments?post=4062"}],"version-history":[{"count":3,"href":"https:\/\/www.openstyle.pt\/fr\/wp-json\/wp\/v2\/pages\/4062\/revisions"}],"predecessor-version":[{"id":4200,"href":"https:\/\/www.openstyle.pt\/fr\/wp-json\/wp\/v2\/pages\/4062\/revisions\/4200"}],"wp:attachment":[{"href":"https:\/\/www.openstyle.pt\/fr\/wp-json\/wp\/v2\/media?parent=4062"}],"curies":[{"name":"wp","href":"https:\/\/api.w.org\/{rel}","templated":true}]}}