{"id":3847,"date":"2019-05-02T17:22:15","date_gmt":"2019-05-02T17:22:15","guid":{"rendered":"https:\/\/www.openstyle.pt\/vetline\/"},"modified":"2020-05-20T14:12:31","modified_gmt":"2020-05-20T13:12:31","slug":"vetline","status":"publish","type":"page","link":"https:\/\/www.openstyle.pt\/fr\/vetline\/","title":{"rendered":"VETLINE"},"content":{"rendered":"<section class=\"wpb-content-wrapper\">[vc_row thb_full_width=\u00a0\u00bbtrue\u00a0\u00bb thb_row_padding=\u00a0\u00bbtrue\u00a0\u00bb thb_column_padding=\u00a0\u00bbtrue\u00a0\u00bb thb_scroll_bottom=\u00a0\u00bbtrue\u00a0\u00bb thb_scroll_bottom_style=\u00a0\u00bbstyle3&Prime; thb_scroll_bottom_color=\u00a0\u00bblight\u00a0\u00bb css=\u00a0\u00bb.vc_custom_1557156535916{padding-top: 32vh !important;padding-bottom: 22vh !important;background: #181a0b url(https:\/\/www.openstyle.pt\/wp-content\/uploads\/2019\/05\/Group-69@2x.jpg?id=536) !important;background-position: center !important;background-repeat: no-repeat !important;background-size: cover !important;}\u00a0\u00bb][vc_column thb_color=\u00a0\u00bbthb-light-column\u00a0\u00bb][vc_row_inner][vc_column_inner]\t<div id=\"thb-slidetype-69e33f67214b4\" class=\"thb-slidetype \" data-style=\"style3\">\n\t\t\n<h1><span class=\"thb-slidetype-entry\"><span class=\"lines\">| Vetline<\/span><\/span><\/h1>\n\t\t\t<\/div>\n  \n  [vc_column_text animation=\u00a0\u00bbanimation bottom-to-top\u00a0\u00bb]\n<h3><span style=\"color: #bbbbbb; font-size: 20px;\"><strong>Cr\u00e9ez votre structure v\u00e9t\u00e9rinaire pour qu&rsquo;elle soit unique.<\/strong><\/span><\/h3>\n[\/vc_column_text]\t<a id=\"thb-button-69e33f672155c\" class=\"btn style2 medium  white no-radius animation bottom-to-top scroll-bottom  \" href=\"#\" target=\"_self\" role=\"button\">\n\t\t\t  <span>EN SAVOIR PLUS<\/span><\/a>\n    [\/vc_column_inner][\/vc_row_inner][\/vc_column][\/vc_row][vc_row][vc_column][vc_empty_space height=\u00a0\u00bb150px\u00a0\u00bb][\/vc_column][\/vc_row][vc_row][vc_column][vc_column_text]\n<h2 style=\"color: #000000; opacity: 0.38;\">Bien-\u00eatre<br \/>\net confiance.<\/h2>\n[\/vc_column_text][\/vc_column][\/vc_row][vc_row][vc_column width=\u00a0\u00bb1\/2&Prime;][vc_column_text]Dans un monde aux sp\u00e9cificit\u00e9s et aux exigences techniques multiples, nous proposons plusieurs options pour que votre structure v\u00e9t\u00e9rinaire soit unique. Alliant le bien-\u00eatre des animaux, la confiance des propri\u00e9taires et le confort du v\u00e9t\u00e9rinaire,[\/vc_column_text][vc_column_text]nous misons sur une gamme de produits de qualit\u00e9 sup\u00e9rieure.<\/p>\n<p>\u2026 Parce qu&rsquo;inventer nous fait \u00e9voluer![\/vc_column_text][\/vc_column][vc_column width=\u00a0\u00bb1\/2&Prime;][\/vc_column][\/vc_row][vc_row][vc_column][vc_empty_space height=\u00a0\u00bb80px\u00a0\u00bb][\/vc_column][\/vc_row][vc_row thb_full_width=\u00a0\u00bbtrue\u00a0\u00bb thb_row_padding=\u00a0\u00bbtrue\u00a0\u00bb thb_column_padding=\u00a0\u00bbtrue\u00a0\u00bb][vc_column]\t<div id=\"thb-bg-list-69e33f67215b3\" class=\"thb-bg-list-parent style1 row no-padding thb-light-title\" data-zoom-effect=\"true\">\n\t\t\t<div class=\"small-12 medium-3 columns\" style=\"min-height: 60vh\">\n\t\t<div class=\"thb-bg-list animation right-to-left-3d has-btn\">\n\t\t\t<div class=\"list-content-container\">\n\t\t\t\t\t\t\t\t\t<div class=\"thb-bg-list-title\">\n\t\t\t\t\t\t<h4>Cages D&#039;hospitalisation<\/h4>\n\t\t\t\t\t<\/div>\n\t\t\t\t\t\t\t\t\t\t\t<\/div>\n\t\t\t\t\t\t\t<a href=\"https:\/\/www.openstyle.pt\/fr\/cages-dhospitalisation\" target=\"_self\" title=\"EN SAVOIR PLUS\" class=\"btn thb-bglist-btn no-radius style2 white small\"><span>EN SAVOIR PLUS<\/span><\/a>\n\t\t\t\t\t<\/div>\n\t<\/div>\n\t<figure class=\"thb-bg-list-bg\">\n\t\t\n\t\t<img width=\"3840\" height=\"1076\" src=\"https:\/\/www.openstyle.pt\/wp-content\/uploads\/2019\/05\/vetline-boxes-krion@2x.jpg\" class=\"thb-bg-list-image attachment-full\" alt=\"\" decoding=\"async\" title=\"vetline-boxes-krion@2x\" loading=\"lazy\" srcset=\"https:\/\/www.openstyle.pt\/wp-content\/uploads\/2019\/05\/vetline-boxes-krion@2x.jpg 3840w, https:\/\/www.openstyle.pt\/wp-content\/uploads\/2019\/05\/vetline-boxes-krion@2x-300x84.jpg 300w, https:\/\/www.openstyle.pt\/wp-content\/uploads\/2019\/05\/vetline-boxes-krion@2x-768x215.jpg 768w, https:\/\/www.openstyle.pt\/wp-content\/uploads\/2019\/05\/vetline-boxes-krion@2x-1024x287.jpg 1024w, https:\/\/www.openstyle.pt\/wp-content\/uploads\/2019\/05\/vetline-boxes-krion@2x-380x106.jpg 380w, https:\/\/www.openstyle.pt\/wp-content\/uploads\/2019\/05\/vetline-boxes-krion@2x-20x6.jpg 20w, https:\/\/www.openstyle.pt\/wp-content\/uploads\/2019\/05\/vetline-boxes-krion@2x-190x53.jpg 190w, https:\/\/www.openstyle.pt\/wp-content\/uploads\/2019\/05\/vetline-boxes-krion@2x-760x213.jpg 760w, https:\/\/www.openstyle.pt\/wp-content\/uploads\/2019\/05\/vetline-boxes-krion@2x-1140x319.jpg 1140w\" sizes=\"(max-width: 3840px) 100vw, 3840px\">\t<\/figure>\n\t\n\t\t<div class=\"small-12 medium-3 columns\" style=\"min-height: 60vh\">\n\t\t<div class=\"thb-bg-list animation right-to-left-3d has-btn\">\n\t\t\t<div class=\"list-content-container\">\n\t\t\t\t\t\t\t\t\t<div class=\"thb-bg-list-title\">\n\t\t\t\t\t\t<h4>Meubles Techniques<\/h4>\n\t\t\t\t\t<\/div>\n\t\t\t\t\t\t\t\t\t\t\t<\/div>\n\t\t\t\t\t\t\t<a href=\"https:\/\/www.openstyle.pt\/fr\/meubles-techniques\" target=\"_self\" title=\"EN SAVOIR PLUS\" class=\"btn thb-bglist-btn no-radius style2 white small\"><span>EN SAVOIR PLUS<\/span><\/a>\n\t\t\t\t\t<\/div>\n\t<\/div>\n\t<figure class=\"thb-bg-list-bg\">\n\t\t\n\t\t<img width=\"1180\" height=\"648\" src=\"https:\/\/www.openstyle.pt\/wp-content\/uploads\/2019\/10\/Sem-T\u00edtulo.png\" class=\"thb-bg-list-image attachment-full\" alt=\"\" decoding=\"async\" title=\"Sem T\u00edtulo\" loading=\"lazy\" srcset=\"https:\/\/www.openstyle.pt\/wp-content\/uploads\/2019\/10\/Sem-T\u00edtulo.png 1180w, https:\/\/www.openstyle.pt\/wp-content\/uploads\/2019\/10\/Sem-T\u00edtulo-300x165.png 300w, https:\/\/www.openstyle.pt\/wp-content\/uploads\/2019\/10\/Sem-T\u00edtulo-768x422.png 768w, https:\/\/www.openstyle.pt\/wp-content\/uploads\/2019\/10\/Sem-T\u00edtulo-1024x562.png 1024w, https:\/\/www.openstyle.pt\/wp-content\/uploads\/2019\/10\/Sem-T\u00edtulo-380x209.png 380w, https:\/\/www.openstyle.pt\/wp-content\/uploads\/2019\/10\/Sem-T\u00edtulo-20x11.png 20w, https:\/\/www.openstyle.pt\/wp-content\/uploads\/2019\/10\/Sem-T\u00edtulo-190x104.png 190w, https:\/\/www.openstyle.pt\/wp-content\/uploads\/2019\/10\/Sem-T\u00edtulo-760x417.png 760w, https:\/\/www.openstyle.pt\/wp-content\/uploads\/2019\/10\/Sem-T\u00edtulo-1140x626.png 1140w\" sizes=\"(max-width: 1180px) 100vw, 1180px\">\t<\/figure>\n\t\n\t\t<div class=\"small-12 medium-3 columns\" style=\"min-height: 60vh\">\n\t\t<div class=\"thb-bg-list animation right-to-left-3d has-btn\">\n\t\t\t<div class=\"list-content-container\">\n\t\t\t\t\t\t\t\t\t<div class=\"thb-bg-list-title\">\n\t\t\t\t\t\t<h4>Sinal\u00e9ticas<\/h4>\n\t\t\t\t\t<\/div>\n\t\t\t\t\t\t\t\t\t\t\t<\/div>\n\t\t\t\t\t\t\t<a href=\"https:\/\/www.openstyle.pt\/fr\/sinaleticas\" target=\"_self\" title=\"EN SAVOIR PLUS\" class=\"btn thb-bglist-btn no-radius style2 white small\"><span>EN SAVOIR PLUS<\/span><\/a>\n\t\t\t\t\t<\/div>\n\t<\/div>\n\t<figure class=\"thb-bg-list-bg\">\n\t\t\n\t\t<img width=\"1086\" height=\"814\" src=\"https:\/\/www.openstyle.pt\/wp-content\/uploads\/2019\/11\/fe.png\" class=\"thb-bg-list-image attachment-full\" alt=\"\" decoding=\"async\" title=\"fe\" loading=\"lazy\" srcset=\"https:\/\/www.openstyle.pt\/wp-content\/uploads\/2019\/11\/fe.png 1086w, https:\/\/www.openstyle.pt\/wp-content\/uploads\/2019\/11\/fe-300x225.png 300w, https:\/\/www.openstyle.pt\/wp-content\/uploads\/2019\/11\/fe-1024x768.png 1024w, https:\/\/www.openstyle.pt\/wp-content\/uploads\/2019\/11\/fe-768x576.png 768w, https:\/\/www.openstyle.pt\/wp-content\/uploads\/2019\/11\/fe-380x285.png 380w, https:\/\/www.openstyle.pt\/wp-content\/uploads\/2019\/11\/fe-20x15.png 20w, https:\/\/www.openstyle.pt\/wp-content\/uploads\/2019\/11\/fe-190x142.png 190w, https:\/\/www.openstyle.pt\/wp-content\/uploads\/2019\/11\/fe-760x570.png 760w\" sizes=\"(max-width: 1086px) 100vw, 1086px\">\t<\/figure>\n\t\n\t\t<div class=\"small-12 medium-3 columns\" style=\"min-height: 60vh\">\n\t\t<div class=\"thb-bg-list animation right-to-left-3d has-btn\">\n\t\t\t<div class=\"list-content-container\">\n\t\t\t\t\t\t\t\t\t<div class=\"thb-bg-list-title\">\n\t\t\t\t\t\t<h4>Outros produtos<\/h4>\n\t\t\t\t\t<\/div>\n\t\t\t\t\t\t\t\t\t\t\t<\/div>\n\t\t\t\t\t\t\t<a href=\"#\" target=\"_self\" title=\"SAIBA MAIS\" class=\"btn thb-bglist-btn no-radius style2 white small\"><span>SAIBA MAIS<\/span><\/a>\n\t\t\t\t\t<\/div>\n\t<\/div>\n\t<figure class=\"thb-bg-list-bg\">\n\t\t\n\t\t<img width=\"1133\" height=\"752\" src=\"https:\/\/www.openstyle.pt\/wp-content\/uploads\/2019\/11\/dqed.png\" class=\"thb-bg-list-image attachment-full\" alt=\"\" decoding=\"async\" title=\"dqed\" loading=\"lazy\" srcset=\"https:\/\/www.openstyle.pt\/wp-content\/uploads\/2019\/11\/dqed.png 1133w, https:\/\/www.openstyle.pt\/wp-content\/uploads\/2019\/11\/dqed-300x199.png 300w, https:\/\/www.openstyle.pt\/wp-content\/uploads\/2019\/11\/dqed-1024x680.png 1024w, https:\/\/www.openstyle.pt\/wp-content\/uploads\/2019\/11\/dqed-768x510.png 768w, https:\/\/www.openstyle.pt\/wp-content\/uploads\/2019\/11\/dqed-380x252.png 380w, https:\/\/www.openstyle.pt\/wp-content\/uploads\/2019\/11\/dqed-190x126.png 190w, https:\/\/www.openstyle.pt\/wp-content\/uploads\/2019\/11\/dqed-760x504.png 760w, https:\/\/www.openstyle.pt\/wp-content\/uploads\/2019\/11\/dqed-20x13.png 20w\" sizes=\"(max-width: 1133px) 100vw, 1133px\">\t<\/figure>\n\t\n\t\t<\/div>\n\t[\/vc_column][\/vc_row]\n<\/section>","protected":false},"excerpt":{"rendered":"<p>[vc_row thb_full_width=\u00a0\u00bbtrue\u00a0\u00bb thb_row_padding=\u00a0\u00bbtrue\u00a0\u00bb thb_column_padding=\u00a0\u00bbtrue\u00a0\u00bb thb_scroll_bottom=\u00a0\u00bbtrue\u00a0\u00bb thb_scroll_bottom_style=\u00a0\u00bbstyle3&Prime; thb_scroll_bottom_color=\u00a0\u00bblight\u00a0\u00bb css=\u00a0\u00bb.vc_custom_1557156535916{padding-top: 32vh !important;padding-bottom: 22vh !important;background: #181a0b url(https:\/\/www.openstyle.pt\/wp-content\/uploads\/2019\/05\/Group-69@2x.jpg?id=536) !important;background-position: center !important;background-repeat: no-repeat !important;background-size: cover !important;}\u00a0\u00bb][vc_column thb_color=\u00a0\u00bbthb-light-column\u00a0\u00bb][vc_row_inner][vc_column_inner][vc_column_text animation=\u00a0\u00bbanimation bottom-to-top\u00a0\u00bb] Cr\u00e9ez votre structure v\u00e9t\u00e9rinaire pour qu&rsquo;elle soit unique. [\/vc_column_text][\/vc_column_inner][\/vc_row_inner][\/vc_column][\/vc_row][vc_row][vc_column][vc_empty_space height=\u00a0\u00bb150px\u00a0\u00bb][\/vc_column][\/vc_row][vc_row][vc_column][vc_column_text] Bien-\u00eatre et confiance. [\/vc_column_text][\/vc_column][\/vc_row][vc_row][vc_column width=\u00a0\u00bb1\/2&Prime;][vc_column_text]Dans un monde aux sp\u00e9cificit\u00e9s et aux exigences techniques multiples, nous proposons plusieurs options pour que votre&hellip;<\/p>\n","protected":false},"author":1,"featured_media":0,"parent":0,"menu_order":0,"comment_status":"closed","ping_status":"closed","template":"","meta":{"_mi_skip_tracking":false,"_exactmetrics_sitenote_active":false,"_exactmetrics_sitenote_note":"","_exactmetrics_sitenote_category":0,"footnotes":""},"_links":{"self":[{"href":"https:\/\/www.openstyle.pt\/fr\/wp-json\/wp\/v2\/pages\/3847"}],"collection":[{"href":"https:\/\/www.openstyle.pt\/fr\/wp-json\/wp\/v2\/pages"}],"about":[{"href":"https:\/\/www.openstyle.pt\/fr\/wp-json\/wp\/v2\/types\/page"}],"author":[{"embeddable":true,"href":"https:\/\/www.openstyle.pt\/fr\/wp-json\/wp\/v2\/users\/1"}],"replies":[{"embeddable":true,"href":"https:\/\/www.openstyle.pt\/fr\/wp-json\/wp\/v2\/comments?post=3847"}],"version-history":[{"count":4,"href":"https:\/\/www.openstyle.pt\/fr\/wp-json\/wp\/v2\/pages\/3847\/revisions"}],"predecessor-version":[{"id":4480,"href":"https:\/\/www.openstyle.pt\/fr\/wp-json\/wp\/v2\/pages\/3847\/revisions\/4480"}],"wp:attachment":[{"href":"https:\/\/www.openstyle.pt\/fr\/wp-json\/wp\/v2\/media?parent=3847"}],"curies":[{"name":"wp","href":"https:\/\/api.w.org\/{rel}","templated":true}]}}