{"id":3002,"date":"2019-05-06T16:37:00","date_gmt":"2019-05-06T16:37:00","guid":{"rendered":"https:\/\/www.openstyle.pt\/eletrodomesticos\/"},"modified":"2020-02-28T18:12:58","modified_gmt":"2020-02-28T17:12:58","slug":"electromenagers","status":"publish","type":"page","link":"https:\/\/www.openstyle.pt\/fr\/electromenagers\/","title":{"rendered":"ELECTROM\u00c9NAGERS"},"content":{"rendered":"<section class=\"wpb-content-wrapper\">[vc_row thb_full_width=\u00a0\u00bbtrue\u00a0\u00bb thb_row_padding=\u00a0\u00bbtrue\u00a0\u00bb thb_column_padding=\u00a0\u00bbtrue\u00a0\u00bb thb_scroll_bottom=\u00a0\u00bbtrue\u00a0\u00bb thb_scroll_bottom_style=\u00a0\u00bbstyle3&Prime; thb_scroll_bottom_color=\u00a0\u00bblight\u00a0\u00bb css=\u00a0\u00bb.vc_custom_1557407812411{padding-top: 32vh !important;padding-bottom: 22vh !important;background: #181a0b url(https:\/\/www.openstyle.pt\/wp-content\/uploads\/2019\/05\/eletrodomesticos.jpg?id=1227) !important;background-position: center !important;background-repeat: no-repeat !important;background-size: cover !important;}\u00a0\u00bb][vc_column thb_color=\u00a0\u00bbthb-light-column\u00a0\u00bb][vc_row_inner][vc_column_inner]\t<div id=\"thb-slidetype-69f5628ed65ec\" class=\"thb-slidetype \" data-style=\"style3\">\n\t\t\n<h1><span class=\"thb-slidetype-entry\"><span class=\"lines\">| Electrom\u00e9nagers<\/span><\/span><\/h1>\n\t\t\t<\/div>\n  \n  [vc_column_text animation=\u00a0\u00bbanimation bottom-to-top\u00a0\u00bb]\n<h3><\/h3>\n[\/vc_column_text]\t<a id=\"thb-button-69f5628ed6682\" class=\"btn style2 medium  white no-radius animation bottom-to-top scroll-bottom  \" href=\"#\" target=\"_self\" role=\"button\">\n\t\t\t  <span>EN SAVOIR PLUS<\/span><\/a>\n    [\/vc_column_inner][\/vc_row_inner][\/vc_column][\/vc_row][vc_row][vc_column][vc_empty_space height=\u00a0\u00bb100px\u00a0\u00bb][\/vc_column][\/vc_row][vc_row][vc_column width=\u00a0\u00bb1\/2&Prime;][vc_column_text]S\u00e9lectionnez les appareils qui conviennent le mieux \u00e0 votre foyer, parmi la vaste gamme que trois grandes marques mettent \u00e0 votre disposition. Nous garantissons toujours la qualit\u00e9 \u00e0 laquelle nos clients se sont habitu\u00e9s![\/vc_column_text][\/vc_column][vc_column width=\u00a0\u00bb1\/2&Prime;][\/vc_column][\/vc_row][vc_row][vc_column][vc_empty_space height=\u00a0\u00bb150px\u00a0\u00bb][\/vc_column][\/vc_row][vc_row thb_full_width=\u00a0\u00bbtrue\u00a0\u00bb thb_row_padding=\u00a0\u00bbtrue\u00a0\u00bb thb_column_padding=\u00a0\u00bbtrue\u00a0\u00bb css=\u00a0\u00bb.vc_custom_1557143288639{background-color: #e3e3e3 !important;}\u00a0\u00bb][vc_column][vc_row_inner css=\u00a0\u00bb.vc_custom_1557245355124{margin-top: -10vh !important;padding-bottom: 20vh !important;}\u00a0\u00bb][vc_column_inner width=\u00a0\u00bb1\/3&Prime;]\t<div id=\"thb-fancy-box-69f5628ed6704\" class=\"thb-fancy-box  fancy-light fancy-style6  thb-bottom-left   has-link\">\n\t\t\t\t<a href=\"https:\/\/www.electrolux.pt\/\" class=\"thb-fancy-link \" target=\"_blank\" rel=\"noopener\">\n\t\t\t\t\t\t\t<div class=\"button small style2 white pill-radius\"><span>SAIBA MAIS<\/span><\/div>\n\t\t\t\t\t<\/a>\n\t\t\t\t<div class=\"thb-fancy-image-container \">\n\t\t\t<div class=\"thb-fancy-image\">\n\t\t\t\t<img width=\"500\" height=\"500\" src=\"https:\/\/www.openstyle.pt\/wp-content\/uploads\/2019\/05\/ElectroLux.jpg\" class=\"attachment-revolution-tall-x3 size-revolution-tall-x3\" alt=\"\" decoding=\"async\" loading=\"lazy\" srcset=\"https:\/\/www.openstyle.pt\/wp-content\/uploads\/2019\/05\/ElectroLux.jpg 500w, https:\/\/www.openstyle.pt\/wp-content\/uploads\/2019\/05\/ElectroLux-150x150.jpg 150w, https:\/\/www.openstyle.pt\/wp-content\/uploads\/2019\/05\/ElectroLux-300x300.jpg 300w, https:\/\/www.openstyle.pt\/wp-content\/uploads\/2019\/05\/ElectroLux-200x200.jpg 200w, https:\/\/www.openstyle.pt\/wp-content\/uploads\/2019\/05\/ElectroLux-100x100.jpg 100w, https:\/\/www.openstyle.pt\/wp-content\/uploads\/2019\/05\/ElectroLux-380x380.jpg 380w, https:\/\/www.openstyle.pt\/wp-content\/uploads\/2019\/05\/ElectroLux-20x20.jpg 20w, https:\/\/www.openstyle.pt\/wp-content\/uploads\/2019\/05\/ElectroLux-190x190.jpg 190w\" sizes=\"(max-width: 500px) 100vw, 500px\">\t\t\t<\/div>\n\t\t<\/div>\n\t\t\t\t<div class=\"thb-fancy-content \">\n\t\t\t\t\t\t\t\t<\/div>\n\t\t<style>\n\t\t\t#thb-fancy-box-69f5628ed6704,\n\t\t\t#thb-fancy-box-69f5628ed6704.fancy-style5 .thb-fancy-image-container,\n\t\t\t#thb-fancy-box-69f5628ed6704 .atvImg-container,\n\t\t\t#thb-fancy-box-69f5628ed6704 .atvImg-layers {\n\t\t\t\tmin-height: 430px;\n\t\t\t}\n\t\t\t\t\t\t\t#thb-fancy-box-69f5628ed6704,\n\t\t\t\t#thb-fancy-box-69f5628ed6704 .thb-fancy-image-container,\n\t\t\t\t#thb-fancy-box-69f5628ed6704 .thb-fancy-image,\n\t\t\t\t#thb-fancy-box-69f5628ed6704 .thb-fancy-image img,\n\t\t\t\t#thb-fancy-box-69f5628ed6704 .thb-fancy-content,\n\t\t\t\t#thb-fancy-box-69f5628ed6704 .thb-fancy-hover {\n\t\t\t\t\tborder-radius: 4px;\n\t\t\t\t}\n\t\t\t\t\t\t\t\t<\/style>\n\t<\/div>\n\t\n\t[vc_empty_space height=\u00a0\u00bb30px\u00a0\u00bb][\/vc_column_inner][vc_column_inner width=\u00a0\u00bb1\/3&Prime;]\t<div id=\"thb-fancy-box-69f5628ed6cb2\" class=\"thb-fancy-box  fancy-light fancy-style6  thb-bottom-left   has-link\">\n\t\t\t\t<a href=\"https:\/\/www.aeg.com.pt\/\" class=\"thb-fancy-link \" target=\"_blank\" rel=\"noopener\">\n\t\t\t\t\t\t\t<div class=\"button small style2 white pill-radius\"><span>SAIBA MAIS<\/span><\/div>\n\t\t\t\t\t<\/a>\n\t\t\t\t<div class=\"thb-fancy-image-container \">\n\t\t\t<div class=\"thb-fancy-image\">\n\t\t\t\t<img width=\"500\" height=\"500\" src=\"https:\/\/www.openstyle.pt\/wp-content\/uploads\/2019\/05\/AEG.jpg\" class=\"attachment-revolution-tall-x3 size-revolution-tall-x3\" alt=\"\" decoding=\"async\" loading=\"lazy\" srcset=\"https:\/\/www.openstyle.pt\/wp-content\/uploads\/2019\/05\/AEG.jpg 500w, https:\/\/www.openstyle.pt\/wp-content\/uploads\/2019\/05\/AEG-150x150.jpg 150w, https:\/\/www.openstyle.pt\/wp-content\/uploads\/2019\/05\/AEG-300x300.jpg 300w, https:\/\/www.openstyle.pt\/wp-content\/uploads\/2019\/05\/AEG-200x200.jpg 200w, https:\/\/www.openstyle.pt\/wp-content\/uploads\/2019\/05\/AEG-100x100.jpg 100w, https:\/\/www.openstyle.pt\/wp-content\/uploads\/2019\/05\/AEG-380x380.jpg 380w, https:\/\/www.openstyle.pt\/wp-content\/uploads\/2019\/05\/AEG-20x20.jpg 20w, https:\/\/www.openstyle.pt\/wp-content\/uploads\/2019\/05\/AEG-190x190.jpg 190w\" sizes=\"(max-width: 500px) 100vw, 500px\">\t\t\t<\/div>\n\t\t<\/div>\n\t\t\t\t<div class=\"thb-fancy-content \">\n\t\t\t\t\t\t\t\t<\/div>\n\t\t<style>\n\t\t\t#thb-fancy-box-69f5628ed6cb2,\n\t\t\t#thb-fancy-box-69f5628ed6cb2.fancy-style5 .thb-fancy-image-container,\n\t\t\t#thb-fancy-box-69f5628ed6cb2 .atvImg-container,\n\t\t\t#thb-fancy-box-69f5628ed6cb2 .atvImg-layers {\n\t\t\t\tmin-height: 430px;\n\t\t\t}\n\t\t\t\t\t\t\t#thb-fancy-box-69f5628ed6cb2,\n\t\t\t\t#thb-fancy-box-69f5628ed6cb2 .thb-fancy-image-container,\n\t\t\t\t#thb-fancy-box-69f5628ed6cb2 .thb-fancy-image,\n\t\t\t\t#thb-fancy-box-69f5628ed6cb2 .thb-fancy-image img,\n\t\t\t\t#thb-fancy-box-69f5628ed6cb2 .thb-fancy-content,\n\t\t\t\t#thb-fancy-box-69f5628ed6cb2 .thb-fancy-hover {\n\t\t\t\t\tborder-radius: 4px;\n\t\t\t\t}\n\t\t\t\t\t\t\t\t<\/style>\n\t<\/div>\n\t\n\t[vc_empty_space height=\u00a0\u00bb30px\u00a0\u00bb][\/vc_column_inner][vc_column_inner width=\u00a0\u00bb1\/3&Prime;]\t<div id=\"thb-fancy-box-69f5628ed7143\" class=\"thb-fancy-box  fancy-light fancy-style6  thb-bottom-left   has-link\">\n\t\t\t\t<a href=\"https:\/\/www.zanussi.pt\/\" class=\"thb-fancy-link \" target=\"_blank\" rel=\"noopener\">\n\t\t\t\t\t\t\t<div class=\"button small style2 white pill-radius\"><span>SAIBA MAIS<\/span><\/div>\n\t\t\t\t\t<\/a>\n\t\t\t\t<div class=\"thb-fancy-image-container \">\n\t\t\t<div class=\"thb-fancy-image\">\n\t\t\t\t<img width=\"500\" height=\"500\" src=\"https:\/\/www.openstyle.pt\/wp-content\/uploads\/2019\/06\/Zanussi1.jpg\" class=\"attachment-revolution-tall-x3 size-revolution-tall-x3\" alt=\"\" decoding=\"async\" loading=\"lazy\" srcset=\"https:\/\/www.openstyle.pt\/wp-content\/uploads\/2019\/06\/Zanussi1.jpg 500w, https:\/\/www.openstyle.pt\/wp-content\/uploads\/2019\/06\/Zanussi1-150x150.jpg 150w, https:\/\/www.openstyle.pt\/wp-content\/uploads\/2019\/06\/Zanussi1-300x300.jpg 300w, https:\/\/www.openstyle.pt\/wp-content\/uploads\/2019\/06\/Zanussi1-200x200.jpg 200w, https:\/\/www.openstyle.pt\/wp-content\/uploads\/2019\/06\/Zanussi1-100x100.jpg 100w, https:\/\/www.openstyle.pt\/wp-content\/uploads\/2019\/06\/Zanussi1-380x380.jpg 380w, https:\/\/www.openstyle.pt\/wp-content\/uploads\/2019\/06\/Zanussi1-20x20.jpg 20w, https:\/\/www.openstyle.pt\/wp-content\/uploads\/2019\/06\/Zanussi1-190x190.jpg 190w\" sizes=\"(max-width: 500px) 100vw, 500px\">\t\t\t<\/div>\n\t\t<\/div>\n\t\t\t\t<div class=\"thb-fancy-content \">\n\t\t\t\t\t\t\t\t<\/div>\n\t\t<style>\n\t\t\t#thb-fancy-box-69f5628ed7143,\n\t\t\t#thb-fancy-box-69f5628ed7143.fancy-style5 .thb-fancy-image-container,\n\t\t\t#thb-fancy-box-69f5628ed7143 .atvImg-container,\n\t\t\t#thb-fancy-box-69f5628ed7143 .atvImg-layers {\n\t\t\t\tmin-height: 430px;\n\t\t\t}\n\t\t\t\t\t\t\t#thb-fancy-box-69f5628ed7143,\n\t\t\t\t#thb-fancy-box-69f5628ed7143 .thb-fancy-image-container,\n\t\t\t\t#thb-fancy-box-69f5628ed7143 .thb-fancy-image,\n\t\t\t\t#thb-fancy-box-69f5628ed7143 .thb-fancy-image img,\n\t\t\t\t#thb-fancy-box-69f5628ed7143 .thb-fancy-content,\n\t\t\t\t#thb-fancy-box-69f5628ed7143 .thb-fancy-hover {\n\t\t\t\t\tborder-radius: 4px;\n\t\t\t\t}\n\t\t\t\t\t\t\t\t<\/style>\n\t<\/div>\n\t\n\t[vc_empty_space height=\u00a0\u00bb30px\u00a0\u00bb][\/vc_column_inner][\/vc_row_inner][\/vc_column][\/vc_row]\n<\/section>","protected":false},"excerpt":{"rendered":"<p>[vc_row thb_full_width=\u00a0\u00bbtrue\u00a0\u00bb thb_row_padding=\u00a0\u00bbtrue\u00a0\u00bb thb_column_padding=\u00a0\u00bbtrue\u00a0\u00bb thb_scroll_bottom=\u00a0\u00bbtrue\u00a0\u00bb thb_scroll_bottom_style=\u00a0\u00bbstyle3&Prime; thb_scroll_bottom_color=\u00a0\u00bblight\u00a0\u00bb css=\u00a0\u00bb.vc_custom_1557407812411{padding-top: 32vh !important;padding-bottom: 22vh !important;background: #181a0b url(https:\/\/www.openstyle.pt\/wp-content\/uploads\/2019\/05\/eletrodomesticos.jpg?id=1227) !important;background-position: center !important;background-repeat: no-repeat !important;background-size: cover !important;}\u00a0\u00bb][vc_column thb_color=\u00a0\u00bbthb-light-column\u00a0\u00bb][vc_row_inner][vc_column_inner][vc_column_text animation=\u00a0\u00bbanimation bottom-to-top\u00a0\u00bb] [\/vc_column_text][\/vc_column_inner][\/vc_row_inner][\/vc_column][\/vc_row][vc_row][vc_column][vc_empty_space height=\u00a0\u00bb100px\u00a0\u00bb][\/vc_column][\/vc_row][vc_row][vc_column width=\u00a0\u00bb1\/2&Prime;][vc_column_text]S\u00e9lectionnez les appareils qui conviennent le mieux \u00e0 votre foyer, parmi la vaste gamme que trois grandes marques mettent \u00e0 votre disposition. Nous garantissons toujours la qualit\u00e9 \u00e0 laquelle&hellip;<\/p>\n","protected":false},"author":1,"featured_media":0,"parent":0,"menu_order":0,"comment_status":"closed","ping_status":"closed","template":"","meta":{"_mi_skip_tracking":false,"_exactmetrics_sitenote_active":false,"_exactmetrics_sitenote_note":"","_exactmetrics_sitenote_category":0,"footnotes":""},"_links":{"self":[{"href":"https:\/\/www.openstyle.pt\/fr\/wp-json\/wp\/v2\/pages\/3002"}],"collection":[{"href":"https:\/\/www.openstyle.pt\/fr\/wp-json\/wp\/v2\/pages"}],"about":[{"href":"https:\/\/www.openstyle.pt\/fr\/wp-json\/wp\/v2\/types\/page"}],"author":[{"embeddable":true,"href":"https:\/\/www.openstyle.pt\/fr\/wp-json\/wp\/v2\/users\/1"}],"replies":[{"embeddable":true,"href":"https:\/\/www.openstyle.pt\/fr\/wp-json\/wp\/v2\/comments?post=3002"}],"version-history":[{"count":2,"href":"https:\/\/www.openstyle.pt\/fr\/wp-json\/wp\/v2\/pages\/3002\/revisions"}],"predecessor-version":[{"id":3020,"href":"https:\/\/www.openstyle.pt\/fr\/wp-json\/wp\/v2\/pages\/3002\/revisions\/3020"}],"wp:attachment":[{"href":"https:\/\/www.openstyle.pt\/fr\/wp-json\/wp\/v2\/media?parent=3002"}],"curies":[{"name":"wp","href":"https:\/\/api.w.org\/{rel}","templated":true}]}}