{"id":2524,"date":"2019-05-06T16:28:31","date_gmt":"2019-05-06T16:28:31","guid":{"rendered":"https:\/\/www.openstyle.pt\/quartos\/"},"modified":"2020-02-28T12:50:09","modified_gmt":"2020-02-28T11:50:09","slug":"chambres","status":"publish","type":"page","link":"https:\/\/www.openstyle.pt\/fr\/chambres\/","title":{"rendered":"CHAMBRES"},"content":{"rendered":"<section class=\"wpb-content-wrapper\">[vc_row thb_full_width=\u00a0\u00bbtrue\u00a0\u00bb thb_row_padding=\u00a0\u00bbtrue\u00a0\u00bb thb_column_padding=\u00a0\u00bbtrue\u00a0\u00bb thb_scroll_bottom=\u00a0\u00bbtrue\u00a0\u00bb thb_scroll_bottom_style=\u00a0\u00bbstyle3&Prime; thb_scroll_bottom_color=\u00a0\u00bblight\u00a0\u00bb css=\u00a0\u00bb.vc_custom_1570546316812{padding-top: 32vh !important;padding-bottom: 22vh !important;background: #181a0b url(https:\/\/www.openstyle.pt\/wp-content\/uploads\/2019\/10\/31961025_2210968975587927_5297664266365566976_o.jpg?id=2188) !important;background-position: center !important;background-repeat: no-repeat !important;background-size: cover !important;}\u00a0\u00bb][vc_column thb_color=\u00a0\u00bbthb-light-column\u00a0\u00bb][vc_row_inner][vc_column_inner]\t<div id=\"thb-slidetype-69ee3633b23a4\" class=\"thb-slidetype \" data-style=\"style3\">\n\t\t\n<h1><span class=\"thb-slidetype-entry\"><span class=\"lines\">| Chambres<\/span><\/span><\/h1>\n\t\t\t<\/div>\n  \n  [vc_column_text animation=\u00a0\u00bbanimation bottom-to-top\u00a0\u00bb]\n<h3><\/h3>\n[\/vc_column_text]\t<a id=\"thb-button-69ee3633b2442\" class=\"btn style2 medium  white no-radius animation bottom-to-top scroll-bottom  \" href=\"#\" target=\"_self\" role=\"button\">\n\t\t\t  <span>EN SAVOIR PLUS<\/span><\/a>\n    [\/vc_column_inner][\/vc_row_inner][\/vc_column][\/vc_row][vc_row][vc_column][vc_empty_space height=\u00a0\u00bb100px\u00a0\u00bb][\/vc_column][\/vc_row][vc_row][vc_column width=\u00a0\u00bb1\/2&Prime;][vc_column_text]S\u00e9lectionnez le confort et le design de la pi\u00e8ce que vous souhaitez d\u00e9corer.<\/p>\n<p>Nous vous pr\u00e9sentons diff\u00e9rentes solutions dans le choix des mat\u00e9riaux, mod\u00e8les, couleurs et styles.<\/p>\n<p>Pr\u00eat \u00e0 livrer ou sur mesure, choisissez celui qui convient le mieux \u00e0 vos besoins.[\/vc_column_text][\/vc_column][vc_column width=\u00a0\u00bb1\/2&Prime;][\/vc_column][\/vc_row][vc_row][vc_column][vc_empty_space height=\u00a0\u00bb200px\u00a0\u00bb][\/vc_column][\/vc_row][vc_row thb_full_width=\u00a0\u00bbtrue\u00a0\u00bb thb_row_padding=\u00a0\u00bbtrue\u00a0\u00bb thb_column_padding=\u00a0\u00bbtrue\u00a0\u00bb css=\u00a0\u00bb.vc_custom_1557150937323{background-color: #e3e3e3 !important;}\u00a0\u00bb][vc_column][vc_row_inner css=\u00a0\u00bb.vc_custom_1556880011753{margin-top: -16vh !important;padding-bottom: 20vh !important;}\u00a0\u00bb][vc_column_inner width=\u00a0\u00bb1\/3&Prime;]\t<div id=\"thb-fancy-box-69ee3633b24b5\" class=\"thb-fancy-box  fancy-light fancy-style6  thb-bottom-left   has-link\">\n\t\t\t\t<a href=\"https:\/\/www.openstyle.pt\/fr\/portfolio\/cool\/\" class=\"thb-fancy-link \" target=\"_self\">\n\t\t\t\t\t\t\t<div class=\"button small style2 white pill-radius\"><span>EN SAVOIR PLUS<\/span><\/div>\n\t\t\t\t\t<\/a>\n\t\t\t\t<div class=\"thb-fancy-image-container \">\n\t\t\t<div class=\"thb-fancy-image\">\n\t\t\t\t<img width=\"600\" height=\"600\" src=\"https:\/\/www.openstyle.pt\/wp-content\/uploads\/2019\/06\/Cool.jpg\" class=\"attachment-revolution-tall-x3 size-revolution-tall-x3\" alt=\"\" decoding=\"async\" loading=\"lazy\" srcset=\"https:\/\/www.openstyle.pt\/wp-content\/uploads\/2019\/06\/Cool.jpg 600w, https:\/\/www.openstyle.pt\/wp-content\/uploads\/2019\/06\/Cool-150x150.jpg 150w, https:\/\/www.openstyle.pt\/wp-content\/uploads\/2019\/06\/Cool-300x300.jpg 300w, https:\/\/www.openstyle.pt\/wp-content\/uploads\/2019\/06\/Cool-200x200.jpg 200w, https:\/\/www.openstyle.pt\/wp-content\/uploads\/2019\/06\/Cool-100x100.jpg 100w, https:\/\/www.openstyle.pt\/wp-content\/uploads\/2019\/06\/Cool-380x380.jpg 380w, https:\/\/www.openstyle.pt\/wp-content\/uploads\/2019\/06\/Cool-20x20.jpg 20w, https:\/\/www.openstyle.pt\/wp-content\/uploads\/2019\/06\/Cool-190x190.jpg 190w\" sizes=\"(max-width: 600px) 100vw, 600px\">\t\t\t<\/div>\n\t\t<\/div>\n\t\t\t\t<div class=\"thb-fancy-content \">\n\t\t\t\t\t\t<span style=\"color: #fff;font-size: 25px\">Cool<\/span>\t\t<\/div>\n\t\t<style>\n\t\t\t#thb-fancy-box-69ee3633b24b5,\n\t\t\t#thb-fancy-box-69ee3633b24b5.fancy-style5 .thb-fancy-image-container,\n\t\t\t#thb-fancy-box-69ee3633b24b5 .atvImg-container,\n\t\t\t#thb-fancy-box-69ee3633b24b5 .atvImg-layers {\n\t\t\t\tmin-height: 430px;\n\t\t\t}\n\t\t\t\t\t\t\t#thb-fancy-box-69ee3633b24b5,\n\t\t\t\t#thb-fancy-box-69ee3633b24b5 .thb-fancy-image-container,\n\t\t\t\t#thb-fancy-box-69ee3633b24b5 .thb-fancy-image,\n\t\t\t\t#thb-fancy-box-69ee3633b24b5 .thb-fancy-image img,\n\t\t\t\t#thb-fancy-box-69ee3633b24b5 .thb-fancy-content,\n\t\t\t\t#thb-fancy-box-69ee3633b24b5 .thb-fancy-hover {\n\t\t\t\t\tborder-radius: 0px;\n\t\t\t\t}\n\t\t\t\t\t\t\t\t<\/style>\n\t<\/div>\n\t\n\t[vc_empty_space height=\u00a0\u00bb30px\u00a0\u00bb]\t<div id=\"thb-fancy-box-69ee3633b2ba7\" class=\"thb-fancy-box  fancy-light fancy-style6  thb-bottom-left   has-link\">\n\t\t\t\t<a href=\"https:\/\/www.openstyle.pt\/fr\/portfolio\/nice\/\" class=\"thb-fancy-link \" target=\"_self\">\n\t\t\t\t\t\t\t<div class=\"button small style2 white pill-radius\"><span>EN SAVOIR PLUS<\/span><\/div>\n\t\t\t\t\t<\/a>\n\t\t\t\t<div class=\"thb-fancy-image-container \">\n\t\t\t<div class=\"thb-fancy-image\">\n\t\t\t\t<img width=\"600\" height=\"600\" src=\"https:\/\/www.openstyle.pt\/wp-content\/uploads\/2019\/06\/Nice.jpg\" class=\"attachment-revolution-tall-x3 size-revolution-tall-x3\" alt=\"\" decoding=\"async\" loading=\"lazy\" srcset=\"https:\/\/www.openstyle.pt\/wp-content\/uploads\/2019\/06\/Nice.jpg 600w, https:\/\/www.openstyle.pt\/wp-content\/uploads\/2019\/06\/Nice-150x150.jpg 150w, https:\/\/www.openstyle.pt\/wp-content\/uploads\/2019\/06\/Nice-300x300.jpg 300w, https:\/\/www.openstyle.pt\/wp-content\/uploads\/2019\/06\/Nice-200x200.jpg 200w, https:\/\/www.openstyle.pt\/wp-content\/uploads\/2019\/06\/Nice-100x100.jpg 100w, https:\/\/www.openstyle.pt\/wp-content\/uploads\/2019\/06\/Nice-380x380.jpg 380w, https:\/\/www.openstyle.pt\/wp-content\/uploads\/2019\/06\/Nice-20x20.jpg 20w, https:\/\/www.openstyle.pt\/wp-content\/uploads\/2019\/06\/Nice-190x190.jpg 190w\" sizes=\"(max-width: 600px) 100vw, 600px\">\t\t\t<\/div>\n\t\t<\/div>\n\t\t\t\t<div class=\"thb-fancy-content \">\n\t\t\t\t\t\t<span style=\"color: #fff;font-size: 25px\">Nice<\/span>\t\t<\/div>\n\t\t<style>\n\t\t\t#thb-fancy-box-69ee3633b2ba7,\n\t\t\t#thb-fancy-box-69ee3633b2ba7.fancy-style5 .thb-fancy-image-container,\n\t\t\t#thb-fancy-box-69ee3633b2ba7 .atvImg-container,\n\t\t\t#thb-fancy-box-69ee3633b2ba7 .atvImg-layers {\n\t\t\t\tmin-height: 430px;\n\t\t\t}\n\t\t\t\t\t\t\t#thb-fancy-box-69ee3633b2ba7,\n\t\t\t\t#thb-fancy-box-69ee3633b2ba7 .thb-fancy-image-container,\n\t\t\t\t#thb-fancy-box-69ee3633b2ba7 .thb-fancy-image,\n\t\t\t\t#thb-fancy-box-69ee3633b2ba7 .thb-fancy-image img,\n\t\t\t\t#thb-fancy-box-69ee3633b2ba7 .thb-fancy-content,\n\t\t\t\t#thb-fancy-box-69ee3633b2ba7 .thb-fancy-hover {\n\t\t\t\t\tborder-radius: 4px;\n\t\t\t\t}\n\t\t\t\t\t\t\t\t<\/style>\n\t<\/div>\n\t\n\t[vc_empty_space height=\u00a0\u00bb30px\u00a0\u00bb]\t<div id=\"thb-fancy-box-69ee3633b30fa\" class=\"thb-fancy-box  fancy-light fancy-style6  thb-bottom-left   has-link\">\n\t\t\t\t<a href=\"https:\/\/www.openstyle.pt\/fr\/portfolio\/wave\/\" class=\"thb-fancy-link \" target=\"_self\">\n\t\t\t\t\t\t\t<div class=\"button small style2 white pill-radius\"><span>EN SAVOIR PLUS<\/span><\/div>\n\t\t\t\t\t<\/a>\n\t\t\t\t<div class=\"thb-fancy-image-container \">\n\t\t\t<div class=\"thb-fancy-image\">\n\t\t\t\t<img width=\"600\" height=\"600\" src=\"https:\/\/www.openstyle.pt\/wp-content\/uploads\/2019\/06\/Wave.jpg\" class=\"attachment-revolution-tall-x3 size-revolution-tall-x3\" alt=\"\" decoding=\"async\" loading=\"lazy\" srcset=\"https:\/\/www.openstyle.pt\/wp-content\/uploads\/2019\/06\/Wave.jpg 600w, https:\/\/www.openstyle.pt\/wp-content\/uploads\/2019\/06\/Wave-150x150.jpg 150w, https:\/\/www.openstyle.pt\/wp-content\/uploads\/2019\/06\/Wave-300x300.jpg 300w, https:\/\/www.openstyle.pt\/wp-content\/uploads\/2019\/06\/Wave-200x200.jpg 200w, https:\/\/www.openstyle.pt\/wp-content\/uploads\/2019\/06\/Wave-100x100.jpg 100w, https:\/\/www.openstyle.pt\/wp-content\/uploads\/2019\/06\/Wave-380x380.jpg 380w, https:\/\/www.openstyle.pt\/wp-content\/uploads\/2019\/06\/Wave-20x20.jpg 20w, https:\/\/www.openstyle.pt\/wp-content\/uploads\/2019\/06\/Wave-190x190.jpg 190w\" sizes=\"(max-width: 600px) 100vw, 600px\">\t\t\t<\/div>\n\t\t<\/div>\n\t\t\t\t<div class=\"thb-fancy-content \">\n\t\t\t\t\t\t<span style=\"color: #fff;font-size: 25px\">Wave<\/span>\t\t<\/div>\n\t\t<style>\n\t\t\t#thb-fancy-box-69ee3633b30fa,\n\t\t\t#thb-fancy-box-69ee3633b30fa.fancy-style5 .thb-fancy-image-container,\n\t\t\t#thb-fancy-box-69ee3633b30fa .atvImg-container,\n\t\t\t#thb-fancy-box-69ee3633b30fa .atvImg-layers {\n\t\t\t\tmin-height: 430px;\n\t\t\t}\n\t\t\t\t\t\t\t#thb-fancy-box-69ee3633b30fa,\n\t\t\t\t#thb-fancy-box-69ee3633b30fa .thb-fancy-image-container,\n\t\t\t\t#thb-fancy-box-69ee3633b30fa .thb-fancy-image,\n\t\t\t\t#thb-fancy-box-69ee3633b30fa .thb-fancy-image img,\n\t\t\t\t#thb-fancy-box-69ee3633b30fa .thb-fancy-content,\n\t\t\t\t#thb-fancy-box-69ee3633b30fa .thb-fancy-hover {\n\t\t\t\t\tborder-radius: 4px;\n\t\t\t\t}\n\t\t\t\t\t\t\t\t<\/style>\n\t<\/div>\n\t\n\t[\/vc_column_inner][vc_column_inner width=\u00a0\u00bb1\/3&Prime; css=\u00a0\u00bb.vc_custom_1557237222845{padding-top: 5px !important;padding-right: 5px !important;padding-bottom: 5px !important;padding-left: 5px !important;}\u00a0\u00bb]\t<div id=\"thb-fancy-box-69ee3633b35e1\" class=\"thb-fancy-box  fancy-light fancy-style6  thb-bottom-left   has-link\">\n\t\t\t\t<a href=\"https:\/\/www.openstyle.pt\/fr\/portfolio\/feel\/\" class=\"thb-fancy-link \" target=\"_self\">\n\t\t\t\t\t\t\t<div class=\"button small style2 white pill-radius\"><span>EN SAVOIR PLUS<\/span><\/div>\n\t\t\t\t\t<\/a>\n\t\t\t\t<div class=\"thb-fancy-image-container \">\n\t\t\t<div class=\"thb-fancy-image\">\n\t\t\t\t<img width=\"600\" height=\"600\" src=\"https:\/\/www.openstyle.pt\/wp-content\/uploads\/2019\/06\/Feel.jpg\" class=\"attachment-revolution-tall-x3 size-revolution-tall-x3\" alt=\"\" decoding=\"async\" loading=\"lazy\" srcset=\"https:\/\/www.openstyle.pt\/wp-content\/uploads\/2019\/06\/Feel.jpg 600w, https:\/\/www.openstyle.pt\/wp-content\/uploads\/2019\/06\/Feel-150x150.jpg 150w, https:\/\/www.openstyle.pt\/wp-content\/uploads\/2019\/06\/Feel-300x300.jpg 300w, https:\/\/www.openstyle.pt\/wp-content\/uploads\/2019\/06\/Feel-200x200.jpg 200w, https:\/\/www.openstyle.pt\/wp-content\/uploads\/2019\/06\/Feel-100x100.jpg 100w, https:\/\/www.openstyle.pt\/wp-content\/uploads\/2019\/06\/Feel-380x380.jpg 380w, https:\/\/www.openstyle.pt\/wp-content\/uploads\/2019\/06\/Feel-20x20.jpg 20w, https:\/\/www.openstyle.pt\/wp-content\/uploads\/2019\/06\/Feel-190x190.jpg 190w\" sizes=\"(max-width: 600px) 100vw, 600px\">\t\t\t<\/div>\n\t\t<\/div>\n\t\t\t\t<div class=\"thb-fancy-content \">\n\t\t\t\t\t\t<span style=\"color: #fff;font-size: 25px\">Feel<\/span>\t\t<\/div>\n\t\t<style>\n\t\t\t#thb-fancy-box-69ee3633b35e1,\n\t\t\t#thb-fancy-box-69ee3633b35e1.fancy-style5 .thb-fancy-image-container,\n\t\t\t#thb-fancy-box-69ee3633b35e1 .atvImg-container,\n\t\t\t#thb-fancy-box-69ee3633b35e1 .atvImg-layers {\n\t\t\t\tmin-height: 430px;\n\t\t\t}\n\t\t\t\t\t\t\t#thb-fancy-box-69ee3633b35e1,\n\t\t\t\t#thb-fancy-box-69ee3633b35e1 .thb-fancy-image-container,\n\t\t\t\t#thb-fancy-box-69ee3633b35e1 .thb-fancy-image,\n\t\t\t\t#thb-fancy-box-69ee3633b35e1 .thb-fancy-image img,\n\t\t\t\t#thb-fancy-box-69ee3633b35e1 .thb-fancy-content,\n\t\t\t\t#thb-fancy-box-69ee3633b35e1 .thb-fancy-hover {\n\t\t\t\t\tborder-radius: 4px;\n\t\t\t\t}\n\t\t\t\t\t\t\t\t<\/style>\n\t<\/div>\n\t\n\t[vc_empty_space height=\u00a0\u00bb30px\u00a0\u00bb]\t<div id=\"thb-fancy-box-69ee3633b3af0\" class=\"thb-fancy-box  fancy-light fancy-style6  thb-bottom-left   has-link\">\n\t\t\t\t<a href=\"https:\/\/www.openstyle.pt\/fr\/portfolio\/phoenix\/\" class=\"thb-fancy-link \" target=\"_self\">\n\t\t\t\t\t\t\t<div class=\"button small style2 white pill-radius\"><span>EN SAVOIR PLUS<\/span><\/div>\n\t\t\t\t\t<\/a>\n\t\t\t\t<div class=\"thb-fancy-image-container \">\n\t\t\t<div class=\"thb-fancy-image\">\n\t\t\t\t<img width=\"600\" height=\"600\" src=\"https:\/\/www.openstyle.pt\/wp-content\/uploads\/2019\/06\/Phoenix.jpg\" class=\"attachment-revolution-tall-x3 size-revolution-tall-x3\" alt=\"\" decoding=\"async\" loading=\"lazy\" srcset=\"https:\/\/www.openstyle.pt\/wp-content\/uploads\/2019\/06\/Phoenix.jpg 600w, https:\/\/www.openstyle.pt\/wp-content\/uploads\/2019\/06\/Phoenix-150x150.jpg 150w, https:\/\/www.openstyle.pt\/wp-content\/uploads\/2019\/06\/Phoenix-300x300.jpg 300w, https:\/\/www.openstyle.pt\/wp-content\/uploads\/2019\/06\/Phoenix-200x200.jpg 200w, https:\/\/www.openstyle.pt\/wp-content\/uploads\/2019\/06\/Phoenix-100x100.jpg 100w, https:\/\/www.openstyle.pt\/wp-content\/uploads\/2019\/06\/Phoenix-380x380.jpg 380w, https:\/\/www.openstyle.pt\/wp-content\/uploads\/2019\/06\/Phoenix-20x20.jpg 20w, https:\/\/www.openstyle.pt\/wp-content\/uploads\/2019\/06\/Phoenix-190x190.jpg 190w\" sizes=\"(max-width: 600px) 100vw, 600px\">\t\t\t<\/div>\n\t\t<\/div>\n\t\t\t\t<div class=\"thb-fancy-content \">\n\t\t\t\t\t\t<span style=\"color: #fff;font-size: 25px\">Phoenix<\/span>\t\t<\/div>\n\t\t<style>\n\t\t\t#thb-fancy-box-69ee3633b3af0,\n\t\t\t#thb-fancy-box-69ee3633b3af0.fancy-style5 .thb-fancy-image-container,\n\t\t\t#thb-fancy-box-69ee3633b3af0 .atvImg-container,\n\t\t\t#thb-fancy-box-69ee3633b3af0 .atvImg-layers {\n\t\t\t\tmin-height: 430px;\n\t\t\t}\n\t\t\t\t\t\t\t#thb-fancy-box-69ee3633b3af0,\n\t\t\t\t#thb-fancy-box-69ee3633b3af0 .thb-fancy-image-container,\n\t\t\t\t#thb-fancy-box-69ee3633b3af0 .thb-fancy-image,\n\t\t\t\t#thb-fancy-box-69ee3633b3af0 .thb-fancy-image img,\n\t\t\t\t#thb-fancy-box-69ee3633b3af0 .thb-fancy-content,\n\t\t\t\t#thb-fancy-box-69ee3633b3af0 .thb-fancy-hover {\n\t\t\t\t\tborder-radius: 4px;\n\t\t\t\t}\n\t\t\t\t\t\t\t\t<\/style>\n\t<\/div>\n\t\n\t[vc_empty_space height=\u00a0\u00bb30px\u00a0\u00bb][\/vc_column_inner][vc_column_inner width=\u00a0\u00bb1\/3&Prime; css=\u00a0\u00bb.vc_custom_1557237229936{padding-top: 5px !important;padding-right: 5px !important;padding-bottom: 5px !important;padding-left: 5px !important;}\u00a0\u00bb]\t<div id=\"thb-fancy-box-69ee3633b3f8d\" class=\"thb-fancy-box  fancy-light fancy-style6  thb-bottom-left   has-link\">\n\t\t\t\t<a href=\"https:\/\/www.openstyle.pt\/fr\/portfolio\/give\/\" class=\"thb-fancy-link \" target=\"_self\">\n\t\t\t\t\t\t\t<div class=\"button small style2 white pill-radius\"><span>EN SAVOIR PLUS<\/span><\/div>\n\t\t\t\t\t<\/a>\n\t\t\t\t<div class=\"thb-fancy-image-container \">\n\t\t\t<div class=\"thb-fancy-image\">\n\t\t\t\t<img width=\"600\" height=\"600\" src=\"https:\/\/www.openstyle.pt\/wp-content\/uploads\/2019\/06\/Give.jpg\" class=\"attachment-revolution-tall-x3 size-revolution-tall-x3\" alt=\"\" decoding=\"async\" loading=\"lazy\" srcset=\"https:\/\/www.openstyle.pt\/wp-content\/uploads\/2019\/06\/Give.jpg 600w, https:\/\/www.openstyle.pt\/wp-content\/uploads\/2019\/06\/Give-150x150.jpg 150w, https:\/\/www.openstyle.pt\/wp-content\/uploads\/2019\/06\/Give-300x300.jpg 300w, https:\/\/www.openstyle.pt\/wp-content\/uploads\/2019\/06\/Give-200x200.jpg 200w, https:\/\/www.openstyle.pt\/wp-content\/uploads\/2019\/06\/Give-100x100.jpg 100w, https:\/\/www.openstyle.pt\/wp-content\/uploads\/2019\/06\/Give-380x380.jpg 380w, https:\/\/www.openstyle.pt\/wp-content\/uploads\/2019\/06\/Give-20x20.jpg 20w, https:\/\/www.openstyle.pt\/wp-content\/uploads\/2019\/06\/Give-190x190.jpg 190w\" sizes=\"(max-width: 600px) 100vw, 600px\">\t\t\t<\/div>\n\t\t<\/div>\n\t\t\t\t<div class=\"thb-fancy-content \">\n\t\t\t\t\t\t<span style=\"color: #fff;font-size: 25px\">Give<\/span>\t\t<\/div>\n\t\t<style>\n\t\t\t#thb-fancy-box-69ee3633b3f8d,\n\t\t\t#thb-fancy-box-69ee3633b3f8d.fancy-style5 .thb-fancy-image-container,\n\t\t\t#thb-fancy-box-69ee3633b3f8d .atvImg-container,\n\t\t\t#thb-fancy-box-69ee3633b3f8d .atvImg-layers {\n\t\t\t\tmin-height: 430px;\n\t\t\t}\n\t\t\t\t\t\t\t#thb-fancy-box-69ee3633b3f8d,\n\t\t\t\t#thb-fancy-box-69ee3633b3f8d .thb-fancy-image-container,\n\t\t\t\t#thb-fancy-box-69ee3633b3f8d .thb-fancy-image,\n\t\t\t\t#thb-fancy-box-69ee3633b3f8d .thb-fancy-image img,\n\t\t\t\t#thb-fancy-box-69ee3633b3f8d .thb-fancy-content,\n\t\t\t\t#thb-fancy-box-69ee3633b3f8d .thb-fancy-hover {\n\t\t\t\t\tborder-radius: 4px;\n\t\t\t\t}\n\t\t\t\t\t\t\t\t<\/style>\n\t<\/div>\n\t\n\t[vc_empty_space height=\u00a0\u00bb30px\u00a0\u00bb]\t<div id=\"thb-fancy-box-69ee3633b444a\" class=\"thb-fancy-box  fancy-light fancy-style6  thb-bottom-left   has-link\">\n\t\t\t\t<a href=\"https:\/\/www.openstyle.pt\/fr\/portfolio\/rose\/\" class=\"thb-fancy-link \" target=\"_self\">\n\t\t\t\t\t\t\t<div class=\"button small style2 white pill-radius\"><span>EN SAVOIR PLUS<\/span><\/div>\n\t\t\t\t\t<\/a>\n\t\t\t\t<div class=\"thb-fancy-image-container \">\n\t\t\t<div class=\"thb-fancy-image\">\n\t\t\t\t<img width=\"600\" height=\"600\" src=\"https:\/\/www.openstyle.pt\/wp-content\/uploads\/2019\/06\/Rose.jpg\" class=\"attachment-revolution-tall-x3 size-revolution-tall-x3\" alt=\"\" decoding=\"async\" loading=\"lazy\" srcset=\"https:\/\/www.openstyle.pt\/wp-content\/uploads\/2019\/06\/Rose.jpg 600w, https:\/\/www.openstyle.pt\/wp-content\/uploads\/2019\/06\/Rose-150x150.jpg 150w, https:\/\/www.openstyle.pt\/wp-content\/uploads\/2019\/06\/Rose-300x300.jpg 300w, https:\/\/www.openstyle.pt\/wp-content\/uploads\/2019\/06\/Rose-200x200.jpg 200w, https:\/\/www.openstyle.pt\/wp-content\/uploads\/2019\/06\/Rose-100x100.jpg 100w, https:\/\/www.openstyle.pt\/wp-content\/uploads\/2019\/06\/Rose-380x380.jpg 380w, https:\/\/www.openstyle.pt\/wp-content\/uploads\/2019\/06\/Rose-20x20.jpg 20w, https:\/\/www.openstyle.pt\/wp-content\/uploads\/2019\/06\/Rose-190x190.jpg 190w\" sizes=\"(max-width: 600px) 100vw, 600px\">\t\t\t<\/div>\n\t\t<\/div>\n\t\t\t\t<div class=\"thb-fancy-content \">\n\t\t\t\t\t\t<span style=\"color: #fff;font-size: 25px\">Rose<\/span>\t\t<\/div>\n\t\t<style>\n\t\t\t#thb-fancy-box-69ee3633b444a,\n\t\t\t#thb-fancy-box-69ee3633b444a.fancy-style5 .thb-fancy-image-container,\n\t\t\t#thb-fancy-box-69ee3633b444a .atvImg-container,\n\t\t\t#thb-fancy-box-69ee3633b444a .atvImg-layers {\n\t\t\t\tmin-height: 430px;\n\t\t\t}\n\t\t\t\t\t\t\t#thb-fancy-box-69ee3633b444a,\n\t\t\t\t#thb-fancy-box-69ee3633b444a .thb-fancy-image-container,\n\t\t\t\t#thb-fancy-box-69ee3633b444a .thb-fancy-image,\n\t\t\t\t#thb-fancy-box-69ee3633b444a .thb-fancy-image img,\n\t\t\t\t#thb-fancy-box-69ee3633b444a .thb-fancy-content,\n\t\t\t\t#thb-fancy-box-69ee3633b444a .thb-fancy-hover {\n\t\t\t\t\tborder-radius: 4px;\n\t\t\t\t}\n\t\t\t\t\t\t\t\t<\/style>\n\t<\/div>\n\t\n\t[vc_empty_space height=\u00a0\u00bb30px\u00a0\u00bb][\/vc_column_inner][\/vc_row_inner][\/vc_column][\/vc_row]\n<\/section>","protected":false},"excerpt":{"rendered":"<p>[vc_row thb_full_width=\u00a0\u00bbtrue\u00a0\u00bb thb_row_padding=\u00a0\u00bbtrue\u00a0\u00bb thb_column_padding=\u00a0\u00bbtrue\u00a0\u00bb thb_scroll_bottom=\u00a0\u00bbtrue\u00a0\u00bb thb_scroll_bottom_style=\u00a0\u00bbstyle3&Prime; thb_scroll_bottom_color=\u00a0\u00bblight\u00a0\u00bb css=\u00a0\u00bb.vc_custom_1570546316812{padding-top: 32vh !important;padding-bottom: 22vh !important;background: #181a0b url(https:\/\/www.openstyle.pt\/wp-content\/uploads\/2019\/10\/31961025_2210968975587927_5297664266365566976_o.jpg?id=2188) !important;background-position: center !important;background-repeat: no-repeat !important;background-size: cover !important;}\u00a0\u00bb][vc_column thb_color=\u00a0\u00bbthb-light-column\u00a0\u00bb][vc_row_inner][vc_column_inner][vc_column_text animation=\u00a0\u00bbanimation bottom-to-top\u00a0\u00bb] [\/vc_column_text][\/vc_column_inner][\/vc_row_inner][\/vc_column][\/vc_row][vc_row][vc_column][vc_empty_space height=\u00a0\u00bb100px\u00a0\u00bb][\/vc_column][\/vc_row][vc_row][vc_column width=\u00a0\u00bb1\/2&Prime;][vc_column_text]S\u00e9lectionnez le confort et le design de la pi\u00e8ce que vous souhaitez d\u00e9corer. Nous vous pr\u00e9sentons diff\u00e9rentes solutions dans le choix des mat\u00e9riaux, mod\u00e8les, couleurs et styles. Pr\u00eat \u00e0&hellip;<\/p>\n","protected":false},"author":1,"featured_media":0,"parent":0,"menu_order":0,"comment_status":"closed","ping_status":"closed","template":"","meta":{"_mi_skip_tracking":false,"_exactmetrics_sitenote_active":false,"_exactmetrics_sitenote_note":"","_exactmetrics_sitenote_category":0,"footnotes":""},"_links":{"self":[{"href":"https:\/\/www.openstyle.pt\/fr\/wp-json\/wp\/v2\/pages\/2524"}],"collection":[{"href":"https:\/\/www.openstyle.pt\/fr\/wp-json\/wp\/v2\/pages"}],"about":[{"href":"https:\/\/www.openstyle.pt\/fr\/wp-json\/wp\/v2\/types\/page"}],"author":[{"embeddable":true,"href":"https:\/\/www.openstyle.pt\/fr\/wp-json\/wp\/v2\/users\/1"}],"replies":[{"embeddable":true,"href":"https:\/\/www.openstyle.pt\/fr\/wp-json\/wp\/v2\/comments?post=2524"}],"version-history":[{"count":3,"href":"https:\/\/www.openstyle.pt\/fr\/wp-json\/wp\/v2\/pages\/2524\/revisions"}],"predecessor-version":[{"id":2545,"href":"https:\/\/www.openstyle.pt\/fr\/wp-json\/wp\/v2\/pages\/2524\/revisions\/2545"}],"wp:attachment":[{"href":"https:\/\/www.openstyle.pt\/fr\/wp-json\/wp\/v2\/media?parent=2524"}],"curies":[{"name":"wp","href":"https:\/\/api.w.org\/{rel}","templated":true}]}}