{"id":2474,"date":"2019-05-06T16:26:23","date_gmt":"2019-05-06T16:26:23","guid":{"rendered":"https:\/\/www.openstyle.pt\/roupeiros\/"},"modified":"2020-02-28T12:20:07","modified_gmt":"2020-02-28T11:20:07","slug":"garde-robes","status":"publish","type":"page","link":"https:\/\/www.openstyle.pt\/fr\/garde-robes\/","title":{"rendered":"GARDE-ROBES"},"content":{"rendered":"<section class=\"wpb-content-wrapper\">[vc_row thb_full_width=\u00a0\u00bbtrue\u00a0\u00bb thb_row_padding=\u00a0\u00bbtrue\u00a0\u00bb thb_column_padding=\u00a0\u00bbtrue\u00a0\u00bb thb_scroll_bottom=\u00a0\u00bbtrue\u00a0\u00bb thb_scroll_bottom_style=\u00a0\u00bbstyle3&Prime; thb_scroll_bottom_color=\u00a0\u00bblight\u00a0\u00bb css=\u00a0\u00bb.vc_custom_1570546209188{padding-top: 32vh !important;padding-bottom: 22vh !important;background: #181a0b url(https:\/\/www.openstyle.pt\/wp-content\/uploads\/2019\/10\/ew.jpg?id=2185) !important;background-position: center !important;background-repeat: no-repeat !important;background-size: cover !important;}\u00a0\u00bb][vc_column thb_color=\u00a0\u00bbthb-light-column\u00a0\u00bb][vc_row_inner][vc_column_inner]\t<div id=\"thb-slidetype-69ee4d00cb568\" class=\"thb-slidetype \" data-style=\"style3\">\n\t\t\n<h1><span class=\"thb-slidetype-entry\"><span class=\"lines\">| Garde-robes<\/span><\/span><\/h1>\n\t\t\t<\/div>\n  \n  [vc_column_text animation=\u00a0\u00bbanimation bottom-to-top\u00a0\u00bb]\n<h3><\/h3>\n[\/vc_column_text]\t<a id=\"thb-button-69ee4d00cb5fa\" class=\"btn style2 medium  white no-radius animation bottom-to-top   \" href=\"#\" target=\"_self\" role=\"button\">\n\t\t\t  <span>EN SAVOIR PLUS<\/span><\/a>\n    [\/vc_column_inner][\/vc_row_inner][\/vc_column][\/vc_row][vc_row][vc_column][vc_empty_space height=\u00a0\u00bb100px\u00a0\u00bb][\/vc_column][\/vc_row][vc_row][vc_column width=\u00a0\u00bb1\/2&Prime;][vc_column_text]Vous trouverez des garde-robe qui s\u2019adaptent \u00e0 votre style, \u00e0 vos v\u00eatements et \u00e0 votre espace, afin que vous puissiez investir davantage dans l\u2019int\u00e9rieur de votre maison.<\/p>\n<p>Nous avons tous les styles, du plus traditionnel au plus moderne.<\/p>\n<p>Et si vous pr\u00e9f\u00e9rez, choisissez de cr\u00e9er votre garde-robe surmesure, laissant libre court \u00e0 votre imagination! [\/vc_column_text][\/vc_column][vc_column width=\u00a0\u00bb1\/2&Prime;][\/vc_column][\/vc_row][vc_row][vc_column][vc_empty_space height=\u00a0\u00bb200px\u00a0\u00bb][\/vc_column][\/vc_row][vc_row thb_full_width=\u00a0\u00bbtrue\u00a0\u00bb thb_row_padding=\u00a0\u00bbtrue\u00a0\u00bb thb_column_padding=\u00a0\u00bbtrue\u00a0\u00bb css=\u00a0\u00bb.vc_custom_1557143288639{background-color: #e3e3e3 !important;}\u00a0\u00bb][vc_column][vc_row_inner css=\u00a0\u00bb.vc_custom_1556880011753{margin-top: -16vh !important;padding-bottom: 20vh !important;}\u00a0\u00bb][vc_column_inner width=\u00a0\u00bb1\/3&Prime;]\t<div id=\"thb-fancy-box-69ee4d00cb66b\" class=\"thb-fancy-box  fancy-light fancy-style6  thb-bottom-left   has-link\">\n\t\t\t\t<a href=\"https:\/\/www.openstyle.pt\/portfolio\/logan\/\" class=\"thb-fancy-link \" target=\"_self\">\n\t\t\t\t\t\t\t<div class=\"button small style2 white pill-radius\"><span>EN SAVOIR PLUS<\/span><\/div>\n\t\t\t\t\t<\/a>\n\t\t\t\t<div class=\"thb-fancy-image-container \">\n\t\t\t<div class=\"thb-fancy-image\">\n\t\t\t\t<img width=\"1140\" height=\"600\" src=\"https:\/\/www.openstyle.pt\/wp-content\/uploads\/2019\/05\/phoca_thumb_l_logan1-1140x600.jpg\" class=\"attachment-revolution-tall-x3 size-revolution-tall-x3\" alt=\"\" decoding=\"async\" loading=\"lazy\" srcset=\"https:\/\/www.openstyle.pt\/wp-content\/uploads\/2019\/05\/phoca_thumb_l_logan1-1140x600.jpg 1140w, https:\/\/www.openstyle.pt\/wp-content\/uploads\/2019\/05\/phoca_thumb_l_logan1-20x10.jpg 20w\" sizes=\"(max-width: 1140px) 100vw, 1140px\">\t\t\t<\/div>\n\t\t<\/div>\n\t\t\t\t<div class=\"thb-fancy-content \">\n\t\t\t\t\t\t<span style=\"color: #fff;font-size: 25px\">Logan<\/span>\t\t<\/div>\n\t\t<style>\n\t\t\t#thb-fancy-box-69ee4d00cb66b,\n\t\t\t#thb-fancy-box-69ee4d00cb66b.fancy-style5 .thb-fancy-image-container,\n\t\t\t#thb-fancy-box-69ee4d00cb66b .atvImg-container,\n\t\t\t#thb-fancy-box-69ee4d00cb66b .atvImg-layers {\n\t\t\t\tmin-height: 430px;\n\t\t\t}\n\t\t\t\t\t\t\t#thb-fancy-box-69ee4d00cb66b,\n\t\t\t\t#thb-fancy-box-69ee4d00cb66b .thb-fancy-image-container,\n\t\t\t\t#thb-fancy-box-69ee4d00cb66b .thb-fancy-image,\n\t\t\t\t#thb-fancy-box-69ee4d00cb66b .thb-fancy-image img,\n\t\t\t\t#thb-fancy-box-69ee4d00cb66b .thb-fancy-content,\n\t\t\t\t#thb-fancy-box-69ee4d00cb66b .thb-fancy-hover {\n\t\t\t\t\tborder-radius: 4px;\n\t\t\t\t}\n\t\t\t\t\t\t\t\t<\/style>\n\t<\/div>\n\t\n\t[vc_empty_space height=\u00a0\u00bb30px\u00a0\u00bb][\/vc_column_inner][vc_column_inner width=\u00a0\u00bb1\/3&Prime;]\t<div id=\"thb-fancy-box-69ee4d00cbcc3\" class=\"thb-fancy-box  fancy-light fancy-style6  thb-bottom-left   has-link\">\n\t\t\t\t<a href=\"https:\/\/www.openstyle.pt\/portfolio\/rigi\/\" class=\"thb-fancy-link \" target=\"_self\">\n\t\t\t\t\t\t\t<div class=\"button small style2 white pill-radius\"><span>EN SAVOIR PLUS<\/span><\/div>\n\t\t\t\t\t<\/a>\n\t\t\t\t<div class=\"thb-fancy-image-container \">\n\t\t\t<div class=\"thb-fancy-image\">\n\t\t\t\t<img width=\"1140\" height=\"600\" src=\"https:\/\/www.openstyle.pt\/wp-content\/uploads\/2019\/05\/phoca_thumb_l_rigi1-1140x600.jpg\" class=\"attachment-revolution-tall-x3 size-revolution-tall-x3\" alt=\"\" decoding=\"async\" loading=\"lazy\" srcset=\"https:\/\/www.openstyle.pt\/wp-content\/uploads\/2019\/05\/phoca_thumb_l_rigi1-1140x600.jpg 1140w, https:\/\/www.openstyle.pt\/wp-content\/uploads\/2019\/05\/phoca_thumb_l_rigi1-20x10.jpg 20w\" sizes=\"(max-width: 1140px) 100vw, 1140px\">\t\t\t<\/div>\n\t\t<\/div>\n\t\t\t\t<div class=\"thb-fancy-content \">\n\t\t\t\t\t\t<span style=\"color: #fff;font-size: 25px\">Rigi<\/span>\t\t<\/div>\n\t\t<style>\n\t\t\t#thb-fancy-box-69ee4d00cbcc3,\n\t\t\t#thb-fancy-box-69ee4d00cbcc3.fancy-style5 .thb-fancy-image-container,\n\t\t\t#thb-fancy-box-69ee4d00cbcc3 .atvImg-container,\n\t\t\t#thb-fancy-box-69ee4d00cbcc3 .atvImg-layers {\n\t\t\t\tmin-height: 430px;\n\t\t\t}\n\t\t\t\t\t\t\t#thb-fancy-box-69ee4d00cbcc3,\n\t\t\t\t#thb-fancy-box-69ee4d00cbcc3 .thb-fancy-image-container,\n\t\t\t\t#thb-fancy-box-69ee4d00cbcc3 .thb-fancy-image,\n\t\t\t\t#thb-fancy-box-69ee4d00cbcc3 .thb-fancy-image img,\n\t\t\t\t#thb-fancy-box-69ee4d00cbcc3 .thb-fancy-content,\n\t\t\t\t#thb-fancy-box-69ee4d00cbcc3 .thb-fancy-hover {\n\t\t\t\t\tborder-radius: 4px;\n\t\t\t\t}\n\t\t\t\t\t\t\t\t<\/style>\n\t<\/div>\n\t\n\t[vc_empty_space height=\u00a0\u00bb30px\u00a0\u00bb][\/vc_column_inner][vc_column_inner width=\u00a0\u00bb1\/3&Prime;]\t<div id=\"thb-fancy-box-69ee4d00cc172\" class=\"thb-fancy-box  fancy-light fancy-style6  thb-bottom-left   has-link\">\n\t\t\t\t<a href=\"https:\/\/www.openstyle.pt\/portfolio\/monviso\/\" class=\"thb-fancy-link \" target=\"_self\">\n\t\t\t\t\t\t\t<div class=\"button small style2 white pill-radius\"><span>EN SAVOIR PLUS<\/span><\/div>\n\t\t\t\t\t<\/a>\n\t\t\t\t<div class=\"thb-fancy-image-container \">\n\t\t\t<div class=\"thb-fancy-image\">\n\t\t\t\t<img width=\"1140\" height=\"600\" src=\"https:\/\/www.openstyle.pt\/wp-content\/uploads\/2019\/05\/phoca_thumb_l_monviso1-1140x600.jpg\" class=\"attachment-revolution-tall-x3 size-revolution-tall-x3\" alt=\"\" decoding=\"async\" loading=\"lazy\" srcset=\"https:\/\/www.openstyle.pt\/wp-content\/uploads\/2019\/05\/phoca_thumb_l_monviso1-1140x600.jpg 1140w, https:\/\/www.openstyle.pt\/wp-content\/uploads\/2019\/05\/phoca_thumb_l_monviso1-20x10.jpg 20w\" sizes=\"(max-width: 1140px) 100vw, 1140px\">\t\t\t<\/div>\n\t\t<\/div>\n\t\t\t\t<div class=\"thb-fancy-content \">\n\t\t\t\t\t\t<span style=\"color: #fff;font-size: 25px\">Monviso<\/span>\t\t<\/div>\n\t\t<style>\n\t\t\t#thb-fancy-box-69ee4d00cc172,\n\t\t\t#thb-fancy-box-69ee4d00cc172.fancy-style5 .thb-fancy-image-container,\n\t\t\t#thb-fancy-box-69ee4d00cc172 .atvImg-container,\n\t\t\t#thb-fancy-box-69ee4d00cc172 .atvImg-layers {\n\t\t\t\tmin-height: 430px;\n\t\t\t}\n\t\t\t\t\t\t\t#thb-fancy-box-69ee4d00cc172,\n\t\t\t\t#thb-fancy-box-69ee4d00cc172 .thb-fancy-image-container,\n\t\t\t\t#thb-fancy-box-69ee4d00cc172 .thb-fancy-image,\n\t\t\t\t#thb-fancy-box-69ee4d00cc172 .thb-fancy-image img,\n\t\t\t\t#thb-fancy-box-69ee4d00cc172 .thb-fancy-content,\n\t\t\t\t#thb-fancy-box-69ee4d00cc172 .thb-fancy-hover {\n\t\t\t\t\tborder-radius: 4px;\n\t\t\t\t}\n\t\t\t\t\t\t\t\t<\/style>\n\t<\/div>\n\t\n\t[vc_empty_space height=\u00a0\u00bb30px\u00a0\u00bb][\/vc_column_inner][\/vc_row_inner][\/vc_column][\/vc_row]\n<\/section>","protected":false},"excerpt":{"rendered":"<p>[vc_row thb_full_width=\u00a0\u00bbtrue\u00a0\u00bb thb_row_padding=\u00a0\u00bbtrue\u00a0\u00bb thb_column_padding=\u00a0\u00bbtrue\u00a0\u00bb thb_scroll_bottom=\u00a0\u00bbtrue\u00a0\u00bb thb_scroll_bottom_style=\u00a0\u00bbstyle3&Prime; thb_scroll_bottom_color=\u00a0\u00bblight\u00a0\u00bb css=\u00a0\u00bb.vc_custom_1570546209188{padding-top: 32vh !important;padding-bottom: 22vh !important;background: #181a0b url(https:\/\/www.openstyle.pt\/wp-content\/uploads\/2019\/10\/ew.jpg?id=2185) !important;background-position: center !important;background-repeat: no-repeat !important;background-size: cover !important;}\u00a0\u00bb][vc_column thb_color=\u00a0\u00bbthb-light-column\u00a0\u00bb][vc_row_inner][vc_column_inner][vc_column_text animation=\u00a0\u00bbanimation bottom-to-top\u00a0\u00bb] [\/vc_column_text][\/vc_column_inner][\/vc_row_inner][\/vc_column][\/vc_row][vc_row][vc_column][vc_empty_space height=\u00a0\u00bb100px\u00a0\u00bb][\/vc_column][\/vc_row][vc_row][vc_column width=\u00a0\u00bb1\/2&Prime;][vc_column_text]Vous trouverez des garde-robe qui s\u2019adaptent \u00e0 votre style, \u00e0 vos v\u00eatements et \u00e0 votre espace, afin que vous puissiez investir davantage dans l\u2019int\u00e9rieur de votre maison. Nous avons&hellip;<\/p>\n","protected":false},"author":1,"featured_media":0,"parent":0,"menu_order":0,"comment_status":"closed","ping_status":"closed","template":"","meta":{"_mi_skip_tracking":false,"_exactmetrics_sitenote_active":false,"_exactmetrics_sitenote_note":"","_exactmetrics_sitenote_category":0,"footnotes":""},"_links":{"self":[{"href":"https:\/\/www.openstyle.pt\/fr\/wp-json\/wp\/v2\/pages\/2474"}],"collection":[{"href":"https:\/\/www.openstyle.pt\/fr\/wp-json\/wp\/v2\/pages"}],"about":[{"href":"https:\/\/www.openstyle.pt\/fr\/wp-json\/wp\/v2\/types\/page"}],"author":[{"embeddable":true,"href":"https:\/\/www.openstyle.pt\/fr\/wp-json\/wp\/v2\/users\/1"}],"replies":[{"embeddable":true,"href":"https:\/\/www.openstyle.pt\/fr\/wp-json\/wp\/v2\/comments?post=2474"}],"version-history":[{"count":3,"href":"https:\/\/www.openstyle.pt\/fr\/wp-json\/wp\/v2\/pages\/2474\/revisions"}],"predecessor-version":[{"id":2490,"href":"https:\/\/www.openstyle.pt\/fr\/wp-json\/wp\/v2\/pages\/2474\/revisions\/2490"}],"wp:attachment":[{"href":"https:\/\/www.openstyle.pt\/fr\/wp-json\/wp\/v2\/media?parent=2474"}],"curies":[{"name":"wp","href":"https:\/\/api.w.org\/{rel}","templated":true}]}}