{"id":2301,"date":"2019-05-02T15:42:42","date_gmt":"2019-05-02T15:42:42","guid":{"rendered":"https:\/\/www.openstyle.pt\/indoor\/"},"modified":"2020-03-02T18:18:00","modified_gmt":"2020-03-02T17:18:00","slug":"interieur","status":"publish","type":"page","link":"https:\/\/www.openstyle.pt\/fr\/interieur\/","title":{"rendered":"INT\u00c9RIEUR"},"content":{"rendered":"<section class=\"wpb-content-wrapper\">[vc_row thb_full_width=\u00a0\u00bbtrue\u00a0\u00bb thb_row_padding=\u00a0\u00bbtrue\u00a0\u00bb thb_column_padding=\u00a0\u00bbtrue\u00a0\u00bb thb_scroll_bottom=\u00a0\u00bbtrue\u00a0\u00bb thb_scroll_bottom_style=\u00a0\u00bbstyle3&Prime; thb_scroll_bottom_color=\u00a0\u00bblight\u00a0\u00bb css=\u00a0\u00bb.vc_custom_1570545519809{padding-top: 32vh !important;padding-bottom: 22vh !important;background: #181a0b url(https:\/\/www.openstyle.pt\/wp-content\/uploads\/2019\/10\/ew.jpg?id=2185) !important;background-position: center !important;background-repeat: no-repeat !important;background-size: cover !important;}\u00a0\u00bb][vc_column thb_color=\u00a0\u00bbthb-light-column\u00a0\u00bb][vc_row_inner][vc_column_inner]\t<div id=\"thb-slidetype-69ee4d014c56b\" class=\"thb-slidetype \" data-style=\"style3\">\n\t\t\n<h1><span class=\"thb-slidetype-entry\"><span class=\"lines\">| Int\u00e9rieur<\/span><\/span><\/h1>\n\t\t\t<\/div>\n  \n  [vc_column_text animation=\u00a0\u00bbanimation bottom-to-top\u00a0\u00bb]\n<h3><span style=\"color: #bbbbbb; font-size: 20px;\"><strong>Mobilier de qualit\u00e9 avec une attention toute particuli\u00e8re des d\u00e9tails.<\/strong><\/span><\/h3>\n[\/vc_column_text]\t<a id=\"thb-button-69ee4d014c600\" class=\"btn style2 medium  white no-radius animation bottom-to-top scroll-bottom  \" href=\"#\" target=\"_self\" role=\"button\">\n\t\t\t  <span>EN SAVOIR PLUS<\/span><\/a>\n    [vc_empty_space height=\u00a0\u00bb150px\u00a0\u00bb][\/vc_column_inner][\/vc_row_inner][\/vc_column][\/vc_row][vc_row][vc_column][vc_column_text]\n<h2 style=\"color: #000000; opacity: 0.38;\">Exp\u00e9rience, professionnalisme<br \/>\net innovation.<\/h2>\n[\/vc_column_text][\/vc_column][\/vc_row][vc_row][vc_column width=\u00a0\u00bb1\/2&Prime;][vc_column_text]Dot\u00e9s d\u2019une longue exp\u00e9rience sur le march\u00e9, nous suivons l&rsquo;\u00e9volution tout en nous adaptant aux nouvelles exigences de notre secteur d\u2019activit\u00e9.<\/p>\n<p>Notre d\u00e9fi ? La conqu\u00eate de nouveaux march\u00e9s et le d\u00e9veloppement de produits innovants.[\/vc_column_text][vc_column_text]Tout en conservant les m\u00eames valeurs : professionnalisme, exigence et rigueur.<\/p>\n<p>&#8230; \u00e0 vos c\u00f4t\u00e9s pour r\u00e9inventer le monde! [\/vc_column_text][\/vc_column][vc_column width=\u00a0\u00bb1\/2&Prime;][\/vc_column][\/vc_row][vc_row thb_full_width=\u00a0\u00bbtrue\u00a0\u00bb thb_row_padding=\u00a0\u00bbtrue\u00a0\u00bb thb_column_padding=\u00a0\u00bbtrue\u00a0\u00bb el_class=\u00a0\u00bbcategorias_cozinha\u00a0\u00bb][vc_column]\t<div id=\"thb-bg-list-69ee4d014c652\" class=\"thb-bg-list-parent style1 row no-padding thb-light-title\" data-zoom-effect=\"true\">\n\t\t\t<div class=\"small-12 medium-3 columns\" style=\"min-height: 60vh\">\n\t\t<div class=\"thb-bg-list animation right-to-left-3d has-btn\">\n\t\t\t<div class=\"list-content-container\">\n\t\t\t\t\t\t\t\t\t<div class=\"thb-bg-list-title\">\n\t\t\t\t\t\t<h4>Cuisines<\/h4>\n\t\t\t\t\t<\/div>\n\t\t\t\t\t\t\t\t\t\t\t<\/div>\n\t\t\t\t\t\t\t<a href=\"https:\/\/www.openstyle.pt\/fr\/cuisines\" target=\"_self\" title=\"EN SAVOIR PLUS\" class=\"btn thb-bglist-btn no-radius style2 white small\"><span>EN SAVOIR PLUS<\/span><\/a>\n\t\t\t\t\t<\/div>\n\t<\/div>\n\t<figure class=\"thb-bg-list-bg\">\n\t\t\n\t\t<img width=\"1200\" height=\"601\" src=\"https:\/\/www.openstyle.pt\/wp-content\/uploads\/2019\/05\/phoca_thumb_l_douro1-1.jpg\" class=\"thb-bg-list-image attachment-full\" alt=\"\" decoding=\"async\" title=\"phoca_thumb_l_douro1\" loading=\"lazy\" srcset=\"https:\/\/www.openstyle.pt\/wp-content\/uploads\/2019\/05\/phoca_thumb_l_douro1-1.jpg 1200w, https:\/\/www.openstyle.pt\/wp-content\/uploads\/2019\/05\/phoca_thumb_l_douro1-1-300x150.jpg 300w, https:\/\/www.openstyle.pt\/wp-content\/uploads\/2019\/05\/phoca_thumb_l_douro1-1-768x385.jpg 768w, https:\/\/www.openstyle.pt\/wp-content\/uploads\/2019\/05\/phoca_thumb_l_douro1-1-1024x513.jpg 1024w, https:\/\/www.openstyle.pt\/wp-content\/uploads\/2019\/05\/phoca_thumb_l_douro1-1-650x325.jpg 650w, https:\/\/www.openstyle.pt\/wp-content\/uploads\/2019\/05\/phoca_thumb_l_douro1-1-380x190.jpg 380w, https:\/\/www.openstyle.pt\/wp-content\/uploads\/2019\/05\/phoca_thumb_l_douro1-1-20x9.jpg 20w, https:\/\/www.openstyle.pt\/wp-content\/uploads\/2019\/05\/phoca_thumb_l_douro1-1-190x95.jpg 190w, https:\/\/www.openstyle.pt\/wp-content\/uploads\/2019\/05\/phoca_thumb_l_douro1-1-760x381.jpg 760w, https:\/\/www.openstyle.pt\/wp-content\/uploads\/2019\/05\/phoca_thumb_l_douro1-1-1140x571.jpg 1140w\" sizes=\"(max-width: 1200px) 100vw, 1200px\">\t<\/figure>\n\t\n\t\t<div class=\"small-12 medium-3 columns\" style=\"min-height: 60vh\">\n\t\t<div class=\"thb-bg-list animation right-to-left-3d has-btn\">\n\t\t\t<div class=\"list-content-container\">\n\t\t\t\t\t\t\t\t\t<div class=\"thb-bg-list-title\">\n\t\t\t\t\t\t<h4>Garde-robes<\/h4>\n\t\t\t\t\t<\/div>\n\t\t\t\t\t\t\t\t\t\t\t<\/div>\n\t\t\t\t\t\t\t<a href=\"https:\/\/www.openstyle.pt\/garde-robes\/\" target=\"_self\" title=\"EN SAVOIR PLUS\" class=\"btn thb-bglist-btn no-radius style2 white small\"><span>EN SAVOIR PLUS<\/span><\/a>\n\t\t\t\t\t<\/div>\n\t<\/div>\n\t<figure class=\"thb-bg-list-bg\">\n\t\t\n\t\t<img width=\"5569\" height=\"2649\" src=\"https:\/\/www.openstyle.pt\/wp-content\/uploads\/2019\/10\/roupeiro-notch.jpg\" class=\"thb-bg-list-image attachment-full\" alt=\"\" decoding=\"async\" title=\"roupeiro notch\" loading=\"lazy\" srcset=\"https:\/\/www.openstyle.pt\/wp-content\/uploads\/2019\/10\/roupeiro-notch.jpg 5569w, https:\/\/www.openstyle.pt\/wp-content\/uploads\/2019\/10\/roupeiro-notch-300x143.jpg 300w, https:\/\/www.openstyle.pt\/wp-content\/uploads\/2019\/10\/roupeiro-notch-768x365.jpg 768w, https:\/\/www.openstyle.pt\/wp-content\/uploads\/2019\/10\/roupeiro-notch-1024x487.jpg 1024w, https:\/\/www.openstyle.pt\/wp-content\/uploads\/2019\/10\/roupeiro-notch-380x181.jpg 380w, https:\/\/www.openstyle.pt\/wp-content\/uploads\/2019\/10\/roupeiro-notch-20x9.jpg 20w, https:\/\/www.openstyle.pt\/wp-content\/uploads\/2019\/10\/roupeiro-notch-190x90.jpg 190w, https:\/\/www.openstyle.pt\/wp-content\/uploads\/2019\/10\/roupeiro-notch-760x362.jpg 760w, https:\/\/www.openstyle.pt\/wp-content\/uploads\/2019\/10\/roupeiro-notch-1140x542.jpg 1140w\" sizes=\"(max-width: 5569px) 100vw, 5569px\">\t<\/figure>\n\t\n\t\t<div class=\"small-12 medium-3 columns\" style=\"min-height: 60vh\">\n\t\t<div class=\"thb-bg-list animation right-to-left-3d has-btn\">\n\t\t\t<div class=\"list-content-container\">\n\t\t\t\t\t\t\t\t\t<div class=\"thb-bg-list-title\">\n\t\t\t\t\t\t<h4>Chambres<\/h4>\n\t\t\t\t\t<\/div>\n\t\t\t\t\t\t\t\t\t\t\t<\/div>\n\t\t\t\t\t\t\t<a href=\"https:\/\/www.openstyle.pt\/fr\/chambres\/\" target=\"_self\" title=\"EN SAVOIR PLUS\" class=\"btn thb-bglist-btn no-radius style2 white small\"><span>EN SAVOIR PLUS<\/span><\/a>\n\t\t\t\t\t<\/div>\n\t<\/div>\n\t<figure class=\"thb-bg-list-bg\">\n\t\t\n\t\t<img width=\"2048\" height=\"1024\" src=\"https:\/\/www.openstyle.pt\/wp-content\/uploads\/2019\/10\/31961025_2210968975587927_5297664266365566976_o.jpg\" class=\"thb-bg-list-image attachment-full\" alt=\"\" decoding=\"async\" title=\"31961025_2210968975587927_5297664266365566976_o\" loading=\"lazy\" srcset=\"https:\/\/www.openstyle.pt\/wp-content\/uploads\/2019\/10\/31961025_2210968975587927_5297664266365566976_o.jpg 2048w, https:\/\/www.openstyle.pt\/wp-content\/uploads\/2019\/10\/31961025_2210968975587927_5297664266365566976_o-300x150.jpg 300w, https:\/\/www.openstyle.pt\/wp-content\/uploads\/2019\/10\/31961025_2210968975587927_5297664266365566976_o-768x384.jpg 768w, https:\/\/www.openstyle.pt\/wp-content\/uploads\/2019\/10\/31961025_2210968975587927_5297664266365566976_o-1024x512.jpg 1024w, https:\/\/www.openstyle.pt\/wp-content\/uploads\/2019\/10\/31961025_2210968975587927_5297664266365566976_o-650x325.jpg 650w, https:\/\/www.openstyle.pt\/wp-content\/uploads\/2019\/10\/31961025_2210968975587927_5297664266365566976_o-380x190.jpg 380w, https:\/\/www.openstyle.pt\/wp-content\/uploads\/2019\/10\/31961025_2210968975587927_5297664266365566976_o-1300x650.jpg 1300w, https:\/\/www.openstyle.pt\/wp-content\/uploads\/2019\/10\/31961025_2210968975587927_5297664266365566976_o-1950x975.jpg 1950w, https:\/\/www.openstyle.pt\/wp-content\/uploads\/2019\/10\/31961025_2210968975587927_5297664266365566976_o-20x9.jpg 20w, https:\/\/www.openstyle.pt\/wp-content\/uploads\/2019\/10\/31961025_2210968975587927_5297664266365566976_o-190x95.jpg 190w, https:\/\/www.openstyle.pt\/wp-content\/uploads\/2019\/10\/31961025_2210968975587927_5297664266365566976_o-760x380.jpg 760w, https:\/\/www.openstyle.pt\/wp-content\/uploads\/2019\/10\/31961025_2210968975587927_5297664266365566976_o-1140x570.jpg 1140w\" sizes=\"(max-width: 2048px) 100vw, 2048px\">\t<\/figure>\n\t\n\t\t<div class=\"small-12 medium-3 columns\" style=\"min-height: 60vh\">\n\t\t<div class=\"thb-bg-list animation right-to-left-3d has-btn\">\n\t\t\t<div class=\"list-content-container\">\n\t\t\t\t\t\t\t\t\t<div class=\"thb-bg-list-title\">\n\t\t\t\t\t\t<h4>Canap\u00e9s et Fauteuils<\/h4>\n\t\t\t\t\t<\/div>\n\t\t\t\t\t\t\t\t\t\t\t<\/div>\n\t\t\t\t\t\t\t<a href=\"https:\/\/www.openstyle.pt\/fr\/canapes-et-fauteuils\" target=\"_self\" title=\"EN SAVOIR PLUS\" class=\"btn thb-bglist-btn no-radius style2 white small\"><span>EN SAVOIR PLUS<\/span><\/a>\n\t\t\t\t\t<\/div>\n\t<\/div>\n\t<figure class=\"thb-bg-list-bg\">\n\t\t\n\t\t<img width=\"2560\" height=\"1132\" src=\"https:\/\/www.openstyle.pt\/wp-content\/uploads\/2019\/05\/sofas.jpg\" class=\"thb-bg-list-image attachment-full\" alt=\"\" decoding=\"async\" title=\"sofas\" loading=\"lazy\" srcset=\"https:\/\/www.openstyle.pt\/wp-content\/uploads\/2019\/05\/sofas.jpg 2560w, https:\/\/www.openstyle.pt\/wp-content\/uploads\/2019\/05\/sofas-300x133.jpg 300w, https:\/\/www.openstyle.pt\/wp-content\/uploads\/2019\/05\/sofas-768x340.jpg 768w, https:\/\/www.openstyle.pt\/wp-content\/uploads\/2019\/05\/sofas-1024x453.jpg 1024w, https:\/\/www.openstyle.pt\/wp-content\/uploads\/2019\/05\/sofas-380x168.jpg 380w, https:\/\/www.openstyle.pt\/wp-content\/uploads\/2019\/05\/sofas-20x9.jpg 20w, https:\/\/www.openstyle.pt\/wp-content\/uploads\/2019\/05\/sofas-190x84.jpg 190w, https:\/\/www.openstyle.pt\/wp-content\/uploads\/2019\/05\/sofas-760x336.jpg 760w, https:\/\/www.openstyle.pt\/wp-content\/uploads\/2019\/05\/sofas-1140x504.jpg 1140w\" sizes=\"(max-width: 2560px) 100vw, 2560px\">\t<\/figure>\n\t\n\t\t<\/div>\n\t[\/vc_column][\/vc_row][vc_row css=\u00a0\u00bb.vc_custom_1557222080506{padding-top: 100px !important;padding-bottom: 100px !important;}\u00a0\u00bb][vc_column width=\u00a0\u00bb1\/4&Prime;][vc_empty_space height=\u00a0\u00bb100px\u00a0\u00bb][vc_column_text]\n<h3 style=\"color: #000000; opacity: 0.38;\">Mais Categorias:<\/h3>\n[\/vc_column_text][\/vc_column][vc_column width=\u00a0\u00bb3\/4&Prime;][vc_row_inner el_class=\u00a0\u00bbicones_conteudos\u00a0\u00bb][vc_column_inner width=\u00a0\u00bb1\/3&Prime; animation=\u00a0\u00bbanimation fade-in\u00a0\u00bb]\t<div id=\"thb-iconbox-69ee4d014e22c\" class=\"thb-iconbox top type3  has-img  text-center animation-off\" href=\"\" target=\"_self\" data-animation_speed=\"1.5\">\n\t\t\t\t<figure>\n\t\t\t\t\t\t\t<div class=\"iconbox-image\">\n\t\t\t\t\t<img width=\"150\" height=\"150\" src=\"https:\/\/www.openstyle.pt\/wp-content\/uploads\/2019\/05\/Eletrodomesticos.jpg\" class=\"thb_image attachment-full\" alt=\"\" decoding=\"async\" title=\"Eletrodomesticos\" loading=\"lazy\" srcset=\"https:\/\/www.openstyle.pt\/wp-content\/uploads\/2019\/05\/Eletrodomesticos.jpg 150w, https:\/\/www.openstyle.pt\/wp-content\/uploads\/2019\/05\/Eletrodomesticos-100x100.jpg 100w, https:\/\/www.openstyle.pt\/wp-content\/uploads\/2019\/05\/Eletrodomesticos-20x20.jpg 20w\" sizes=\"(max-width: 150px) 100vw, 150px\">\t\t\t\t\t\t\t\t\t<\/div>\n\t\t\t\t\t\t\t\t\t\t\t<\/figure>\n\t\t\t\t<div class=\"iconbox-content\">\n\t\t\t<h5>Electrom\u00e9nagers<\/h5>\t\t\t<p>Tout ce dont vous avez besoin pour l'\u00e9lectronique domestique<\/p>\n\t\t\t\t\t<\/div>\n\t\t<style>\n\t\t\t\t\t\t\t\t\t\t\t\t\t\t\t\t\t\t\t#thb-iconbox-69ee4d014e22c.thb-iconbox .iconbox-image img {\n\t\t\t\t\twidth: 150px;\n\t\t\t\t\theight: auto;\n\t\t\t\t}\n\t\t\t\t\t\t\t\t\t\t\t\t\/* Hover *\/\n\t\t\t\t\t\t\t\t\t\t\t<\/style>\n\t<\/div>\n\t\t<a id=\"thb-button-69ee4d014e80d\" class=\"btn style2 small  black no-radius    \" href=\"https:\/\/www.openstyle.pt\/fr\/electromenagers\/\" target=\"_self\" role=\"button\">\n\t\t\t  <span>EN SAVOIR PLUS<\/span><\/a>\n    [\/vc_column_inner][vc_column_inner width=\u00a0\u00bb1\/3&Prime; animation=\u00a0\u00bbanimation fade-in\u00a0\u00bb]\t<div id=\"thb-iconbox-69ee4d014e863\" class=\"thb-iconbox top type3  has-img  text-center animation-off\" href=\"\" target=\"_self\" data-animation_speed=\"1.5\">\n\t\t\t\t<figure>\n\t\t\t\t\t\t\t<div class=\"iconbox-image\">\n\t\t\t\t\t<img width=\"151\" height=\"150\" src=\"https:\/\/www.openstyle.pt\/wp-content\/uploads\/2019\/05\/Colchoes_e_almofadas.jpg\" class=\"thb_image attachment-full\" alt=\"\" decoding=\"async\" title=\"Colchoes_e_almofadas\" loading=\"lazy\" srcset=\"https:\/\/www.openstyle.pt\/wp-content\/uploads\/2019\/05\/Colchoes_e_almofadas.jpg 151w, https:\/\/www.openstyle.pt\/wp-content\/uploads\/2019\/05\/Colchoes_e_almofadas-150x150.jpg 150w, https:\/\/www.openstyle.pt\/wp-content\/uploads\/2019\/05\/Colchoes_e_almofadas-100x100.jpg 100w, https:\/\/www.openstyle.pt\/wp-content\/uploads\/2019\/05\/Colchoes_e_almofadas-20x20.jpg 20w\" sizes=\"(max-width: 151px) 100vw, 151px\">\t\t\t\t\t\t\t\t\t<\/div>\n\t\t\t\t\t\t\t\t\t\t\t<\/figure>\n\t\t\t\t<div class=\"iconbox-content\">\n\t\t\t<h5>Matelas er Oreillers<\/h5>\t\t\t<p>Pour un repos qui vous permet vraiment de r\u00e9cup\u00e9rer<\/p>\n\t\t\t\t\t<\/div>\n\t\t<style>\n\t\t\t\t\t\t\t\t\t\t\t\t\t\t\t\t\t\t\t#thb-iconbox-69ee4d014e863.thb-iconbox .iconbox-image img {\n\t\t\t\t\twidth: 150px;\n\t\t\t\t\theight: auto;\n\t\t\t\t}\n\t\t\t\t\t\t\t\t\t\t\t\t\/* Hover *\/\n\t\t\t\t\t\t\t\t\t\t\t<\/style>\n\t<\/div>\n\t\t<a id=\"thb-button-69ee4d014ed91\" class=\"btn style2 small  black no-radius    \" href=\"https:\/\/www.openstyle.pt\/fr\/matelas-et-oreillers\/\" target=\"_self\" role=\"button\">\n\t\t\t  <span>EN SAVOIR PLUS<\/span><\/a>\n    [\/vc_column_inner][vc_column_inner width=\u00a0\u00bb1\/3&Prime; animation=\u00a0\u00bbanimation fade-in\u00a0\u00bb]\t<div id=\"thb-iconbox-69ee4d014ede3\" class=\"thb-iconbox top type3 cadeira has-img  text-center animation-off\" href=\"\" target=\"_self\" data-animation_speed=\"1.5\">\n\t\t\t\t<figure>\n\t\t\t\t\t\t\t<div class=\"iconbox-image\">\n\t\t\t\t\t<img width=\"151\" height=\"150\" src=\"https:\/\/www.openstyle.pt\/wp-content\/uploads\/2019\/05\/Outro_mobiliario.jpg\" class=\"thb_image attachment-full\" alt=\"\" decoding=\"async\" title=\"Outro_mobiliario\" loading=\"lazy\" srcset=\"https:\/\/www.openstyle.pt\/wp-content\/uploads\/2019\/05\/Outro_mobiliario.jpg 151w, https:\/\/www.openstyle.pt\/wp-content\/uploads\/2019\/05\/Outro_mobiliario-150x150.jpg 150w, https:\/\/www.openstyle.pt\/wp-content\/uploads\/2019\/05\/Outro_mobiliario-100x100.jpg 100w, https:\/\/www.openstyle.pt\/wp-content\/uploads\/2019\/05\/Outro_mobiliario-20x20.jpg 20w\" sizes=\"(max-width: 151px) 100vw, 151px\">\t\t\t\t\t\t\t\t\t<\/div>\n\t\t\t\t\t\t\t\t\t\t\t<\/figure>\n\t\t\t\t<div class=\"iconbox-content\">\n\t\t\t<h5>Autres Meubles<\/h5>\t\t\t<p>De A \u00e0 Z, tout ce dont vous avez besoin peaufiner tous les d\u00e9tails de votre maison<\/p>\n\t\t\t\t\t<\/div>\n\t\t<style>\n\t\t\t\t\t\t\t\t\t\t\t\t\t\t\t\t\t\t\t#thb-iconbox-69ee4d014ede3.thb-iconbox .iconbox-image img {\n\t\t\t\t\twidth: 150px;\n\t\t\t\t\theight: auto;\n\t\t\t\t}\n\t\t\t\t\t\t\t\t\t\t\t\t\/* Hover *\/\n\t\t\t\t\t\t\t\t\t\t\t<\/style>\n\t<\/div>\n\t\t<a id=\"thb-button-69ee4d014f3ad\" class=\"btn style2 small  black no-radius    \" href=\"https:\/\/www.openstyle.pt\/fr\/autres-meubles\/\" target=\"_self\" role=\"button\">\n\t\t\t  <span>EN SAVOIR PLUS<\/span><\/a>\n    [\/vc_column_inner][\/vc_row_inner][\/vc_column][\/vc_row]\n<\/section>","protected":false},"excerpt":{"rendered":"<p>[vc_row thb_full_width=\u00a0\u00bbtrue\u00a0\u00bb thb_row_padding=\u00a0\u00bbtrue\u00a0\u00bb thb_column_padding=\u00a0\u00bbtrue\u00a0\u00bb thb_scroll_bottom=\u00a0\u00bbtrue\u00a0\u00bb thb_scroll_bottom_style=\u00a0\u00bbstyle3&Prime; thb_scroll_bottom_color=\u00a0\u00bblight\u00a0\u00bb css=\u00a0\u00bb.vc_custom_1570545519809{padding-top: 32vh !important;padding-bottom: 22vh !important;background: #181a0b url(https:\/\/www.openstyle.pt\/wp-content\/uploads\/2019\/10\/ew.jpg?id=2185) !important;background-position: center !important;background-repeat: no-repeat !important;background-size: cover !important;}\u00a0\u00bb][vc_column thb_color=\u00a0\u00bbthb-light-column\u00a0\u00bb][vc_row_inner][vc_column_inner][vc_column_text animation=\u00a0\u00bbanimation bottom-to-top\u00a0\u00bb] Mobilier de qualit\u00e9 avec une attention toute particuli\u00e8re des d\u00e9tails. [\/vc_column_text][vc_empty_space height=\u00a0\u00bb150px\u00a0\u00bb][\/vc_column_inner][\/vc_row_inner][\/vc_column][\/vc_row][vc_row][vc_column][vc_column_text] Exp\u00e9rience, professionnalisme et innovation. [\/vc_column_text][\/vc_column][\/vc_row][vc_row][vc_column width=\u00a0\u00bb1\/2&Prime;][vc_column_text]Dot\u00e9s d\u2019une longue exp\u00e9rience sur le march\u00e9, nous suivons l&rsquo;\u00e9volution tout en nous adaptant&hellip;<\/p>\n","protected":false},"author":1,"featured_media":0,"parent":0,"menu_order":0,"comment_status":"closed","ping_status":"closed","template":"","meta":{"_mi_skip_tracking":false,"_exactmetrics_sitenote_active":false,"_exactmetrics_sitenote_note":"","_exactmetrics_sitenote_category":0,"footnotes":""},"_links":{"self":[{"href":"https:\/\/www.openstyle.pt\/fr\/wp-json\/wp\/v2\/pages\/2301"}],"collection":[{"href":"https:\/\/www.openstyle.pt\/fr\/wp-json\/wp\/v2\/pages"}],"about":[{"href":"https:\/\/www.openstyle.pt\/fr\/wp-json\/wp\/v2\/types\/page"}],"author":[{"embeddable":true,"href":"https:\/\/www.openstyle.pt\/fr\/wp-json\/wp\/v2\/users\/1"}],"replies":[{"embeddable":true,"href":"https:\/\/www.openstyle.pt\/fr\/wp-json\/wp\/v2\/comments?post=2301"}],"version-history":[{"count":5,"href":"https:\/\/www.openstyle.pt\/fr\/wp-json\/wp\/v2\/pages\/2301\/revisions"}],"predecessor-version":[{"id":4403,"href":"https:\/\/www.openstyle.pt\/fr\/wp-json\/wp\/v2\/pages\/2301\/revisions\/4403"}],"wp:attachment":[{"href":"https:\/\/www.openstyle.pt\/fr\/wp-json\/wp\/v2\/media?parent=2301"}],"curies":[{"name":"wp","href":"https:\/\/api.w.org\/{rel}","templated":true}]}}