{"id":4173,"date":"2019-05-03T13:58:09","date_gmt":"2019-05-03T13:58:09","guid":{"rendered":"https:\/\/www.openstyle.pt\/boxes-em-inox\/"},"modified":"2020-03-02T16:35:44","modified_gmt":"2020-03-02T15:35:44","slug":"stainless-steel-boxes","status":"publish","type":"page","link":"https:\/\/www.openstyle.pt\/en\/stainless-steel-boxes\/","title":{"rendered":"STAINLESS STEEL BOXES"},"content":{"rendered":"<section class=\"wpb-content-wrapper\">[vc_row thb_full_width=&#8221;true&#8221; thb_row_padding=&#8221;true&#8221; thb_column_padding=&#8221;true&#8221; thb_scroll_bottom=&#8221;true&#8221; thb_scroll_bottom_style=&#8221;style3&#8243; thb_scroll_bottom_color=&#8221;light&#8221; css=&#8221;.vc_custom_1559750121977{padding-top: 25vh !important;padding-bottom: 22vh !important;background: #181a0b url(https:\/\/www.openstyle.pt\/wp-content\/uploads\/2019\/06\/boxes-em-inox.jpg?id=1655) !important;background-position: center !important;background-repeat: no-repeat !important;background-size: cover !important;}&#8221;][vc_column thb_color=&#8221;thb-light-column&#8221;][vc_row_inner][vc_column_inner][vc_column_text][\/vc_column_text]\t<div id=\"thb-slidetype-69ee4d3d21ba2\" class=\"thb-slidetype \" data-style=\"style3\">\n\t\t\n<h1><span class=\"thb-slidetype-entry\"><span class=\"lines\">| Stainless Steel Boxes<\/span><\/span><\/h1>\n\t\t\t<\/div>\n  \n  [vc_column_text animation=&#8221;animation bottom-to-top&#8221;]\n<h3><\/h3>\n[\/vc_column_text]\t<a id=\"thb-button-69ee4d3d21c35\" class=\"btn style2 medium  white no-radius animation bottom-to-top scroll-bottom  \" href=\"#\" target=\"_self\" role=\"button\">\n\t\t\t  <span>KNOW MORE<\/span><\/a>\n    [\/vc_column_inner][\/vc_row_inner][\/vc_column][\/vc_row][vc_row][vc_column][vc_empty_space height=&#8221;100px&#8221;][vc_column_text]\n<h2 style=\"color: #000000; opacity: 0.38; text-align: left;\">In the veterinary hospitalization<br \/>\nmarket for decades<\/h2>\n[\/vc_column_text][vc_empty_space height=&#8221;50px&#8221;][vc_row_inner thb_max_width=&#8221;&#8221; css=&#8221;.vc_custom_1531489751257{padding-bottom: 10px !important;}&#8221;][vc_column_inner width=&#8221;1\/2&#8243;][vc_empty_space height=&#8221;100px&#8221;][vc_column_text]\n<h4 style=\"color: #000000; text-align: left;\">\u00a0The boxes made of stainless steel are:<\/h4>\n[\/vc_column_text][\/vc_column_inner][vc_column_inner width=&#8221;1\/2&#8243; css=&#8221;.vc_custom_1564746163820{border-top-width: 2px !important;border-right-width: 2px !important;border-bottom-width: 2px !important;border-left-width: 2px !important;padding-top: 50px !important;padding-right: 20px !important;padding-bottom: 20px !important;padding-left: 20px !important;background-color: #000000 !important;border-left-color: #ececec !important;border-left-style: solid !important;border-right-color: #ececec !important;border-right-style: solid !important;border-top-color: #ececec !important;border-top-style: solid !important;border-bottom-color: #ececec !important;border-bottom-style: solid !important;}&#8221;]\t<div id=\"thb-iconbox-69ee4d3d21c9e\" class=\"thb-iconbox left type2  has-img   animation-true\" href=\"\" target=\"_self\" data-animation_speed=\"0.5\">\n\t\t\t\t<figure>\n\t\t\t\t\t\t\t<div class=\"iconbox-image\">\n\t\t\t\t\t\t\t\t\t\t\t\t\t\t<\/div>\n\t\t\t\t\t\t\t\t\t\t\t<\/figure>\n\t\t\t\t<div class=\"iconbox-content\">\n\t\t\t<h5>Highly resistant<\/h5>\t\t\t\t\t\t\t\t<\/div>\n\t\t<style>\n\t\t\t\t\t\t\t\t\t\t\t\t\t\t\t\t\t\t\t\t\t#thb-iconbox-69ee4d3d21c9e.thb-iconbox .iconbox-content h5,\n\t\t\t#thb-iconbox-69ee4d3d21c9e.thb-iconbox figure h5 {\n\t\t\t\tcolor: #ffffff;\n\t\t\t}\n\t\t\t\t\t\t\t\t\t\/* Hover *\/\n\t\t\t\t\t\t\t\t\t\t\t<\/style>\n\t<\/div>\n\t\t<div id=\"thb-iconbox-69ee4d3d22128\" class=\"thb-iconbox left type2  has-img   animation-true\" href=\"\" target=\"_self\" data-animation_speed=\"0.5\">\n\t\t\t\t<figure>\n\t\t\t\t\t\t\t<div class=\"iconbox-image\">\n\t\t\t\t\t\t\t\t\t\t\t\t\t\t<\/div>\n\t\t\t\t\t\t\t\t\t\t\t<\/figure>\n\t\t\t\t<div class=\"iconbox-content\">\n\t\t\t<h5>Easy cleaning <\/h5>\t\t\t\t\t\t\t\t<\/div>\n\t\t<style>\n\t\t\t\t\t\t\t\t\t\t\t\t\t\t\t\t\t\t\t\t\t#thb-iconbox-69ee4d3d22128.thb-iconbox .iconbox-content h5,\n\t\t\t#thb-iconbox-69ee4d3d22128.thb-iconbox figure h5 {\n\t\t\t\tcolor: #ffffff;\n\t\t\t}\n\t\t\t\t\t\t\t\t\t\/* Hover *\/\n\t\t\t\t\t\t\t\t\t\t\t<\/style>\n\t<\/div>\n\t\t<div id=\"thb-iconbox-69ee4d3d223b9\" class=\"thb-iconbox left type2  has-img   animation-true\" href=\"\" target=\"_self\" data-animation_speed=\"0.5\">\n\t\t\t\t<figure>\n\t\t\t\t\t\t\t<div class=\"iconbox-image\">\n\t\t\t\t\t\t\t\t\t\t\t\t\t\t<\/div>\n\t\t\t\t\t\t\t\t\t\t\t<\/figure>\n\t\t\t\t<div class=\"iconbox-content\">\n\t\t\t<h5>Economic <\/h5>\t\t\t\t\t\t\t\t<\/div>\n\t\t<style>\n\t\t\t\t\t\t\t\t\t\t\t\t\t\t\t\t\t\t\t\t\t#thb-iconbox-69ee4d3d223b9.thb-iconbox .iconbox-content h5,\n\t\t\t#thb-iconbox-69ee4d3d223b9.thb-iconbox figure h5 {\n\t\t\t\tcolor: #ffffff;\n\t\t\t}\n\t\t\t\t\t\t\t\t\t\/* Hover *\/\n\t\t\t\t\t\t\t\t\t\t\t<\/style>\n\t<\/div>\n\t[\/vc_column_inner][\/vc_row_inner][vc_row_inner thb_max_width=&#8221;&#8221; css=&#8221;.vc_custom_1531489751257{padding-bottom: 10px !important;}&#8221;][vc_column_inner width=&#8221;1\/2&#8243;][vc_empty_space height=&#8221;100px&#8221;][vc_column_text]\n<h4 style=\"color: #000000; text-align: left;\">Features of our acrylic boxes:<\/h4>\n[\/vc_column_text][\/vc_column_inner][vc_column_inner width=&#8221;1\/2&#8243; css=&#8221;.vc_custom_1564746185393{border-top-width: 2px !important;border-right-width: 2px !important;border-bottom-width: 2px !important;border-left-width: 2px !important;padding-top: 50px !important;padding-right: 20px !important;padding-bottom: 20px !important;padding-left: 20px !important;background-color: #000000 !important;border-left-color: #ececec !important;border-left-style: solid !important;border-right-color: #ececec !important;border-right-style: solid !important;border-top-color: #ececec !important;border-top-style: solid !important;border-bottom-color: #ececec !important;border-bottom-style: solid !important;}&#8221;]\t<div id=\"thb-iconbox-69ee4d3d2264b\" class=\"thb-iconbox left type2  has-img   animation-true\" href=\"\" target=\"_self\" data-animation_speed=\"1.5\">\n\t\t\t\t<figure>\n\t\t\t\t\t\t\t<div class=\"iconbox-image\">\n\t\t\t\t\t\t\t\t\t\t\t\t\t\t<\/div>\n\t\t\t\t\t\t\t\t\t\t\t<\/figure>\n\t\t\t\t<div class=\"iconbox-content\">\n\t\t\t<h5>Quality product <\/h5>\t\t\t\t\t\t\t\t<\/div>\n\t\t<style>\n\t\t\t\t\t\t\t\t\t\t\t\t\t\t\t\t\t\t\t#thb-iconbox-69ee4d3d2264b.thb-iconbox .iconbox-image img {\n\t\t\t\t\twidth: 34px;\n\t\t\t\t\theight: auto;\n\t\t\t\t}\n\t\t\t\t\t\t\t\t\t#thb-iconbox-69ee4d3d2264b.thb-iconbox .iconbox-content h5,\n\t\t\t#thb-iconbox-69ee4d3d2264b.thb-iconbox figure h5 {\n\t\t\t\tcolor: #ffffff;\n\t\t\t}\n\t\t\t\t\t\t\t\t\t\/* Hover *\/\n\t\t\t\t\t\t\t\t\t\t\t<\/style>\n\t<\/div>\n\t\t<div id=\"thb-iconbox-69ee4d3d22aaa\" class=\"thb-iconbox left type2  has-img   animation-true\" href=\"\" target=\"_self\" data-animation_speed=\"1.5\">\n\t\t\t\t<figure>\n\t\t\t\t\t\t\t<div class=\"iconbox-image\">\n\t\t\t\t\t\t\t\t\t\t\t\t\t\t<\/div>\n\t\t\t\t\t\t\t\t\t\t\t<\/figure>\n\t\t\t\t<div class=\"iconbox-content\">\n\t\t\t<h5>disinfection guarantee <\/h5>\t\t\t\t\t\t\t\t<\/div>\n\t\t<style>\n\t\t\t\t\t\t\t\t\t\t\t\t\t\t\t\t\t\t\t#thb-iconbox-69ee4d3d22aaa.thb-iconbox .iconbox-image img {\n\t\t\t\t\twidth: 34px;\n\t\t\t\t\theight: auto;\n\t\t\t\t}\n\t\t\t\t\t\t\t\t\t#thb-iconbox-69ee4d3d22aaa.thb-iconbox .iconbox-content h5,\n\t\t\t#thb-iconbox-69ee4d3d22aaa.thb-iconbox figure h5 {\n\t\t\t\tcolor: #ffffff;\n\t\t\t}\n\t\t\t\t\t\t\t\t\t\/* Hover *\/\n\t\t\t\t\t\t\t\t\t\t\t<\/style>\n\t<\/div>\n\t\t<div id=\"thb-iconbox-69ee4d3d22eb0\" class=\"thb-iconbox left type2  has-img   animation-true\" href=\"\" target=\"_self\" data-animation_speed=\"1.5\">\n\t\t\t\t<figure>\n\t\t\t\t\t\t\t<div class=\"iconbox-image\">\n\t\t\t\t\t\t\t\t\t\t\t\t\t\t<\/div>\n\t\t\t\t\t\t\t\t\t\t\t<\/figure>\n\t\t\t\t<div class=\"iconbox-content\">\n\t\t\t<h5>robust stainless steel doors <\/h5>\t\t\t\t\t\t\t\t<\/div>\n\t\t<style>\n\t\t\t\t\t\t\t\t\t\t\t\t\t\t\t\t\t\t\t#thb-iconbox-69ee4d3d22eb0.thb-iconbox .iconbox-image img {\n\t\t\t\t\twidth: 34px;\n\t\t\t\t\theight: auto;\n\t\t\t\t}\n\t\t\t\t\t\t\t\t\t#thb-iconbox-69ee4d3d22eb0.thb-iconbox .iconbox-content h5,\n\t\t\t#thb-iconbox-69ee4d3d22eb0.thb-iconbox figure h5 {\n\t\t\t\tcolor: #ffffff;\n\t\t\t}\n\t\t\t\t\t\t\t\t\t\/* Hover *\/\n\t\t\t\t\t\t\t\t\t\t\t<\/style>\n\t<\/div>\n\t\t<div id=\"thb-iconbox-69ee4d3d22f56\" class=\"thb-iconbox left type2  has-img   animation-true\" href=\"\" target=\"_self\" data-animation_speed=\"1.5\">\n\t\t\t\t<figure>\n\t\t\t\t\t\t\t<div class=\"iconbox-image\">\n\t\t\t\t\t\t\t\t\t\t\t\t\t\t<\/div>\n\t\t\t\t\t\t\t\t\t\t\t<\/figure>\n\t\t\t\t<div class=\"iconbox-content\">\n\t\t\t<h5> possibility of grouping in sets overlapping boxes of various dimensions <\/h5>\t\t\t\t\t\t\t\t<\/div>\n\t\t<style>\n\t\t\t\t\t\t\t\t\t\t\t\t\t\t\t\t\t\t\t#thb-iconbox-69ee4d3d22f56.thb-iconbox .iconbox-image img {\n\t\t\t\t\twidth: 34px;\n\t\t\t\t\theight: auto;\n\t\t\t\t}\n\t\t\t\t\t\t\t\t\t#thb-iconbox-69ee4d3d22f56.thb-iconbox .iconbox-content h5,\n\t\t\t#thb-iconbox-69ee4d3d22f56.thb-iconbox figure h5 {\n\t\t\t\tcolor: #ffffff;\n\t\t\t}\n\t\t\t\t\t\t\t\t\t\/* Hover *\/\n\t\t\t\t\t\t\t\t\t\t\t<\/style>\n\t<\/div>\n\t[\/vc_column_inner][\/vc_row_inner][\/vc_column][\/vc_row][vc_row][vc_column][vc_empty_space height=&#8221;150px&#8221;][\/vc_column][\/vc_row][vc_row][vc_column][vc_column_text]\n<h2 style=\"color: #000000; opacity: 0.38;\">Standard size<br \/>\nboxes available:<\/h2>\n[\/vc_column_text][vc_empty_space height=&#8221;50px&#8221;][\/vc_column][\/vc_row][vc_row][vc_column width=&#8221;1\/2&#8243;][vc_single_image image=&#8221;4179&#8243; img_size=&#8221;full&#8221; alignment=&#8221;center&#8221;][\/vc_column][vc_column width=&#8221;1\/2&#8243;][vc_single_image image=&#8221;4181&#8243; img_size=&#8221;full&#8221; alignment=&#8221;center&#8221;][\/vc_column][\/vc_row][vc_row css=&#8221;.vc_custom_1557140762881{margin-bottom: 10vh !important;}&#8221;][vc_column fixed=&#8221;thb-fixed&#8221; css=&#8221;.vc_custom_1531485361835{padding-right: 20px !important;}&#8221;][vc_row_inner thb_max_width=&#8221;&#8221; css=&#8221;.vc_custom_1531489745384{padding-bottom: 10px !important;}&#8221;][vc_column_inner width=&#8221;1\/3&#8243;]\t<div id=\"thb-iconbox-69ee4d3d23222\" class=\"thb-iconbox left type2     animation-true\" href=\"\" target=\"_self\" data-animation_speed=\"1.5\">\n\t\t\t\t<div class=\"iconbox-content\">\n\t\t\t<h5>385 \u00d7 365 \u00d7 700 mm<\/h5>\t\t\t\t\t\t\t\t<\/div>\n\t\t<style>\n\t\t\t\t\t\t\t\t\t#thb-iconbox-69ee4d3d23222.thb-iconbox h5 {\n\t\t\t  font-size: 28px;\n\t\t\t}\n\t\t\t\t\t\t\t\t\t\t\t\t\t\t\t\t\t\t\t\t\t\/* Hover *\/\n\t\t\t\t\t\t\t\t\t\t\t<\/style>\n\t<\/div>\n\t[\/vc_column_inner][vc_column_inner width=&#8221;1\/3&#8243;]\t<div id=\"thb-iconbox-69ee4d3d23287\" class=\"thb-iconbox left type2     animation-true\" href=\"\" target=\"_self\" data-animation_speed=\"1.5\">\n\t\t\t\t<div class=\"iconbox-content\">\n\t\t\t<h5>550 x 750 x 700 mm<\/h5>\t\t\t\t\t\t\t\t<\/div>\n\t\t<style>\n\t\t\t\t\t\t\t\t\t#thb-iconbox-69ee4d3d23287.thb-iconbox h5 {\n\t\t\t  font-size: 28px;\n\t\t\t}\n\t\t\t\t\t\t\t\t\t\t\t\t\t\t\t\t\t\t\t\t\t\/* Hover *\/\n\t\t\t\t\t\t\t\t\t\t\t<\/style>\n\t<\/div>\n\t[\/vc_column_inner][vc_column_inner width=&#8221;1\/3&#8243;]\t<div id=\"thb-iconbox-69ee4d3d232e3\" class=\"thb-iconbox left type2     animation-true\" href=\"\" target=\"_self\" data-animation_speed=\"1.5\">\n\t\t\t\t<div class=\"iconbox-content\">\n\t\t\t<h5>560 x 560 x 70 mm<\/h5>\t\t\t\t\t\t\t\t<\/div>\n\t\t<style>\n\t\t\t\t\t\t\t\t\t#thb-iconbox-69ee4d3d232e3.thb-iconbox h5 {\n\t\t\t  font-size: 28px;\n\t\t\t}\n\t\t\t\t\t\t\t\t\t\t\t\t\t\t\t\t\t\t\t\t\t\/* Hover *\/\n\t\t\t\t\t\t\t\t\t\t\t<\/style>\n\t<\/div>\n\t[\/vc_column_inner][\/vc_row_inner][vc_row_inner thb_max_width=&#8221;&#8221; css=&#8221;.vc_custom_1531489745384{padding-bottom: 10px !important;}&#8221;][vc_column_inner width=&#8221;1\/3&#8243;]\t<div id=\"thb-iconbox-69ee4d3d2333c\" class=\"thb-iconbox left type2     animation-true\" href=\"\" target=\"_self\" data-animation_speed=\"1.5\">\n\t\t\t\t<div class=\"iconbox-content\">\n\t\t\t<h5>750 x 550 x 500 mm<\/h5>\t\t\t\t\t\t\t\t<\/div>\n\t\t<style>\n\t\t\t\t\t\t\t\t\t#thb-iconbox-69ee4d3d2333c.thb-iconbox h5 {\n\t\t\t  font-size: 28px;\n\t\t\t}\n\t\t\t\t\t\t\t\t\t\t\t\t\t\t\t\t\t\t\t\t\t\/* Hover *\/\n\t\t\t\t\t\t\t\t\t\t\t<\/style>\n\t<\/div>\n\t[\/vc_column_inner][vc_column_inner width=&#8221;1\/3&#8243;]\t<div id=\"thb-iconbox-69ee4d3d23394\" class=\"thb-iconbox left type2     animation-true\" href=\"\" target=\"_self\" data-animation_speed=\"1.5\">\n\t\t\t\t<div class=\"iconbox-content\">\n\t\t\t<h5>783 x 700 x 700 mm<\/h5>\t\t\t\t\t\t\t\t<\/div>\n\t\t<style>\n\t\t\t\t\t\t\t\t\t#thb-iconbox-69ee4d3d23394.thb-iconbox h5 {\n\t\t\t  font-size: 28px;\n\t\t\t}\n\t\t\t\t\t\t\t\t\t\t\t\t\t\t\t\t\t\t\t\t\t\/* Hover *\/\n\t\t\t\t\t\t\t\t\t\t\t<\/style>\n\t<\/div>\n\t[\/vc_column_inner][vc_column_inner width=&#8221;1\/3&#8243;]\t<div id=\"thb-iconbox-69ee4d3d233ea\" class=\"thb-iconbox left type2     animation-true\" href=\"\" target=\"_self\" data-animation_speed=\"1.5\">\n\t\t\t\t<div class=\"iconbox-content\">\n\t\t\t<h5>1050 x700 x 700mm<\/h5>\t\t\t\t\t\t\t\t<\/div>\n\t\t<style>\n\t\t\t\t\t\t\t\t\t#thb-iconbox-69ee4d3d233ea.thb-iconbox h5 {\n\t\t\t  font-size: 28px;\n\t\t\t}\n\t\t\t\t\t\t\t\t\t\t\t\t\t\t\t\t\t\t\t\t\t\/* Hover *\/\n\t\t\t\t\t\t\t\t\t\t\t<\/style>\n\t<\/div>\n\t[\/vc_column_inner][\/vc_row_inner][vc_row_inner thb_max_width=&#8221;&#8221; css=&#8221;.vc_custom_1531489745384{padding-bottom: 10px !important;}&#8221;][vc_column_inner width=&#8221;1\/3&#8243;]\t<div id=\"thb-iconbox-69ee4d3d2343f\" class=\"thb-iconbox left type2     animation-true\" href=\"\" target=\"_self\" data-animation_speed=\"1.5\">\n\t\t\t\t<div class=\"iconbox-content\">\n\t\t\t<h5>1100 x700 x 700 mm<\/h5>\t\t\t\t\t\t\t\t<\/div>\n\t\t<style>\n\t\t\t\t\t\t\t\t\t#thb-iconbox-69ee4d3d2343f.thb-iconbox h5 {\n\t\t\t  font-size: 28px;\n\t\t\t}\n\t\t\t\t\t\t\t\t\t\t\t\t\t\t\t\t\t\t\t\t\t\/* Hover *\/\n\t\t\t\t\t\t\t\t\t\t\t<\/style>\n\t<\/div>\n\t[\/vc_column_inner][vc_column_inner width=&#8221;1\/3&#8243;]\t<div id=\"thb-iconbox-69ee4d3d23493\" class=\"thb-iconbox left type2     animation-true\" href=\"\" target=\"_self\" data-animation_speed=\"1.5\">\n\t\t\t\t<div class=\"iconbox-content\">\n\t\t\t<h5>1200 x 800 x 700 mm<\/h5>\t\t\t\t\t\t\t\t<\/div>\n\t\t<style>\n\t\t\t\t\t\t\t\t\t#thb-iconbox-69ee4d3d23493.thb-iconbox h5 {\n\t\t\t  font-size: 28px;\n\t\t\t}\n\t\t\t\t\t\t\t\t\t\t\t\t\t\t\t\t\t\t\t\t\t\/* Hover *\/\n\t\t\t\t\t\t\t\t\t\t\t<\/style>\n\t<\/div>\n\t[\/vc_column_inner][vc_column_inner width=&#8221;1\/3&#8243;]\t<div id=\"thb-iconbox-69ee4d3d234ea\" class=\"thb-iconbox left type2     animation-true\" href=\"\" target=\"_self\" data-animation_speed=\"1.5\">\n\t\t\t\t<div class=\"iconbox-content\">\n\t\t\t<h5>1780 x700 x 700 mm<\/h5>\t\t\t\t\t\t\t\t<\/div>\n\t\t<style>\n\t\t\t\t\t\t\t\t\t#thb-iconbox-69ee4d3d234ea.thb-iconbox h5 {\n\t\t\t  font-size: 28px;\n\t\t\t}\n\t\t\t\t\t\t\t\t\t\t\t\t\t\t\t\t\t\t\t\t\t\/* Hover *\/\n\t\t\t\t\t\t\t\t\t\t\t<\/style>\n\t<\/div>\n\t[\/vc_column_inner][\/vc_row_inner][vc_empty_space][\/vc_column][\/vc_row][vc_row][vc_column][vc_empty_space height=&#8221;100px&#8221;][\/vc_column][\/vc_row][vc_row thb_full_width=&#8221;true&#8221; thb_row_padding=&#8221;true&#8221; thb_column_padding=&#8221;true&#8221; disable_element=&#8221;yes&#8221; css=&#8221;.vc_custom_1559735910452{margin-bottom: 0px !important;padding-bottom: 0px !important;}&#8221;][vc_column width=&#8221;1\/2&#8243; css=&#8221;.vc_custom_1556878633135{padding-top: 200px !important;padding-right: 200px !important;padding-bottom: 0px !important;padding-left: 280px !important;}&#8221; el_class=&#8221;block_krion&#8221;][vc_column_text]\n<h2 style=\"color: #000000; opacity: 0.38;\">Produto exclusivo e \u00fanico no<br \/>\nmercado internacional!<\/h2>\n<p><span style=\"color: #000;\">Realizamos projetos por medida. Servi\u00e7os de transporte, entrega e aplica\u00e7\u00e3o dispon\u00edveis.<\/span>[\/vc_column_text]\t<a id=\"thb-button-69ee4d3d2353a\" class=\"btn style2 medium  black no-radius animation bottom-to-top   \" href=\"\/contact\/\" target=\"_self\" role=\"button\">\n\t\t\t  <span>FALE CONNOSCO<\/span><\/a>\n    [\/vc_column][vc_column width=&#8221;1\/2&#8243;][vc_single_image image=&#8221;3903&#8243; img_size=&#8221;full&#8221; css=&#8221;.vc_custom_1556876331088{margin-bottom: 0px !important;padding-bottom: 0px !important;}&#8221;][\/vc_column][\/vc_row]\n<\/section>","protected":false},"excerpt":{"rendered":"<p>[vc_row thb_full_width=&#8221;true&#8221; thb_row_padding=&#8221;true&#8221; thb_column_padding=&#8221;true&#8221; thb_scroll_bottom=&#8221;true&#8221; thb_scroll_bottom_style=&#8221;style3&#8243; thb_scroll_bottom_color=&#8221;light&#8221; css=&#8221;.vc_custom_1559750121977{padding-top: 25vh !important;padding-bottom: 22vh !important;background: #181a0b url(https:\/\/www.openstyle.pt\/wp-content\/uploads\/2019\/06\/boxes-em-inox.jpg?id=1655) !important;background-position: center !important;background-repeat: no-repeat !important;background-size: cover !important;}&#8221;][vc_column thb_color=&#8221;thb-light-column&#8221;][vc_row_inner][vc_column_inner][vc_column_text][\/vc_column_text][vc_column_text animation=&#8221;animation bottom-to-top&#8221;] [\/vc_column_text][\/vc_column_inner][\/vc_row_inner][\/vc_column][\/vc_row][vc_row][vc_column][vc_empty_space height=&#8221;100px&#8221;][vc_column_text] In the veterinary hospitalization market for decades [\/vc_column_text][vc_empty_space height=&#8221;50px&#8221;][vc_row_inner thb_max_width=&#8221;&#8221; css=&#8221;.vc_custom_1531489751257{padding-bottom: 10px !important;}&#8221;][vc_column_inner width=&#8221;1\/2&#8243;][vc_empty_space height=&#8221;100px&#8221;][vc_column_text] \u00a0The boxes made of stainless steel are: [\/vc_column_text][\/vc_column_inner][vc_column_inner width=&#8221;1\/2&#8243; css=&#8221;.vc_custom_1564746163820{border-top-width: 2px !important;border-right-width: 2px !important;border-bottom-width:&hellip;<\/p>\n","protected":false},"author":1,"featured_media":0,"parent":0,"menu_order":0,"comment_status":"closed","ping_status":"closed","template":"","meta":{"_mi_skip_tracking":false,"_exactmetrics_sitenote_active":false,"_exactmetrics_sitenote_note":"","_exactmetrics_sitenote_category":0,"footnotes":""},"_links":{"self":[{"href":"https:\/\/www.openstyle.pt\/en\/wp-json\/wp\/v2\/pages\/4173"}],"collection":[{"href":"https:\/\/www.openstyle.pt\/en\/wp-json\/wp\/v2\/pages"}],"about":[{"href":"https:\/\/www.openstyle.pt\/en\/wp-json\/wp\/v2\/types\/page"}],"author":[{"embeddable":true,"href":"https:\/\/www.openstyle.pt\/en\/wp-json\/wp\/v2\/users\/1"}],"replies":[{"embeddable":true,"href":"https:\/\/www.openstyle.pt\/en\/wp-json\/wp\/v2\/comments?post=4173"}],"version-history":[{"count":5,"href":"https:\/\/www.openstyle.pt\/en\/wp-json\/wp\/v2\/pages\/4173\/revisions"}],"predecessor-version":[{"id":4195,"href":"https:\/\/www.openstyle.pt\/en\/wp-json\/wp\/v2\/pages\/4173\/revisions\/4195"}],"wp:attachment":[{"href":"https:\/\/www.openstyle.pt\/en\/wp-json\/wp\/v2\/media?parent=4173"}],"curies":[{"name":"wp","href":"https:\/\/api.w.org\/{rel}","templated":true}]}}